{"id":6260,"date":"2014-12-12T17:00:20","date_gmt":"2014-12-12T16:00:20","guid":{"rendered":"https:\/\/prototo.pl.libenter.one\/?page_id=6260"},"modified":"2019-03-20T12:33:59","modified_gmt":"2019-03-20T11:33:59","slug":"technika-studia-podyplomowe","status":"publish","type":"page","link":"https:\/\/prototo.pl\/?page_id=6260","title":{"rendered":"Technika &#8211; Studia podyplomowe"},"content":{"rendered":"<p>W ramach aktualnej oferty zapraszamy Pa\u0144stwa do skorzystania z oferty studi\u00f3w podyplomowych.<\/p>\n<p>Kierunek studi\u00f3w:<\/p>\n<p><strong><span style=\"text-decoration: underline;\">TECHNIKA Z WYCHOWANIEM KOMUNIKACYJNYM<\/span>&nbsp;\u2013 czas trwania 3 semestry KOSZT 3000 Z\u0141 ZA CA\u0141O\u015a\u0106. <\/strong><\/p>\n<h3><strong>Wymagania formalne<\/strong><\/h3>\n<ul>\n<li>uko\u0144czenie studi\u00f3w licencjackich<\/li>\n<\/ul>\n<h3><strong>Realizacja kierunku<\/strong><\/h3>\n<ul>\n<li>je\u015bli grupa powstanie<\/li>\n<\/ul>\n<h3><strong>Miejsce kierunku studi\u00f3w podyplomowych m.in.:<\/strong><\/h3>\n<ul>\n<li>m.in. Wroc\u0142aw, Jas\u0142o, Krosno, Warszawa, Krak\u00f3w oraz wsz\u0119dzie tam, gdzie powstanie wystarczaj\u0105ca liczba uczestnik\u00f3w<\/li>\n<\/ul>\n<h3><strong>Zapisy na<\/strong><\/h3>\n<p><strong>e-mail: <\/strong><a href=\"mailto:prototo@prototo.pl\"><strong>prototo@prototo.pl<\/strong><\/a><strong><br \/>\ntel.: <\/strong><a href=\"tel:603%20673%20928\"><strong>603 673 928<\/strong><\/a><strong>, <\/strong><a href=\"tel:71%20716%2054%2023\"><strong>71 716 54 23<\/strong><\/a><\/p>\n<p>Na kierunku&nbsp;<strong><span style=\"text-decoration: underline;\">TECHNIKA Z WYCHOWANIEM KOMUNIKACYJNYM<\/span>&nbsp; <\/strong>s\u0105 przekazywane uczestnikom potrzebne materia\u0142y i organizowane s\u0105 wyjazdy pog\u0142\u0119biaj\u0105ce zdobyt\u0105 wiedz\u0119.<\/p>\n<p>&nbsp;<\/p>\n<p>W ramach rozwijania umiej\u0119tno\u015bci i poszerzenia oferty proponowane s\u0105 r\u00f3wnie\u017c warsztaty r\u0119kodzielnicze, na kt\u00f3re serdecznie zapraszamy. Szkolenie przewiduje dzia\u0142 dekoratorski.<\/p>\n<p><strong>Do ko\u0144ca roku Plac\u00f3wka organizuje &nbsp;kursy kwalifikacyjne, szczeg\u00f3\u0142y dost\u0119pne s\u0105 na naszej stronie internetowej <a href=\"prototo.pl\">www.prototo.pl<\/a> <\/strong><\/p>\n<p>Zar\u00f3wno w sprawie studi\u00f3w podyplomowych jak i kurs\u00f3w nale\u017cy kontaktowa\u0107 si\u0119 z <a href=\"mailto:prototo@wp.pl\">prototo@wp.pl<\/a>&nbsp;lub&nbsp;<a href=\"mailto:prototo@prototo.pl\"><strong>prototo@prototo.pl<\/strong><\/a><\/p>\n<p style=\"text-align: justify;\">Podejmuj\u0105c studia podyplomowe nieodzowne jest&nbsp;ksero wszystkich dokument\u00f3w za potwierdzeniem zgodno\u015bci z orygina\u0142em np. w sekretariacie plac\u00f3wki o\u015bwiatowej przes\u0142a\u0107 listownie na adres siedziby i ich skan\u00f3w oraz formularza zg\u0142oszeniowego wype\u0142nionego w rozszerzeniu doc czyli Word, do\u0142\u0105czaj\u0105c do emaila, w podobny spos\u00f3b jak&nbsp;w przypadku kurs\u00f3w kwalifikacyjnych.<\/p>\n<p style=\"text-align: justify;\">Wi\u0119cej informacji mo\u017cna uzyska\u0107 wykorzystuj\u0105c dane zawarte w zak\u0142adce kontakt.<\/p>\n","protected":false},"excerpt":{"rendered":"<p>W ramach aktualnej oferty zapraszamy Pa\u0144stwa do skorzystania z oferty studi\u00f3w podyplomowych. Kierunek studi\u00f3w: TECHNIKA Z WYCHOWANIEM KOMUNIKACYJNYM&nbsp;\u2013 czas trwania 3 semestry KOSZT 3000 Z\u0141 ZA CA\u0141O\u015a\u0106. Wymagania formalne uko\u0144czenie studi\u00f3w licencjackich Realizacja kierunku je\u015bli grupa powstanie Miejsce kierunku studi\u00f3w podyplomowych m.in.: m.in. Wroc\u0142aw, Jas\u0142o, Krosno, Warszawa, Krak\u00f3w oraz wsz\u0119dzie tam, gdzie powstanie wystarczaj\u0105ca liczba [&hellip;]<\/p>\n","protected":false},"author":24,"featured_media":11394,"parent":0,"menu_order":0,"comment_status":"closed","ping_status":"closed","template":"","meta":{"footnotes":""},"class_list":["post-6260","page","type-page","status-publish","has-post-thumbnail","hentry"],"aioseo_notices":[],"_links":{"self":[{"href":"https:\/\/prototo.pl\/index.php?rest_route=\/wp\/v2\/pages\/6260","targetHints":{"allow":["GET"]}}],"collection":[{"href":"https:\/\/prototo.pl\/index.php?rest_route=\/wp\/v2\/pages"}],"about":[{"href":"https:\/\/prototo.pl\/index.php?rest_route=\/wp\/v2\/types\/page"}],"author":[{"embeddable":true,"href":"https:\/\/prototo.pl\/index.php?rest_route=\/wp\/v2\/users\/24"}],"replies":[{"embeddable":true,"href":"https:\/\/prototo.pl\/index.php?rest_route=%2Fwp%2Fv2%2Fcomments&post=6260"}],"version-history":[{"count":3,"href":"https:\/\/prototo.pl\/index.php?rest_route=\/wp\/v2\/pages\/6260\/revisions"}],"predecessor-version":[{"id":12136,"href":"https:\/\/prototo.pl\/index.php?rest_route=\/wp\/v2\/pages\/6260\/revisions\/12136"}],"wp:featuredmedia":[{"embeddable":true,"href":"https:\/\/prototo.pl\/index.php?rest_route=\/wp\/v2\/media\/11394"}],"wp:attachment":[{"href":"https:\/\/prototo.pl\/index.php?rest_route=%2Fwp%2Fv2%2Fmedia&parent=6260"}],"curies":[{"name":"wp","href":"https:\/\/api.w.org\/{rel}","templated":true}]}}