{"id":570,"date":"2011-03-03T17:27:59","date_gmt":"2011-03-03T16:27:59","guid":{"rendered":"https:\/\/prototo.pl.libenter.one\/"},"modified":"2020-03-12T17:54:37","modified_gmt":"2020-03-12T16:54:37","slug":"materialy-do-kursu-zarzadzania-new","status":"publish","type":"page","link":"https:\/\/prototo.pl\/?page_id=570","title":{"rendered":"Materia\u0142y &#8211; kursu zarz\u0105dzanie"},"content":{"rendered":"<p>[fusion_builder_container hundred_percent=&#8221;no&#8221; equal_height_columns=&#8221;no&#8221; menu_anchor=&#8221;&#8221; hide_on_mobile=&#8221;small-visibility,medium-visibility,large-visibility&#8221; class=&#8221;&#8221; id=&#8221;&#8221; background_color=&#8221;&#8221; background_image=&#8221;&#8221; background_position=&#8221;center center&#8221; background_repeat=&#8221;no-repeat&#8221; fade=&#8221;no&#8221; background_parallax=&#8221;none&#8221; parallax_speed=&#8221;0.3&#8243; video_mp4=&#8221;&#8221; video_webm=&#8221;&#8221; video_ogv=&#8221;&#8221; video_url=&#8221;&#8221; video_aspect_ratio=&#8221;16:9&#8243; video_loop=&#8221;yes&#8221; video_mute=&#8221;yes&#8221; overlay_color=&#8221;&#8221; video_preview_image=&#8221;&#8221; border_size=&#8221;&#8221; border_color=&#8221;&#8221; border_style=&#8221;solid&#8221; padding_top=&#8221;&#8221; padding_bottom=&#8221;&#8221; padding_left=&#8221;&#8221; padding_right=&#8221;&#8221;][fusion_builder_row][fusion_builder_column type=&#8221;1_1&#8243; layout=&#8221;1_1&#8243; background_position=&#8221;left top&#8221; background_color=&#8221;&#8221; border_size=&#8221;&#8221; border_color=&#8221;&#8221; border_style=&#8221;solid&#8221; border_position=&#8221;all&#8221; spacing=&#8221;yes&#8221; background_image=&#8221;&#8221; background_repeat=&#8221;no-repeat&#8221; padding_top=&#8221;&#8221; padding_right=&#8221;&#8221; padding_bottom=&#8221;&#8221; padding_left=&#8221;&#8221; margin_top=&#8221;0px&#8221; margin_bottom=&#8221;0px&#8221; class=&#8221;&#8221; id=&#8221;&#8221; animation_type=&#8221;&#8221; animation_speed=&#8221;0.3&#8243; animation_direction=&#8221;left&#8221; hide_on_mobile=&#8221;small-visibility,medium-visibility,large-visibility&#8221; center_content=&#8221;no&#8221; last=&#8221;no&#8221; min_height=&#8221;&#8221; hover_type=&#8221;none&#8221; link=&#8221;&#8221;][fusion_text columns=&#8221;&#8221; column_min_width=&#8221;&#8221; column_spacing=&#8221;&#8221; rule_style=&#8221;default&#8221; rule_size=&#8221;&#8221; rule_color=&#8221;&#8221; hide_on_mobile=&#8221;small-visibility,medium-visibility,large-visibility&#8221; class=&#8221;&#8221; id=&#8221;&#8221; animation_type=&#8221;&#8221; animation_direction=&#8221;left&#8221; animation_speed=&#8221;0.3&#8243; animation_offset=&#8221;&#8221;]<\/p>\n<p>Szanowni Pa\u0144stwo!<\/p>\n<p>Witamy na stronie przeznaczonej dla uczestnik\u00f3w Kursu kwalifikacyjnego dla o\u015bwiatowej kadry kierowniczej. Z tej strony do ko\u0144ca kursu mo\u017cna pobiera\u0107 materia\u0142y realizowane podczas zaj\u0119\u0107. Ponadto znajdziecie tu Pa\u0144stwo dokumenty przekazywane uczestnikom kursu.<\/p>\n<p><span style=\"color: #ff9900;\"><strong><em>Uwaga! Wszystkie materia\u0142y tworzone i przekazywane przez Wyk\u0142adowc\u00f3w PROTOTO s\u0105 chronione prawem autorskim i przeznaczone wy\u0142\u0105cznie do u\u017cytku prywatnego.<\/em><\/strong><\/span><\/p>\n<h3><strong>MATERIA\u0141Y Z ZAJ\u0118\u0106<\/strong><\/h3>\n<ul>\n<li><a href=\"prototo.pl\/wp-content\/uploads\/2011\/03\/Konkurs-na-stanowisko-dyrektora_regulamin.doc\">Konkurs na stanowisko dyrektora_regulamin<\/a><\/li>\n<li><a href=\"prototo.pl\/wp-content\/uploads\/2011\/03\/Ustawa-o-ujawanianiu-informacji-w-dokumentach-organow-bezpieczenstwa-panstwa_2006_10_18.pdf\">Ustawa o ujawanianiu informacji w dokumentach organow bezpieczenstwa panstwa_2006_10_18<\/a><\/li>\n<li><a href=\"prototo.pl\/wp-content\/uploads\/2011\/03\/wzor_informacji_o_zlozeniu_oswiadczenia_.pdf\">Wz\u00f3r_informacji_o_z\u0142o\u017ceniu_o\u015bwiadczenia<\/a><\/li>\n<li><a href=\"prototo.pl\/wp-content\/uploads\/2011\/03\/wzor_oswiadczenia_lustracyjnego.pdf\">Wz\u00f3r_o\u015bwiadczenia_lustracyjnego<\/a><\/li>\n<li><a href=\"prototo.pl\/materialy-do-kursu-zarzadzania\/czym-jest-wizja-1\/\" rel=\"attachment wp-att-5555\">Czym jest wizja-1<\/a><\/li>\n<li><a href=\"prototo.pl\/materialy-do-kursu-zarzadzania\/jak-zorganizowac-planowanie-rozwoju-placowki-4\/\" rel=\"attachment wp-att-5556\">Jak zorganizowa\u0107 planowanie rozwoju plac\u00f3wki-4<\/a><\/li>\n<li><a href=\"prototo.pl\/materialy-do-kursu-zarzadzania\/planowanie-koncepcji-rozwoju-placowki-oswiatowej-2\/\" rel=\"attachment wp-att-5557\">Planowanie koncepcji rozwoju plac\u00f3wki o\u015bwiatowej-2<\/a><\/li>\n<li><a href=\"prototo.pl\/materialy-do-kursu-zarzadzania\/wyklad-3\/\" rel=\"attachment wp-att-5558\">Wyk\u0142ad-3<\/a><\/li>\n<li><a href=\"prototo.pl\/materialy-do-kursu-zarzadzania\/ewaluacja-nowa-dla-sluchaczy\/\" rel=\"attachment wp-att-6082\">Ewaluacja &#8211; nowa &#8211; dla s\u0142uchaczy<\/a><\/li>\n<li><a href=\"prototo.pl\/materialy-do-kursu-zarzadzania\/ewaluacja-komiks-dla-sluchaczy2014\/\" rel=\"attachment wp-att-6083\">EWALUACJA komiks &#8211; dla s\u0142uchaczy2014<\/a><\/li>\n<li><a href=\"prototo.pl\/materialy-do-kursu-zarzadzania\/kierunki-i-koncepcje-zarzadzania-dla-sluchaczy\/\" rel=\"attachment wp-att-6084\">Kierunki i koncepcje zarz\u0105dzania &#8211; dla s\u0142uchaczy<\/a><\/li>\n<li><a href=\"prototo.pl\/materialy-do-kursu-zarzadzania\/kierunki-i-koncepcje-zarzadzania-dla-sluchaczy-2\/\" rel=\"attachment wp-att-6085\">Kierunki i koncepcje zarz\u0105dzania &#8211; dla s\u0142uchaczy<\/a><\/li>\n<li><a href=\"prototo.pl\/materialy-do-kursu-zarzadzania\/kryteria_oceny_pracy_dyrektora-dla-sluchaczy\/\" rel=\"attachment wp-att-6086\">Kryteria_oceny_pracy_dyrektora-dla s\u0142uchaczy<\/a><\/li>\n<li><a href=\"prototo.pl\/materialy-do-kursu-zarzadzania\/ksiega-kompetencji-dyrektora-placowki-dla-sluchaczy-2014\/\" rel=\"attachment wp-att-6087\">Ksi\u0119ga kompetencji dyrektora plac\u00f3wki &#8211; dla s\u0142uchaczy-2014<\/a><\/li>\n<li><a href=\"prototo.pl\/materialy-do-kursu-zarzadzania\/raport-przyklad-1\/\" rel=\"attachment wp-att-6088\">Raport &#8211; przyk\u0142ad 1<\/a> <a href=\"prototo.pl\/materialy-do-kursu-zarzadzania\/raport-przyklad-2\/\" rel=\"attachment wp-att-6089\">Raport &#8211; przyk\u0142ad 2<\/a><\/li>\n<li><a href=\"prototo.pl\/materialy-do-kursu-zarzadzania\/wyklad-inauguracyjny-zarzadzanie-dla-sluchaczy-2014\/\" rel=\"attachment wp-att-6090\">WYK\u0141AD INAUGURACYJNY &#8211; zarzadzanie &#8211; dla s\u0142uchaczy-2014<\/a><\/li>\n<li><a href=\"prototo.pl\/materialy-do-kursu-zarzadzania\/zadania-dyrektora-dla-sluchaczy-2014\/\" rel=\"attachment wp-att-6091\">ZADANIA DYREKTORA &#8211; dla s\u0142uchaczy &#8211; 2014<\/a><\/li>\n<li><a href=\"prototo.pl\/materialy-do-kursu-zarzadzania\/zarzadzenie_org_egz_diag_2014-do-prezentacji\/\" rel=\"attachment wp-att-6092\">Zarz\u0105dzenie_org_egz_diag_2014-do prezentacji<\/a><\/li>\n<\/ul>\n<p>[\/fusion_text][\/fusion_builder_column][\/fusion_builder_row][\/fusion_builder_container]<\/p>\n","protected":false},"excerpt":{"rendered":"<p>[fusion_builder_container hundred_percent=&#8221;no&#8221; equal_height_columns=&#8221;no&#8221; menu_anchor=&#8221;&#8221; hide_on_mobile=&#8221;small-visibility,medium-visibility,large-visibility&#8221; class=&#8221;&#8221; id=&#8221;&#8221; background_color=&#8221;&#8221; background_image=&#8221;&#8221; background_position=&#8221;center center&#8221; background_repeat=&#8221;no-repeat&#8221; fade=&#8221;no&#8221; background_parallax=&#8221;none&#8221; parallax_speed=&#8221;0.3&#8243; video_mp4=&#8221;&#8221; video_webm=&#8221;&#8221; video_ogv=&#8221;&#8221; video_url=&#8221;&#8221; video_aspect_ratio=&#8221;16:9&#8243; video_loop=&#8221;yes&#8221; video_mute=&#8221;yes&#8221; overlay_color=&#8221;&#8221; video_preview_image=&#8221;&#8221; border_size=&#8221;&#8221; border_color=&#8221;&#8221; border_style=&#8221;solid&#8221; padding_top=&#8221;&#8221; padding_bottom=&#8221;&#8221; padding_left=&#8221;&#8221; padding_right=&#8221;&#8221;][fusion_builder_row][fusion_builder_column type=&#8221;1_1&#8243; layout=&#8221;1_1&#8243; background_position=&#8221;left top&#8221; background_color=&#8221;&#8221; border_size=&#8221;&#8221; border_color=&#8221;&#8221; border_style=&#8221;solid&#8221; border_position=&#8221;all&#8221; spacing=&#8221;yes&#8221; background_image=&#8221;&#8221; background_repeat=&#8221;no-repeat&#8221; padding_top=&#8221;&#8221; padding_right=&#8221;&#8221; padding_bottom=&#8221;&#8221; padding_left=&#8221;&#8221; margin_top=&#8221;0px&#8221; margin_bottom=&#8221;0px&#8221; class=&#8221;&#8221; id=&#8221;&#8221; animation_type=&#8221;&#8221; animation_speed=&#8221;0.3&#8243; animation_direction=&#8221;left&#8221; hide_on_mobile=&#8221;small-visibility,medium-visibility,large-visibility&#8221; [&hellip;]<\/p>\n","protected":false},"author":24,"featured_media":0,"parent":0,"menu_order":0,"comment_status":"closed","ping_status":"closed","template":"","meta":{"footnotes":""},"class_list":["post-570","page","type-page","status-publish","hentry"],"aioseo_notices":[],"_links":{"self":[{"href":"https:\/\/prototo.pl\/index.php?rest_route=\/wp\/v2\/pages\/570","targetHints":{"allow":["GET"]}}],"collection":[{"href":"https:\/\/prototo.pl\/index.php?rest_route=\/wp\/v2\/pages"}],"about":[{"href":"https:\/\/prototo.pl\/index.php?rest_route=\/wp\/v2\/types\/page"}],"author":[{"embeddable":true,"href":"https:\/\/prototo.pl\/index.php?rest_route=\/wp\/v2\/users\/24"}],"replies":[{"embeddable":true,"href":"https:\/\/prototo.pl\/index.php?rest_route=%2Fwp%2Fv2%2Fcomments&post=570"}],"version-history":[{"count":3,"href":"https:\/\/prototo.pl\/index.php?rest_route=\/wp\/v2\/pages\/570\/revisions"}],"predecessor-version":[{"id":12473,"href":"https:\/\/prototo.pl\/index.php?rest_route=\/wp\/v2\/pages\/570\/revisions\/12473"}],"wp:attachment":[{"href":"https:\/\/prototo.pl\/index.php?rest_route=%2Fwp%2Fv2%2Fmedia&parent=570"}],"curies":[{"name":"wp","href":"https:\/\/api.w.org\/{rel}","templated":true}]}}