{"id":5354,"date":"2014-05-19T12:16:18","date_gmt":"2014-05-19T10:16:18","guid":{"rendered":"https:\/\/prototo.pl.libenter.one\/?page_id=5354"},"modified":"2020-04-19T17:51:58","modified_gmt":"2020-04-19T15:51:58","slug":"kurs-bibliotekoznawstwa","status":"publish","type":"page","link":"https:\/\/prototo.pl\/?page_id=5354","title":{"rendered":"Kurs &#8211; Bibliotekoznawstwo"},"content":{"rendered":"<p>[fusion_builder_container hundred_percent=&#8221;no&#8221; equal_height_columns=&#8221;no&#8221; menu_anchor=&#8221;&#8221; hide_on_mobile=&#8221;small-visibility,medium-visibility,large-visibility&#8221; class=&#8221;&#8221; id=&#8221;&#8221; background_color=&#8221;&#8221; background_image=&#8221;&#8221; background_position=&#8221;center center&#8221; background_repeat=&#8221;no-repeat&#8221; fade=&#8221;no&#8221; background_parallax=&#8221;none&#8221; parallax_speed=&#8221;0.3&#8243; video_mp4=&#8221;&#8221; video_webm=&#8221;&#8221; video_ogv=&#8221;&#8221; video_url=&#8221;&#8221; video_aspect_ratio=&#8221;16:9&#8243; video_loop=&#8221;yes&#8221; video_mute=&#8221;yes&#8221; overlay_color=&#8221;&#8221; video_preview_image=&#8221;&#8221; border_size=&#8221;&#8221; border_color=&#8221;&#8221; border_style=&#8221;solid&#8221; padding_top=&#8221;&#8221; padding_bottom=&#8221;&#8221; padding_left=&#8221;&#8221; padding_right=&#8221;&#8221;][fusion_builder_row][fusion_builder_column type=&#8221;1_1&#8243; layout=&#8221;1_1&#8243; background_position=&#8221;left top&#8221; background_color=&#8221;&#8221; border_size=&#8221;&#8221; border_color=&#8221;&#8221; border_style=&#8221;solid&#8221; border_position=&#8221;all&#8221; spacing=&#8221;yes&#8221; background_image=&#8221;&#8221; background_repeat=&#8221;no-repeat&#8221; padding_top=&#8221;&#8221; padding_right=&#8221;&#8221; padding_bottom=&#8221;&#8221; padding_left=&#8221;&#8221; margin_top=&#8221;0px&#8221; margin_bottom=&#8221;0px&#8221; class=&#8221;&#8221; id=&#8221;&#8221; animation_type=&#8221;&#8221; animation_speed=&#8221;0.3&#8243; animation_direction=&#8221;left&#8221; hide_on_mobile=&#8221;small-visibility,medium-visibility,large-visibility&#8221; center_content=&#8221;no&#8221; last=&#8221;no&#8221; min_height=&#8221;&#8221; hover_type=&#8221;none&#8221; link=&#8221;&#8221;][fusion_text columns=&#8221;&#8221; column_min_width=&#8221;&#8221; column_spacing=&#8221;&#8221; rule_style=&#8221;default&#8221; rule_size=&#8221;&#8221; rule_color=&#8221;&#8221; hide_on_mobile=&#8221;small-visibility,medium-visibility,large-visibility&#8221; class=&#8221;&#8221; id=&#8221;&#8221; animation_type=&#8221;&#8221; animation_direction=&#8221;left&#8221; animation_speed=&#8221;0.3&#8243; animation_offset=&#8221;&#8221;]<\/p>\n<p>Szanowni Pa\u0144stwo!<\/p>\n<p>Witamy na stronie przeznaczonej dla uczestnik\u00f3w Kursu kwalifikacyjnego z zakresu bibliotekoznawstwa. Z tej strony do ko\u0144ca kursu mo\u017cna pobiera\u0107 materia\u0142y realizowane podczas zaj\u0119\u0107. Ponadto znajdziecie tu Pa\u0144stwo dokumenty przekazywane uczestnikom kursu.<\/p>\n<p>Kurs kwalifikacyjny<strong> BIBLIOTEKOZNAWSTWO<\/strong> &#8211; materia\u0142y:<strong><br \/>\n<\/strong><\/p>\n<ul>\n<li><a href=\"prototo.pl\/kurs-bibliotekoznawstwa\/plan-kursu_egzaminy-i-prace-kontrolne\/\" rel=\"attachment wp-att-5363\">Plan kursu_egzaminy i prace kontrolne<\/a><\/li>\n<li><a href=\"prototo.pl\/kurs-bibliotekoznawstwa\/drgulowskim_biblioterapia-z-wybrana-grupa-uczniow-majacych-problemy-z\/\" rel=\"attachment wp-att-5367\">dr Gulowski.M_Biblioterapia z wybrana grupa uczni\u00f3w maj\u0105cych problemy z<\/a><\/li>\n<li><a href=\"prototo.pl\/kurs-bibliotekoznawstwa\/drgulowskim_biblioterapia-bajki-terapeutyczne\/\" rel=\"attachment wp-att-5368\">dr Gulowski.M_Biblioterapia, bajki terapeutyczne<\/a><\/li>\n<li><a href=\"prototo.pl\/kurs-bibliotekoznawstwa\/drgulowskim_co-oznacza-rysunek\/\" rel=\"attachment wp-att-5369\">dr Gulowski.M_Co oznacza rysunek<\/a><\/li>\n<li><a href=\"prototo.pl\/kurs-bibliotekoznawstwa\/drgulowskim_jak-pracowac-z-gotowymi-scenariuszami\/\" rel=\"attachment wp-att-5370\">dr Gulowski.M_Jak pracowa\u0107 z gotowymi scenariuszami<\/a><\/li>\n<li><a href=\"prototo.pl\/kurs-bibliotekoznawstwa\/drgulowskim_multimedia-w-pedagogice\/\" rel=\"attachment wp-att-5371\">dr Gulowski.M_Multimedia w pedagogice<\/a><\/li>\n<li><a href=\"prototo.pl\/kurs-bibliotekoznawstwa\/drgulowskim_postacie-fobii\/\" rel=\"attachment wp-att-5372\">dr Gulowski.M_postacie fobii<\/a><\/li>\n<li><a href=\"prototo.pl\/kurs-bibliotekoznawstwa\/drgulowskim_socjometria\/\" rel=\"attachment wp-att-5374\">dr Gulowski.M_Socjometria<\/a><\/li>\n<li><a href=\"prototo.pl\/kurs-bibliotekoznawstwa\/drgulowskim_rysunek-rodziny\/\" rel=\"attachment wp-att-5373\">dr Gulowski.M_RYSUNEK RODZINY<\/a><\/li>\n<li><a href=\"prototo.pl\/kurs-bibliotekoznawstwa\/biblioterapia-a-osoby-niepelnosprawne\/\" rel=\"attachment wp-att-5375\">Biblioterapia, a osoby niepe\u0142nosprawne<\/a><\/li>\n<li><a href=\"prototo.pl\/kurs-bibliotekoznawstwa\/profilaktyka-osob-uzaleznionych-od-srodkow-toksycznych\/\" rel=\"attachment wp-att-5377\">Profilaktyka os\u00f3b uzale\u017cnionych od \u015brodk\u00f3w toksycznych<\/a><\/li>\n<li><a href=\"prototo.pl\/kurs-bibliotekoznawstwa\/organizacja-procesu-biblioterapeutycznego\/\" rel=\"attachment wp-att-5376\">Organizacja procesu biblio-terapeutycznego<\/a><\/li>\n<li><a href=\"prototo.pl\/kurs-bibliotekoznawstwa\/warsztat-biblioterapeuty\/\" rel=\"attachment wp-att-5378\">Warsztat biblioterapeuty<\/a><\/li>\n<li><a href=\"prototo.pl\/kurs-bibliotekoznawstwa\/biblioterapia-cele-zasady-funkcja\/\" rel=\"attachment wp-att-5379\">Biblioterapia cele, zasady, funkcja<\/a><\/li>\n<li><a href=\"prototo.pl\/kurs-bibliotekoznawstwa\/drogi-polskiej-ksiazki-do-wspolczesnosci-1989r\/\" rel=\"attachment wp-att-5382\">Drogi polskiej ksi\u0105\u017cki do wsp\u00f3\u0142czesno\u015bci &#8211; 1989r<\/a><\/li>\n<li><a href=\"prototo.pl\/kurs-bibliotekoznawstwa\/viii-polska-xix-wiek\/\" rel=\"attachment wp-att-5381\">VIII Polska XIX wiek<\/a><\/li>\n<li><a href=\"prototo.pl\/kurs-bibliotekoznawstwa\/vii-w-xix-i-xx-wiek\/\" rel=\"attachment wp-att-5380\">VII .w XIX i XX wiek<\/a><\/li>\n<li><a href=\"prototo.pl\/kurs-bibliotekoznawstwa\/historia-ksiazki-w-zarysie\/\" rel=\"attachment wp-att-5383\">Historia ksi\u0105\u017cki w zarysie<\/a><\/li>\n<li><a href=\"prototo.pl\/kurs-bibliotekoznawstwa\/i-pismo\/\" rel=\"attachment wp-att-5384\">I Pismo<\/a><\/li>\n<li><a href=\"prototo.pl\/kurs-bibliotekoznawstwa\/ii-kultura-staroz-wschod\/\" rel=\"attachment wp-att-5385\">II Kultura staroz. wschod<\/a><\/li>\n<li><a href=\"prototo.pl\/kurs-bibliotekoznawstwa\/iii-ksiazka-w-sredniowieczu\/\" rel=\"attachment wp-att-5386\">III Ksi\u0105\u017cka w \u015bredniowieczu<\/a><\/li>\n<li><a href=\"prototo.pl\/kurs-bibliotekoznawstwa\/iv-odrodzenie\/\" rel=\"attachment wp-att-5387\">IV Odrodzenie<\/a><\/li>\n<li><a href=\"prototo.pl\/kurs-bibliotekoznawstwa\/rekopisy-polskich-zabytkow\/\" rel=\"attachment wp-att-5388\">R\u0119kopisy polskich zabytk\u00f3w<\/a><\/li>\n<li><a href=\"prototo.pl\/kurs-bibliotekoznawstwa\/v-ksiazka-w-xvii-wieku-barok\/\" rel=\"attachment wp-att-5389\">V Ksi\u0105\u017cka w XVII wieku &#8211; Barok<\/a><\/li>\n<li><a href=\"prototo.pl\/kurs-bibliotekoznawstwa\/vi-ksiazka-w-okresie-oswiecenia\/\" rel=\"attachment wp-att-5390\">VI Ksi\u0105\u017cka w okresie o\u015bwiecenia<\/a><\/li>\n<li><a href=\"prototo.pl\/kurs-bibliotekoznawstwa\/bariery_informacyjne\/\" rel=\"attachment wp-att-5391\">bariery_informacyjne<\/a><\/li>\n<li><a href=\"prototo.pl\/kurs-bibliotekoznawstwa\/natalia_pamula\/\" rel=\"attachment wp-att-5392\">Natalia_Pamula<\/a><\/li>\n<li><a href=\"prototo.pl\/kurs-bibliotekoznawstwa\/pacek_uwolnic-informacje\/\" rel=\"attachment wp-att-5393\">Pacek_uwolni\u0107 informacj\u0119<\/a><\/li>\n<li><a href=\"prototo.pl\/kurs-bibliotekoznawstwa\/ukryty_web\/\" rel=\"attachment wp-att-5394\">Ukryty_web<\/a><\/li>\n<li><a href=\"prototo.pl\/kurs-bibliotekoznawstwa\/podzial-dokumentow\/\" rel=\"attachment wp-att-5395\">Podzia\u0142 dokument\u00f3w<\/a><\/li>\n<li><a href=\"prototo.pl\/kurs-bibliotekoznawstwa\/oprac_formalne-i-rzeczowe\/\" rel=\"attachment wp-att-5396\">Oprac_formalne i rzeczowe<\/a><\/li>\n<\/ul>\n<p>[\/fusion_text][fusion_button link=&#8221;prototo.pl\/wp-login.php?action=logout&#8221; text_transform=&#8221;&#8221; title=&#8221;&#8221; target=&#8221;_self&#8221; link_attributes=&#8221;&#8221; alignment=&#8221;&#8221; modal=&#8221;&#8221; hide_on_mobile=&#8221;small-visibility,medium-visibility,large-visibility&#8221; class=&#8221;&#8221; id=&#8221;&#8221; color=&#8221;default&#8221; button_gradient_top_color=&#8221;&#8221; button_gradient_bottom_color=&#8221;&#8221; button_gradient_top_color_hover=&#8221;&#8221; button_gradient_bottom_color_hover=&#8221;&#8221; accent_color=&#8221;&#8221; accent_hover_color=&#8221;&#8221; type=&#8221;&#8221; bevel_color=&#8221;&#8221; border_width=&#8221;&#8221; border_radius=&#8221;&#8221; border_color=&#8221;&#8221; border_hover_color=&#8221;&#8221; size=&#8221;&#8221; stretch=&#8221;default&#8221; icon=&#8221;&#8221; icon_position=&#8221;left&#8221; icon_divider=&#8221;no&#8221; animation_type=&#8221;&#8221; animation_direction=&#8221;left&#8221; animation_speed=&#8221;0.3&#8243; animation_offset=&#8221;&#8221;]Wyloguj[\/fusion_button][\/fusion_builder_column][\/fusion_builder_row][\/fusion_builder_container]<\/p>\n","protected":false},"excerpt":{"rendered":"<p>[fusion_builder_container hundred_percent=&#8221;no&#8221; equal_height_columns=&#8221;no&#8221; menu_anchor=&#8221;&#8221; hide_on_mobile=&#8221;small-visibility,medium-visibility,large-visibility&#8221; class=&#8221;&#8221; id=&#8221;&#8221; background_color=&#8221;&#8221; background_image=&#8221;&#8221; background_position=&#8221;center center&#8221; background_repeat=&#8221;no-repeat&#8221; fade=&#8221;no&#8221; background_parallax=&#8221;none&#8221; parallax_speed=&#8221;0.3&#8243; video_mp4=&#8221;&#8221; video_webm=&#8221;&#8221; video_ogv=&#8221;&#8221; video_url=&#8221;&#8221; video_aspect_ratio=&#8221;16:9&#8243; video_loop=&#8221;yes&#8221; video_mute=&#8221;yes&#8221; overlay_color=&#8221;&#8221; video_preview_image=&#8221;&#8221; border_size=&#8221;&#8221; border_color=&#8221;&#8221; border_style=&#8221;solid&#8221; padding_top=&#8221;&#8221; padding_bottom=&#8221;&#8221; padding_left=&#8221;&#8221; padding_right=&#8221;&#8221;][fusion_builder_row][fusion_builder_column type=&#8221;1_1&#8243; layout=&#8221;1_1&#8243; background_position=&#8221;left top&#8221; background_color=&#8221;&#8221; border_size=&#8221;&#8221; border_color=&#8221;&#8221; border_style=&#8221;solid&#8221; border_position=&#8221;all&#8221; spacing=&#8221;yes&#8221; background_image=&#8221;&#8221; background_repeat=&#8221;no-repeat&#8221; padding_top=&#8221;&#8221; padding_right=&#8221;&#8221; padding_bottom=&#8221;&#8221; padding_left=&#8221;&#8221; margin_top=&#8221;0px&#8221; margin_bottom=&#8221;0px&#8221; class=&#8221;&#8221; id=&#8221;&#8221; animation_type=&#8221;&#8221; animation_speed=&#8221;0.3&#8243; animation_direction=&#8221;left&#8221; hide_on_mobile=&#8221;small-visibility,medium-visibility,large-visibility&#8221; [&hellip;]<\/p>\n","protected":false},"author":24,"featured_media":0,"parent":0,"menu_order":0,"comment_status":"closed","ping_status":"closed","template":"","meta":{"footnotes":""},"class_list":["post-5354","page","type-page","status-publish","hentry"],"aioseo_notices":[],"_links":{"self":[{"href":"https:\/\/prototo.pl\/index.php?rest_route=\/wp\/v2\/pages\/5354","targetHints":{"allow":["GET"]}}],"collection":[{"href":"https:\/\/prototo.pl\/index.php?rest_route=\/wp\/v2\/pages"}],"about":[{"href":"https:\/\/prototo.pl\/index.php?rest_route=\/wp\/v2\/types\/page"}],"author":[{"embeddable":true,"href":"https:\/\/prototo.pl\/index.php?rest_route=\/wp\/v2\/users\/24"}],"replies":[{"embeddable":true,"href":"https:\/\/prototo.pl\/index.php?rest_route=%2Fwp%2Fv2%2Fcomments&post=5354"}],"version-history":[{"count":4,"href":"https:\/\/prototo.pl\/index.php?rest_route=\/wp\/v2\/pages\/5354\/revisions"}],"predecessor-version":[{"id":14591,"href":"https:\/\/prototo.pl\/index.php?rest_route=\/wp\/v2\/pages\/5354\/revisions\/14591"}],"wp:attachment":[{"href":"https:\/\/prototo.pl\/index.php?rest_route=%2Fwp%2Fv2%2Fmedia&parent=5354"}],"curies":[{"name":"wp","href":"https:\/\/api.w.org\/{rel}","templated":true}]}}