{"id":5248,"date":"2014-05-07T08:40:20","date_gmt":"2014-05-07T06:40:20","guid":{"rendered":"https:\/\/prototo.pl.libenter.one\/?page_id=5248"},"modified":"2020-03-11T21:29:26","modified_gmt":"2020-03-11T20:29:26","slug":"kurs_przyroda","status":"publish","type":"page","link":"https:\/\/prototo.pl\/?page_id=5248","title":{"rendered":"Kurs &#8211; Przyroda"},"content":{"rendered":"<p>[fusion_builder_container hundred_percent=&#8221;no&#8221; equal_height_columns=&#8221;no&#8221; menu_anchor=&#8221;&#8221; hide_on_mobile=&#8221;small-visibility,medium-visibility,large-visibility&#8221; class=&#8221;&#8221; id=&#8221;&#8221; background_color=&#8221;&#8221; background_image=&#8221;&#8221; background_position=&#8221;center center&#8221; background_repeat=&#8221;no-repeat&#8221; fade=&#8221;no&#8221; background_parallax=&#8221;none&#8221; parallax_speed=&#8221;0.3&#8243; video_mp4=&#8221;&#8221; video_webm=&#8221;&#8221; video_ogv=&#8221;&#8221; video_url=&#8221;&#8221; video_aspect_ratio=&#8221;16:9&#8243; video_loop=&#8221;yes&#8221; video_mute=&#8221;yes&#8221; overlay_color=&#8221;&#8221; video_preview_image=&#8221;&#8221; border_size=&#8221;&#8221; border_color=&#8221;&#8221; border_style=&#8221;solid&#8221; padding_top=&#8221;&#8221; padding_bottom=&#8221;&#8221; padding_left=&#8221;&#8221; padding_right=&#8221;&#8221;][fusion_builder_row][fusion_builder_column type=&#8221;1_1&#8243; layout=&#8221;1_1&#8243; background_position=&#8221;left top&#8221; background_color=&#8221;&#8221; border_size=&#8221;&#8221; border_color=&#8221;&#8221; border_style=&#8221;solid&#8221; border_position=&#8221;all&#8221; spacing=&#8221;yes&#8221; background_image=&#8221;&#8221; background_repeat=&#8221;no-repeat&#8221; padding_top=&#8221;&#8221; padding_right=&#8221;&#8221; padding_bottom=&#8221;&#8221; padding_left=&#8221;&#8221; margin_top=&#8221;0px&#8221; margin_bottom=&#8221;0px&#8221; class=&#8221;&#8221; id=&#8221;&#8221; animation_type=&#8221;&#8221; animation_speed=&#8221;0.3&#8243; animation_direction=&#8221;left&#8221; hide_on_mobile=&#8221;small-visibility,medium-visibility,large-visibility&#8221; center_content=&#8221;no&#8221; last=&#8221;no&#8221; min_height=&#8221;&#8221; hover_type=&#8221;none&#8221; link=&#8221;&#8221;][fusion_text columns=&#8221;&#8221; column_min_width=&#8221;&#8221; column_spacing=&#8221;&#8221; rule_style=&#8221;default&#8221; rule_size=&#8221;&#8221; rule_color=&#8221;&#8221; hide_on_mobile=&#8221;small-visibility,medium-visibility,large-visibility&#8221; class=&#8221;&#8221; id=&#8221;&#8221; animation_type=&#8221;&#8221; animation_direction=&#8221;left&#8221; animation_speed=&#8221;0.3&#8243; animation_offset=&#8221;&#8221;]<\/p>\n<p>Szanowni Pa\u0144stwo!<\/p>\n<p>Witamy na stronie przeznaczonej dla uczestnik\u00f3w Kursu kwalifikacyjnego dla nauczycieli przedmiotu &#8222;Przyroda&#8221;. Z tej strony do ko\u0144ca kursu mo\u017cna pobiera\u0107 materia\u0142y realizowane podczas zaj\u0119\u0107. Ponadto znajdziecie tu Pa\u0144stwo dokumenty przekazywane uczestnikom kursu.<\/p>\n<p style=\"text-align: justify;\"><span style=\"color: #ff9900;\"><strong><em>Uwaga!<br \/>\nWszystkie materia\u0142y tworzone i przekazywane przez Wyk\u0142adowc\u00f3w PROTOTO s\u0105 chronione prawem autorskim i przeznaczone wy\u0142\u0105cznie do u\u017cytku prywatnego.<\/em><\/strong><\/span><\/p>\n<h3><strong>MATERIA\u0141Y<\/strong><\/h3>\n<p><strong>BIOLOGIA<\/strong><\/p>\n<ul>\n<li><a href=\"prototo.pl\/kurs_przyroda\/ewolucja\/\" rel=\"attachment wp-att-5258\">EWOLUCJA<\/a><\/li>\n<li><a href=\"prototo.pl\/kurs_przyroda\/klasyfikacja\/\" rel=\"attachment wp-att-5259\">KLASYFIKACJA<\/a><\/li>\n<li><a href=\"prototo.pl\/kurs_przyroda\/odzywianie-sie-zwierzat\/\" rel=\"attachment wp-att-5260\">OD\u017bYWIANIE SI\u0118 ZWIERZ\u0104T<\/a><\/li>\n<li><a href=\"prototo.pl\/kurs_przyroda\/procesy-biologiczne\/\" rel=\"attachment wp-att-5261\">PROCESY BIOLOGICZNE<\/a><\/li>\n<\/ul>\n<p><strong>CHEMIA<\/strong><\/p>\n<ul>\n<li><a href=\"prototo.pl\/kurs_przyroda\/01-wlasciwosci-substancji\/\" rel=\"attachment wp-att-5262\">01. W\u0142a\u015bciwo\u015bci substancji<\/a><\/li>\n<li><a href=\"prototo.pl\/kurs_przyroda\/02-budowa-substancji_a\/\" rel=\"attachment wp-att-5263\">02. Budowa substancji_a<\/a><\/li>\n<li><a href=\"prototo.pl\/kurs_przyroda\/02-budowa-substancji_b\/\" rel=\"attachment wp-att-5264\">02. Budowa substancji_b<\/a><\/li>\n<li><a href=\"prototo.pl\/kurs_przyroda\/02_cwiczenia_material-uzupelnienie\/\" rel=\"attachment wp-att-5265\">02_\u0106wiczenia_materia\u0142 uzupe\u0142nienie<\/a><\/li>\n<li><a href=\"prototo.pl\/kurs_przyroda\/03-przemiany_reakcje_chemiczne\/\" rel=\"attachment wp-att-5266\">03 Przemiany_reakcje_chemiczne<\/a><\/li>\n<li><a href=\"prototo.pl\/kurs_przyroda\/04-stan-rownowagi-chemicznej\/\" rel=\"attachment wp-att-5267\">04 Stan r\u00f3wnowagi chemicznej<\/a><\/li>\n<li><a href=\"prototo.pl\/kurs_przyroda\/05-chemia-jako-przedmiot-doswiadczalno-teoretyczny\/\" rel=\"attachment wp-att-5268\">05 Chemia jako przedmiot do\u015bwiadczalno teoretyczny<\/a><\/li>\n<li><a href=\"prototo.pl\/kurs_przyroda\/06-podstawy-systematyki-zwiazkow-chemicznych\/\" rel=\"attachment wp-att-5269\">06 Podstawy systematyki zwi\u0105zk\u00f3w chemicznych<\/a><\/li>\n<li><a href=\"prototo.pl\/kurs_przyroda\/07-chemia-zycia-codziennego\/\" rel=\"attachment wp-att-5270\">07 Chemia \u017cycia codziennego<\/a><\/li>\n<li><a href=\"prototo.pl\/kurs_przyroda\/08-problemy-rozwoju-cywilizacji\/\" rel=\"attachment wp-att-5271\">08 Problemy rozwoju cywilizacji<\/a><\/li>\n<\/ul>\n<p><strong>FIZYKA<\/strong><\/p>\n<ul>\n<li><a href=\"prototo.pl\/kurs_przyroda\/1_fizyka_swiat-oczyma-fizyka\/\" rel=\"attachment wp-att-5273\">1_Fizyka_\u015awiat oczyma fizyka<\/a><\/li>\n<li><a href=\"prototo.pl\/kurs_przyroda\/2-1-fizyka_elementy-tworzace-swiat-oddzialywanie\/\" rel=\"attachment wp-att-5274\">2.1 Fizyka_Elementy tworz\u0105ce \u015bwiat. Oddzia\u0142ywanie<\/a><\/li>\n<li><a href=\"prototo.pl\/kurs_przyroda\/2-2-elementy-tworzace-swiat-oddzialywanie_zjawiskacieplne\/\" rel=\"attachment wp-att-5275\">2.2 Elementy tworz\u0105ce \u015bwiat. Oddzia\u0142ywanie_Zjawiska cieplne<\/a><\/li>\n<li><a href=\"prototo.pl\/kurs_przyroda\/2-3-elementy-tworzace-swiat-oddzialywanie\/\" rel=\"attachment wp-att-5276\">2.3 Elementy tworz\u0105ce \u015bwiat. Oddzia\u0142ywanie<\/a><\/li>\n<li><a href=\"prototo.pl\/kurs_przyroda\/2-3-elementy-tworzace-swiat-oddzialywanie-magnetyczne\/\" rel=\"attachment wp-att-5277\">2.3 Elementy tworz\u0105ce \u015bwiat. Oddzia\u0142ywanie magnetyczne<\/a><\/li>\n<li><a href=\"prototo.pl\/kurs_przyroda\/2-3-elementy-tworzace-swiat-oddzialywanie_zjawiska-elektryczne\/\" rel=\"attachment wp-att-5278\">2.3 Elementy tworz\u0105ce \u015bwiat. Oddzia\u0142ywanie_Zjawiska elektryczne<\/a><\/li>\n<li><a href=\"prototo.pl\/kurs_przyroda\/3-1-rownowaga-statyczna-i-dynamiczna-ruch\/\" rel=\"attachment wp-att-5279\">3.1 R\u00f3wnowaga statyczna i dynamiczna. Ruch<\/a><\/li>\n<li><a href=\"prototo.pl\/kurs_przyroda\/3-2-rownowaga-statyczna-i-dynamiczna-sily\/\" rel=\"attachment wp-att-5280\">3.2 R\u00f3wnowaga statyczna i dynamiczna.Si\u0142y<\/a><\/li>\n<li><a href=\"prototo.pl\/kurs_przyroda\/3-3-rownowaga-statyczna-i-dynamiczna-atom-uklad-sloneczny\/\" rel=\"attachment wp-att-5281\">3.3 R\u00f3wnowaga statyczna i dynamiczna.Atom.Uk\u0142ad s\u0142oneczny<\/a><\/li>\n<li><a href=\"prototo.pl\/kurs_przyroda\/4-procesy-falowe-jako-nosniki-energii-i-informacji\/\" rel=\"attachment wp-att-5282\">4. Procesy falowe jako no\u015bniki energii i informacji<\/a><\/li>\n<li><a href=\"prototo.pl\/kurs_przyroda\/5-naturalne-i-sztuczne-zrodla-energii\/\" rel=\"attachment wp-att-5283\">5. Naturalne i sztuczne \u017ar\u00f3d\u0142a energii<\/a><\/li>\n<\/ul>\n<p><strong>GEOGRAFIA<\/strong><\/p>\n<ul>\n<li><a href=\"prototo.pl\/kurs_przyroda\/strefowosc-zycia-na-ziemi\/\" rel=\"attachment wp-att-5504\">Strefowo\u015b\u0107 \u017cycia na Ziemi<\/a><\/li>\n<li><a href=\"prototo.pl\/kurs_przyroda\/srodowisko-geograficzne-a-czlowiek\/\" rel=\"attachment wp-att-5503\">\u015arodowisko geograficzne a cz\u0142owiek<\/a><\/li>\n<li><a href=\"prototo.pl\/kurs_przyroda\/ruch-obiegowy-ziemi\/\" rel=\"attachment wp-att-5502\">Ruch obiegowy Ziemi<\/a><\/li>\n<li><a href=\"prototo.pl\/kurs_przyroda\/pogoda-i-klimat\/\" rel=\"attachment wp-att-5501\">Pogoda i klimat<\/a><\/li>\n<li><a href=\"prototo.pl\/kurs_przyroda\/orientacja-w-terenie-mapa\/\" rel=\"attachment wp-att-5500\">Orientacja w terenie, mapa<\/a><\/li>\n<li><a href=\"prototo.pl\/kurs_przyroda\/odkrycia\/\" rel=\"attachment wp-att-5499\">ODKRYCIA<\/a><\/li>\n<li><a href=\"prototo.pl\/kurs_przyroda\/morza-i-oceany\/\" rel=\"attachment wp-att-5498\">Morza i oceany<\/a><\/li>\n<li><a href=\"prototo.pl\/kurs_przyroda\/krajobrazy-swiata-pustynia-lodowa\/\" rel=\"attachment wp-att-5497\">Krajobrazy \u015bwiata-pustynia lodowa<\/a><\/li>\n<li><a href=\"prototo.pl\/kurs_przyroda\/krajobrazy-swiata-tundra\/\" rel=\"attachment wp-att-5496\">krajobrazy \u015bwiata -tundra<\/a><\/li>\n<li><a href=\"prototo.pl\/kurs_przyroda\/krajobrazy-swiata-tajga\/\" rel=\"attachment wp-att-5495\">Krajobrazy \u015bwiata -tajga<\/a><\/li>\n<li><a href=\"prototo.pl\/kurs_przyroda\/krajobrazy-swiata-stepy\/\" rel=\"attachment wp-att-5494\">Krajobrazy \u015bwiata -stepy<\/a><\/li>\n<li><a href=\"prototo.pl\/kurs_przyroda\/krajobrazy-swiata-sawanna\/\" rel=\"attachment wp-att-5493\">Krajobrazy \u015bwiata -sawanna<\/a><\/li>\n<li><a href=\"prototo.pl\/kurs_przyroda\/krajobrazy-swiata-astrefowy-gorski\/\" rel=\"attachment wp-att-5492\">Krajobrazy \u015bwiata -astrefowy g\u00f3rski<\/a><\/li>\n<li><a href=\"prototo.pl\/kurs_przyroda\/krajobrazy-swiata-lasy-rownikowe\/\" rel=\"attachment wp-att-5491\">Krajobrazy \u015bwiata &#8211; lasy r\u00f3wnikowe<\/a><\/li>\n<li><a href=\"prototo.pl\/kurs_przyroda\/krajobrazy-polski\/\" rel=\"attachment wp-att-5490\">Krajobrazy Polski<\/a><\/li>\n<li><a href=\"prototo.pl\/kurs_przyroda\/krajobraz-naturalny-i-przeksztalcony\/\" rel=\"attachment wp-att-5489\">Krajobraz naturalny i przekszta\u0142cony<\/a><\/li>\n<\/ul>\n<p>[\/fusion_text][\/fusion_builder_column][\/fusion_builder_row][\/fusion_builder_container]<\/p>\n","protected":false},"excerpt":{"rendered":"<p>[fusion_builder_container hundred_percent=&#8221;no&#8221; equal_height_columns=&#8221;no&#8221; menu_anchor=&#8221;&#8221; hide_on_mobile=&#8221;small-visibility,medium-visibility,large-visibility&#8221; class=&#8221;&#8221; id=&#8221;&#8221; background_color=&#8221;&#8221; background_image=&#8221;&#8221; background_position=&#8221;center center&#8221; background_repeat=&#8221;no-repeat&#8221; fade=&#8221;no&#8221; background_parallax=&#8221;none&#8221; parallax_speed=&#8221;0.3&#8243; video_mp4=&#8221;&#8221; video_webm=&#8221;&#8221; video_ogv=&#8221;&#8221; video_url=&#8221;&#8221; video_aspect_ratio=&#8221;16:9&#8243; video_loop=&#8221;yes&#8221; video_mute=&#8221;yes&#8221; overlay_color=&#8221;&#8221; video_preview_image=&#8221;&#8221; border_size=&#8221;&#8221; border_color=&#8221;&#8221; border_style=&#8221;solid&#8221; padding_top=&#8221;&#8221; padding_bottom=&#8221;&#8221; padding_left=&#8221;&#8221; padding_right=&#8221;&#8221;][fusion_builder_row][fusion_builder_column type=&#8221;1_1&#8243; layout=&#8221;1_1&#8243; background_position=&#8221;left top&#8221; background_color=&#8221;&#8221; border_size=&#8221;&#8221; border_color=&#8221;&#8221; border_style=&#8221;solid&#8221; border_position=&#8221;all&#8221; spacing=&#8221;yes&#8221; background_image=&#8221;&#8221; background_repeat=&#8221;no-repeat&#8221; padding_top=&#8221;&#8221; padding_right=&#8221;&#8221; padding_bottom=&#8221;&#8221; padding_left=&#8221;&#8221; margin_top=&#8221;0px&#8221; margin_bottom=&#8221;0px&#8221; class=&#8221;&#8221; id=&#8221;&#8221; animation_type=&#8221;&#8221; animation_speed=&#8221;0.3&#8243; animation_direction=&#8221;left&#8221; hide_on_mobile=&#8221;small-visibility,medium-visibility,large-visibility&#8221; [&hellip;]<\/p>\n","protected":false},"author":24,"featured_media":0,"parent":0,"menu_order":0,"comment_status":"closed","ping_status":"closed","template":"","meta":{"footnotes":""},"class_list":["post-5248","page","type-page","status-publish","hentry"],"aioseo_notices":[],"_links":{"self":[{"href":"https:\/\/prototo.pl\/index.php?rest_route=\/wp\/v2\/pages\/5248","targetHints":{"allow":["GET"]}}],"collection":[{"href":"https:\/\/prototo.pl\/index.php?rest_route=\/wp\/v2\/pages"}],"about":[{"href":"https:\/\/prototo.pl\/index.php?rest_route=\/wp\/v2\/types\/page"}],"author":[{"embeddable":true,"href":"https:\/\/prototo.pl\/index.php?rest_route=\/wp\/v2\/users\/24"}],"replies":[{"embeddable":true,"href":"https:\/\/prototo.pl\/index.php?rest_route=%2Fwp%2Fv2%2Fcomments&post=5248"}],"version-history":[{"count":3,"href":"https:\/\/prototo.pl\/index.php?rest_route=\/wp\/v2\/pages\/5248\/revisions"}],"predecessor-version":[{"id":12465,"href":"https:\/\/prototo.pl\/index.php?rest_route=\/wp\/v2\/pages\/5248\/revisions\/12465"}],"wp:attachment":[{"href":"https:\/\/prototo.pl\/index.php?rest_route=%2Fwp%2Fv2%2Fmedia&parent=5248"}],"curies":[{"name":"wp","href":"https:\/\/api.w.org\/{rel}","templated":true}]}}