{"id":5202,"date":"2014-04-15T18:04:57","date_gmt":"2014-04-15T16:04:57","guid":{"rendered":"https:\/\/prototo.pl.libenter.one\/?page_id=5202"},"modified":"2020-04-17T13:34:15","modified_gmt":"2020-04-17T11:34:15","slug":"logowanie","status":"publish","type":"page","link":"https:\/\/prototo.pl\/?page_id=5202","title":{"rendered":"Logowanie"},"content":{"rendered":"<p>[fusion_builder_container hundred_percent=&#8221;no&#8221; equal_height_columns=&#8221;no&#8221; menu_anchor=&#8221;&#8221; hide_on_mobile=&#8221;small-visibility,medium-visibility,large-visibility&#8221; class=&#8221;&#8221; id=&#8221;&#8221; background_color=&#8221;&#8221; background_image=&#8221;&#8221; background_position=&#8221;center center&#8221; background_repeat=&#8221;no-repeat&#8221; fade=&#8221;no&#8221; background_parallax=&#8221;none&#8221; parallax_speed=&#8221;0.3&#8243; video_mp4=&#8221;&#8221; video_webm=&#8221;&#8221; video_ogv=&#8221;&#8221; video_url=&#8221;&#8221; video_aspect_ratio=&#8221;16:9&#8243; video_loop=&#8221;yes&#8221; video_mute=&#8221;yes&#8221; overlay_color=&#8221;&#8221; video_preview_image=&#8221;&#8221; border_size=&#8221;&#8221; border_color=&#8221;&#8221; border_style=&#8221;solid&#8221; padding_top=&#8221;&#8221; padding_bottom=&#8221;&#8221; padding_left=&#8221;&#8221; padding_right=&#8221;&#8221;][fusion_builder_row][fusion_builder_column type=&#8221;1_1&#8243; layout=&#8221;1_1&#8243; background_position=&#8221;left top&#8221; background_color=&#8221;&#8221; border_size=&#8221;&#8221; border_color=&#8221;&#8221; border_style=&#8221;solid&#8221; border_position=&#8221;all&#8221; spacing=&#8221;yes&#8221; background_image=&#8221;&#8221; background_repeat=&#8221;no-repeat&#8221; padding_top=&#8221;&#8221; padding_right=&#8221;&#8221; padding_bottom=&#8221;&#8221; padding_left=&#8221;&#8221; margin_top=&#8221;0px&#8221; margin_bottom=&#8221;0px&#8221; class=&#8221;&#8221; id=&#8221;&#8221; animation_type=&#8221;&#8221; animation_speed=&#8221;0.3&#8243; animation_direction=&#8221;left&#8221; hide_on_mobile=&#8221;small-visibility,medium-visibility,large-visibility&#8221; center_content=&#8221;no&#8221; last=&#8221;no&#8221; min_height=&#8221;&#8221; hover_type=&#8221;none&#8221; link=&#8221;&#8221;][fusion_builder_row_inner][fusion_builder_column_inner type=&#8221;1_4&#8243; layout=&#8221;1_4&#8243; spacing=&#8221;&#8221; center_content=&#8221;no&#8221; hover_type=&#8221;none&#8221; link=&#8221;&#8221; target=&#8221;_self&#8221; min_height=&#8221;&#8221; hide_on_mobile=&#8221;small-visibility,medium-visibility,large-visibility&#8221; class=&#8221;&#8221; id=&#8221;&#8221; border_size=&#8221;0&#8243; border_color=&#8221;&#8221; border_style=&#8221;solid&#8221; border_position=&#8221;all&#8221; border_radius=&#8221;&#8221; box_shadow=&#8221;no&#8221; dimension_box_shadow=&#8221;&#8221; box_shadow_blur=&#8221;0&#8243; box_shadow_spread=&#8221;0&#8243; box_shadow_color=&#8221;&#8221; box_shadow_style=&#8221;&#8221; padding_top=&#8221;&#8221; padding_right=&#8221;&#8221; padding_bottom=&#8221;&#8221; padding_left=&#8221;&#8221; dimension_margin=&#8221;&#8221; background_type=&#8221;single&#8221; background_color=&#8221;&#8221; gradient_start_color=&#8221;&#8221; gradient_end_color=&#8221;&#8221; gradient_start_position=&#8221;0&#8243; gradient_end_position=&#8221;100&#8243; gradient_type=&#8221;linear&#8221; radial_direction=&#8221;center center&#8221; linear_angle=&#8221;180&#8243; background_image=&#8221;&#8221; background_position=&#8221;left top&#8221; background_repeat=&#8221;no-repeat&#8221; background_blend_mode=&#8221;none&#8221; animation_type=&#8221;&#8221; animation_direction=&#8221;left&#8221; animation_speed=&#8221;0.3&#8243; animation_offset=&#8221;&#8221; filter_type=&#8221;regular&#8221; filter_hue=&#8221;0&#8243; filter_saturation=&#8221;100&#8243; filter_brightness=&#8221;100&#8243; filter_contrast=&#8221;100&#8243; filter_invert=&#8221;0&#8243; filter_sepia=&#8221;0&#8243; filter_opacity=&#8221;100&#8243; filter_blur=&#8221;0&#8243; filter_hue_hover=&#8221;0&#8243; filter_saturation_hover=&#8221;100&#8243; filter_brightness_hover=&#8221;100&#8243; filter_contrast_hover=&#8221;100&#8243; filter_invert_hover=&#8221;0&#8243; filter_sepia_hover=&#8221;0&#8243; filter_opacity_hover=&#8221;100&#8243; filter_blur_hover=&#8221;0&#8243; last=&#8221;no&#8221; element_content=&#8221;&#8221;][\/fusion_builder_column_inner][fusion_builder_column_inner type=&#8221;1_2&#8243; layout=&#8221;1_2&#8243; spacing=&#8221;&#8221; center_content=&#8221;no&#8221; hover_type=&#8221;none&#8221; link=&#8221;&#8221; target=&#8221;_self&#8221; min_height=&#8221;&#8221; hide_on_mobile=&#8221;small-visibility,medium-visibility,large-visibility&#8221; class=&#8221;&#8221; id=&#8221;&#8221; border_size=&#8221;0&#8243; border_color=&#8221;&#8221; border_style=&#8221;solid&#8221; border_position=&#8221;all&#8221; border_radius=&#8221;&#8221; box_shadow=&#8221;no&#8221; dimension_box_shadow=&#8221;&#8221; box_shadow_blur=&#8221;0&#8243; box_shadow_spread=&#8221;0&#8243; box_shadow_color=&#8221;&#8221; box_shadow_style=&#8221;&#8221; padding_top=&#8221;&#8221; padding_right=&#8221;&#8221; padding_bottom=&#8221;&#8221; padding_left=&#8221;&#8221; dimension_margin=&#8221;&#8221; background_type=&#8221;single&#8221; background_color=&#8221;&#8221; gradient_start_color=&#8221;&#8221; gradient_end_color=&#8221;&#8221; gradient_start_position=&#8221;0&#8243; gradient_end_position=&#8221;100&#8243; gradient_type=&#8221;linear&#8221; radial_direction=&#8221;center center&#8221; linear_angle=&#8221;180&#8243; background_image=&#8221;&#8221; background_position=&#8221;left top&#8221; background_repeat=&#8221;no-repeat&#8221; background_blend_mode=&#8221;none&#8221; animation_type=&#8221;&#8221; animation_direction=&#8221;left&#8221; animation_speed=&#8221;0.3&#8243; animation_offset=&#8221;&#8221; filter_type=&#8221;regular&#8221; filter_hue=&#8221;0&#8243; filter_saturation=&#8221;100&#8243; filter_brightness=&#8221;100&#8243; filter_contrast=&#8221;100&#8243; filter_invert=&#8221;0&#8243; filter_sepia=&#8221;0&#8243; filter_opacity=&#8221;100&#8243; filter_blur=&#8221;0&#8243; filter_hue_hover=&#8221;0&#8243; filter_saturation_hover=&#8221;100&#8243; filter_brightness_hover=&#8221;100&#8243; filter_contrast_hover=&#8221;100&#8243; filter_invert_hover=&#8221;0&#8243; filter_sepia_hover=&#8221;0&#8243; filter_opacity_hover=&#8221;100&#8243; filter_blur_hover=&#8221;0&#8243; last=&#8221;no&#8221;][fusion_text columns=&#8221;&#8221; column_min_width=&#8221;&#8221; column_spacing=&#8221;&#8221; rule_style=&#8221;default&#8221; rule_size=&#8221;&#8221; rule_color=&#8221;&#8221; hide_on_mobile=&#8221;small-visibility,medium-visibility,large-visibility&#8221; class=&#8221;&#8221; id=&#8221;&#8221; animation_type=&#8221;&#8221; animation_direction=&#8221;left&#8221; animation_speed=&#8221;0.3&#8243; animation_offset=&#8221;&#8221;]<\/p>\n<p>To jest strefa ograniczonego dost\u0119pu. Aby uzyska\u0107 dost\u0119p do strony prosz\u0119 zalogowa\u0107 si\u0119 korzystaj\u0105c z poni\u017cszego formularza logowania.<\/p>\n<p>[\/fusion_text][fusion_widget_area name=&#8221;avada-custom-sidebar-courses-1&#8243; title_size=&#8221;&#8221; title_color=&#8221;&#8221; background_color=&#8221;&#8221; padding_top=&#8221;&#8221; padding_right=&#8221;&#8221; padding_bottom=&#8221;&#8221; padding_left=&#8221;&#8221; hide_on_mobile=&#8221;small-visibility,medium-visibility,large-visibility&#8221; class=&#8221;&#8221; id=&#8221;&#8221; \/][\/fusion_builder_column_inner][fusion_builder_column_inner type=&#8221;1_4&#8243; layout=&#8221;1_4&#8243; spacing=&#8221;&#8221; center_content=&#8221;no&#8221; hover_type=&#8221;none&#8221; link=&#8221;&#8221; target=&#8221;_self&#8221; min_height=&#8221;&#8221; hide_on_mobile=&#8221;small-visibility,medium-visibility,large-visibility&#8221; class=&#8221;&#8221; id=&#8221;&#8221; border_size=&#8221;0&#8243; border_color=&#8221;&#8221; border_style=&#8221;solid&#8221; border_position=&#8221;all&#8221; border_radius=&#8221;&#8221; box_shadow=&#8221;no&#8221; dimension_box_shadow=&#8221;&#8221; box_shadow_blur=&#8221;0&#8243; box_shadow_spread=&#8221;0&#8243; box_shadow_color=&#8221;&#8221; box_shadow_style=&#8221;&#8221; padding_top=&#8221;&#8221; padding_right=&#8221;&#8221; padding_bottom=&#8221;&#8221; padding_left=&#8221;&#8221; dimension_margin=&#8221;&#8221; background_type=&#8221;single&#8221; background_color=&#8221;&#8221; gradient_start_color=&#8221;&#8221; gradient_end_color=&#8221;&#8221; gradient_start_position=&#8221;0&#8243; gradient_end_position=&#8221;100&#8243; gradient_type=&#8221;linear&#8221; radial_direction=&#8221;center center&#8221; linear_angle=&#8221;180&#8243; background_image=&#8221;&#8221; background_position=&#8221;left top&#8221; background_repeat=&#8221;no-repeat&#8221; background_blend_mode=&#8221;none&#8221; animation_type=&#8221;&#8221; animation_direction=&#8221;left&#8221; animation_speed=&#8221;0.3&#8243; animation_offset=&#8221;&#8221; filter_type=&#8221;regular&#8221; filter_hue=&#8221;0&#8243; filter_saturation=&#8221;100&#8243; filter_brightness=&#8221;100&#8243; filter_contrast=&#8221;100&#8243; filter_invert=&#8221;0&#8243; filter_sepia=&#8221;0&#8243; filter_opacity=&#8221;100&#8243; filter_blur=&#8221;0&#8243; filter_hue_hover=&#8221;0&#8243; filter_saturation_hover=&#8221;100&#8243; filter_brightness_hover=&#8221;100&#8243; filter_contrast_hover=&#8221;100&#8243; filter_invert_hover=&#8221;0&#8243; filter_sepia_hover=&#8221;0&#8243; filter_opacity_hover=&#8221;100&#8243; filter_blur_hover=&#8221;0&#8243; last=&#8221;no&#8221; element_content=&#8221;&#8221;][\/fusion_builder_column_inner][\/fusion_builder_row_inner][\/fusion_builder_column][\/fusion_builder_row][\/fusion_builder_container]<\/p>\n","protected":false},"excerpt":{"rendered":"<p>[fusion_builder_container hundred_percent=&#8221;no&#8221; equal_height_columns=&#8221;no&#8221; menu_anchor=&#8221;&#8221; hide_on_mobile=&#8221;small-visibility,medium-visibility,large-visibility&#8221; class=&#8221;&#8221; id=&#8221;&#8221; background_color=&#8221;&#8221; background_image=&#8221;&#8221; background_position=&#8221;center center&#8221; background_repeat=&#8221;no-repeat&#8221; fade=&#8221;no&#8221; background_parallax=&#8221;none&#8221; parallax_speed=&#8221;0.3&#8243; video_mp4=&#8221;&#8221; video_webm=&#8221;&#8221; video_ogv=&#8221;&#8221; video_url=&#8221;&#8221; video_aspect_ratio=&#8221;16:9&#8243; video_loop=&#8221;yes&#8221; video_mute=&#8221;yes&#8221; overlay_color=&#8221;&#8221; video_preview_image=&#8221;&#8221; border_size=&#8221;&#8221; border_color=&#8221;&#8221; border_style=&#8221;solid&#8221; padding_top=&#8221;&#8221; padding_bottom=&#8221;&#8221; padding_left=&#8221;&#8221; padding_right=&#8221;&#8221;][fusion_builder_row][fusion_builder_column type=&#8221;1_1&#8243; layout=&#8221;1_1&#8243; background_position=&#8221;left top&#8221; background_color=&#8221;&#8221; border_size=&#8221;&#8221; border_color=&#8221;&#8221; border_style=&#8221;solid&#8221; border_position=&#8221;all&#8221; spacing=&#8221;yes&#8221; background_image=&#8221;&#8221; background_repeat=&#8221;no-repeat&#8221; padding_top=&#8221;&#8221; padding_right=&#8221;&#8221; padding_bottom=&#8221;&#8221; padding_left=&#8221;&#8221; margin_top=&#8221;0px&#8221; margin_bottom=&#8221;0px&#8221; class=&#8221;&#8221; id=&#8221;&#8221; animation_type=&#8221;&#8221; animation_speed=&#8221;0.3&#8243; animation_direction=&#8221;left&#8221; hide_on_mobile=&#8221;small-visibility,medium-visibility,large-visibility&#8221; [&hellip;]<\/p>\n","protected":false},"author":24,"featured_media":0,"parent":0,"menu_order":0,"comment_status":"closed","ping_status":"closed","template":"","meta":{"footnotes":""},"class_list":["post-5202","page","type-page","status-publish","hentry"],"aioseo_notices":[],"_links":{"self":[{"href":"https:\/\/prototo.pl\/index.php?rest_route=\/wp\/v2\/pages\/5202","targetHints":{"allow":["GET"]}}],"collection":[{"href":"https:\/\/prototo.pl\/index.php?rest_route=\/wp\/v2\/pages"}],"about":[{"href":"https:\/\/prototo.pl\/index.php?rest_route=\/wp\/v2\/types\/page"}],"author":[{"embeddable":true,"href":"https:\/\/prototo.pl\/index.php?rest_route=\/wp\/v2\/users\/24"}],"replies":[{"embeddable":true,"href":"https:\/\/prototo.pl\/index.php?rest_route=%2Fwp%2Fv2%2Fcomments&post=5202"}],"version-history":[{"count":3,"href":"https:\/\/prototo.pl\/index.php?rest_route=\/wp\/v2\/pages\/5202\/revisions"}],"predecessor-version":[{"id":12509,"href":"https:\/\/prototo.pl\/index.php?rest_route=\/wp\/v2\/pages\/5202\/revisions\/12509"}],"wp:attachment":[{"href":"https:\/\/prototo.pl\/index.php?rest_route=%2Fwp%2Fv2%2Fmedia&parent=5202"}],"curies":[{"name":"wp","href":"https:\/\/api.w.org\/{rel}","templated":true}]}}