{"id":4061,"date":"2013-03-02T07:26:17","date_gmt":"2013-03-02T06:26:17","guid":{"rendered":"https:\/\/prototo.pl.libenter.one\/"},"modified":"2020-03-11T21:18:21","modified_gmt":"2020-03-11T20:18:21","slug":"kurs_pedagog","status":"publish","type":"page","link":"https:\/\/prototo.pl\/?page_id=4061","title":{"rendered":"Kurs &#8211; Pedagogika"},"content":{"rendered":"<p>[fusion_builder_container hundred_percent=&#8221;no&#8221; equal_height_columns=&#8221;no&#8221; menu_anchor=&#8221;&#8221; hide_on_mobile=&#8221;small-visibility,medium-visibility,large-visibility&#8221; class=&#8221;&#8221; id=&#8221;&#8221; background_color=&#8221;&#8221; background_image=&#8221;&#8221; background_position=&#8221;center center&#8221; background_repeat=&#8221;no-repeat&#8221; fade=&#8221;no&#8221; background_parallax=&#8221;none&#8221; parallax_speed=&#8221;0.3&#8243; video_mp4=&#8221;&#8221; video_webm=&#8221;&#8221; video_ogv=&#8221;&#8221; video_url=&#8221;&#8221; video_aspect_ratio=&#8221;16:9&#8243; video_loop=&#8221;yes&#8221; video_mute=&#8221;yes&#8221; overlay_color=&#8221;&#8221; video_preview_image=&#8221;&#8221; border_size=&#8221;&#8221; border_color=&#8221;&#8221; border_style=&#8221;solid&#8221; padding_top=&#8221;&#8221; padding_bottom=&#8221;&#8221; padding_left=&#8221;&#8221; padding_right=&#8221;&#8221;][fusion_builder_row][fusion_builder_column type=&#8221;1_1&#8243; layout=&#8221;1_1&#8243; background_position=&#8221;left top&#8221; background_color=&#8221;&#8221; border_size=&#8221;&#8221; border_color=&#8221;&#8221; border_style=&#8221;solid&#8221; border_position=&#8221;all&#8221; spacing=&#8221;yes&#8221; background_image=&#8221;&#8221; background_repeat=&#8221;no-repeat&#8221; padding_top=&#8221;&#8221; padding_right=&#8221;&#8221; padding_bottom=&#8221;&#8221; padding_left=&#8221;&#8221; margin_top=&#8221;0px&#8221; margin_bottom=&#8221;0px&#8221; class=&#8221;&#8221; id=&#8221;&#8221; animation_type=&#8221;&#8221; animation_speed=&#8221;0.3&#8243; animation_direction=&#8221;left&#8221; hide_on_mobile=&#8221;small-visibility,medium-visibility,large-visibility&#8221; center_content=&#8221;no&#8221; last=&#8221;no&#8221; min_height=&#8221;&#8221; hover_type=&#8221;none&#8221; link=&#8221;&#8221;][fusion_text columns=&#8221;&#8221; column_min_width=&#8221;&#8221; column_spacing=&#8221;&#8221; rule_style=&#8221;default&#8221; rule_size=&#8221;&#8221; rule_color=&#8221;&#8221; hide_on_mobile=&#8221;small-visibility,medium-visibility,large-visibility&#8221; class=&#8221;&#8221; id=&#8221;&#8221; animation_type=&#8221;&#8221; animation_direction=&#8221;left&#8221; animation_speed=&#8221;0.3&#8243; animation_offset=&#8221;&#8221;]<\/p>\n<p>Szanowni Pa\u0144stwo!<\/p>\n<p>Witamy na stronie przeznaczonej dla uczestnik\u00f3w Kursu kwalifikacyjnego z zakresu pedagogiki. Z tej strony do ko\u0144ca kursu mo\u017cna pobiera\u0107 materia\u0142y realizowane podczas zaj\u0119\u0107. Ponadto znajdziecie tu Pa\u0144stwo dokumenty przekazywane uczestnikom kursu.<\/p>\n<p><span style=\"color: #ff9900;\"><strong><em>Uwaga! Wszystkie materia\u0142y tworzone i przekazywane przez Wyk\u0142adowc\u00f3w NPDN PROTOTO s\u0105 chronione prawem autorskim i przeznaczone wy\u0142\u0105cznie do u\u017cytku prywatnego.<\/em><\/strong><\/span><\/p>\n<h3><strong>OG\u0141OSZENIA<\/strong><\/h3>\n<p><em>Og\u0142oszenia podawane s\u0105 od najbardziej aktualnych.<\/em><\/p>\n<p><strong>Przypominamy o przesy\u0142aniu prac zaliczeniowych oraz zaliczaniu praktyk pedagogicznych<\/strong>.<\/p>\n<p>Prosimy o zapoznanie si\u0119 z dokumentami dotycz\u0105cymi praktyk pedagogicznych praz planem prac kontrolnych.<\/p>\n<ul>\n<li><a href=\"prototo.pl\/wp-content\/uploads\/2013\/03\/PROTOTO_Dziennik-praktyk_kurs-pedagog.doc\">PROTOTO_Dziennik praktyk_kurs pedagog<\/a><\/li>\n<li><a href=\"prototo.pl\/kurs_pedagog\/prototo_wskazowki_praktyki-pedagogiczne-2\/\" rel=\"attachment wp-att-6388\">PROTOTO_Wskaz\u00f3wki_praktyki pedagogiczne<\/a><\/li>\n<li><a href=\"prototo.pl\/wp-content\/uploads\/2013\/03\/Kurspedagog_informacja-o-pracach-kontrolnych1.doc\">Kurspedagog_informacja o pracach kontrolnych<\/a><\/li>\n<\/ul>\n<p style=\"text-align: justify;\">Zach\u0119camy do zapoznania si\u0119 z ofert\u0105 czytelni on &#8211; line podr\u0119cznik\u00f3w akademickich i ksi\u0105\u017cek naukowych w j\u0119zyku polskim:\u00a0ibuk.ploraz\u00a0korpo.ibuk.pl<\/p>\n<p style=\"text-align: justify;\">Warunki uko\u0144czenia kursu kwalifikacyjnego i otrzymania za\u015bwiadczenia o uko\u0144czeniu kursu:<\/p>\n<ul style=\"text-align: justify;\">\n<li>oddanie wymaganych dokument\u00f3w,<\/li>\n<li style=\"text-align: justify;\">oddanie i zaliczenie prac,<\/li>\n<li>podpisanie o\u015bwiadcze\u0144 (zgoda na przetwarzanie danych osobowych, o\u015bwiadczenie o samodzielno\u015bci prac kontrolnych),<\/li>\n<li>obecno\u015b\u0107 podczas zaj\u0119\u0107.<\/li>\n<\/ul>\n<p style=\"text-align: justify;\">1.03.2013 &#8211; Uprzejmie prosimy o przekazanie nam za po\u015brednictwem poczty dokument\u00f3w wymaganych na kursie. Prosz\u0119 do\u0142\u0105czy\u0107 r\u00f3wnie\u017c o\u015bwiadczenie o przetwarzaniu danych osobowych &#8211; podczas najbli\u017cszych zaj\u0119\u0107. Adres w dziale Kontakt (ul. Kozanowska).<\/p>\n<h3><strong>DOKUMENTY R\u00d3\u017bNE<\/strong><\/h3>\n<ul>\n<li style=\"text-align: justify;\"><a href=\"prototo.pl\/wp-content\/uploads\/2011\/10\/Oswiadczenie-o-samodzielnosci-prac-kontrolnych.doc\">Oswiadczenie o samodzielnosci prac kontrolnych<\/a><\/li>\n<li style=\"text-align: justify;\"><a href=\"prototo.pl\/wp-content\/uploads\/2013\/03\/Konspekt_wzor.doc\">Konspekt_wzor<\/a><\/li>\n<li style=\"text-align: justify;\"><a href=\"prototo.pl\/wp-content\/uploads\/2013\/03\/PROTOTO_Dziennik-praktyk_kurs-pedagog.doc\">PROTOTO_Dziennik praktyk_kurs pedagog<\/a><\/li>\n<li style=\"text-align: justify;\"><a href=\"prototo.pl\/wp-content\/uploads\/2013\/03\/PROTOTO_Wskaz\u00f3wki_praktyki-pedagogiczne.doc\">PROTOTO_Wskaz\u00f3wki_praktyki pedagogiczne<\/a><\/li>\n<\/ul>\n<h3><strong>MATERIA\u0141Y Z ZAJ\u0118\u0106<\/strong><\/h3>\n<ul>\n<li><a href=\"prototo.pl\/wp-content\/uploads\/2013\/03\/USTAWA-O-SYSTEMIE-O\u015aWIATY_2012_07.pdf\">USTAWA O SYSTEMIE O\u015aWIATY_2012_07<\/a><\/li>\n<li><a href=\"prototo.pl\/wp-content\/uploads\/2013\/03\/KARTA-NAUCZYCIELA_2012_07.pdf\">KARTA NAUCZYCIELA_2012_07<\/a><\/li>\n<li><a href=\"prototo.pl\/wp-content\/uploads\/2013\/03\/GadowiczJ_Metodyka_Celeksztalcenia_01.pdf\">GadowiczJ_Metodyka_Celeksztalcenia_01<\/a><\/li>\n<li><a href=\"prototo.pl\/wp-content\/uploads\/2013\/03\/GadowiczJ_Metodyka_Celeksztalcenia_02.pdf\">GadowiczJ_Metodyka_Celeksztalcenia_02<\/a><\/li>\n<li><a href=\"prototo.pl\/wp-content\/uploads\/2013\/03\/TRE\u015aCI-NAUCZANIA.ppt\">TRE\u015aCI NAUCZANIA<\/a><\/li>\n<li><a href=\"prototo.pl\/wp-content\/uploads\/2013\/03\/Planowanie-zajec_2.pdf\">Planowanie zajec_2<\/a><\/li>\n<li><a href=\"prototo.pl\/wp-content\/uploads\/2013\/03\/Planowanie-zajec_3.pdf\">Planowanie zajec_3<\/a><\/li>\n<li><a href=\"prototo.pl\/wp-content\/uploads\/2013\/03\/Systematyka-Blooma-1956-i-taksonomiczne-ko\u0142o.doc\">Systematyka Blooma (1956) i taksonomiczne ko\u0142o<\/a><\/li>\n<li><a href=\"prototo.pl\/wp-content\/uploads\/2013\/03\/Brak-pomocy-uczniom-z-dyslekcj\u0105.pdf\">Brak pomocy uczniom z dyslekcj\u0105<\/a><\/li>\n<li><a href=\"prototo.pl\/wp-content\/uploads\/2013\/03\/BUDOWANIE-AKTYWNO\u015aCI-EDUKACYJNEJ-UCZNIA.pdf\">BUDOWANIE AKTYWNO\u015aCI EDUKACYJNEJ UCZNIA<\/a><\/li>\n<li><a href=\"prototo.pl\/wp-content\/uploads\/2013\/03\/GrabowskiM_Klasa-jako-grupa-spo\u0142eczna.pdf\">GrabowskiM_Klasa jako grupa spo\u0142eczna<\/a><\/li>\n<li><a href=\"prototo.pl\/wp-content\/uploads\/2013\/03\/GrabowskiM_Komunikacja-w-szkole.pdf\">GrabowskiM_Komunikacja w szkole<\/a><\/li>\n<li><a href=\"prototo.pl\/wp-content\/uploads\/2013\/03\/JGGadowiczJopsychologia_Psychologia_rozwojowa_01.pdf\">JGGadowiczJopsychologia_Psychologia_rozwojowa_01<\/a><\/li>\n<li><a href=\"prototo.pl\/wp-content\/uploads\/2013\/03\/Komputer-jako-srodek-nauczania.doc\">Komputer jako srodek nauczania<\/a><\/li>\n<li><a href=\"prototo.pl\/wp-content\/uploads\/2013\/03\/SRODKI-DYDAKTYCZNE.ppt\">SRODKI DYDAKTYCZNE<\/a><\/li>\n<li><a href=\"prototo.pl\/wp-content\/uploads\/2013\/03\/OPINIA-PPP.pdf\">OPINIA PPP<\/a><\/li>\n<li><a href=\"prototo.pl\/wp-content\/uploads\/2013\/03\/UCZE\u0143-Z-INTELIGENCJ\u0104-NI\u017bSZA-NIZ-PRZECI\u0118TNA.pdf\">UCZE\u0143 Z INTELIGENCJ\u0104 NI\u017bSZA NIZ PRZECI\u0118TNA<\/a><\/li>\n<li><a href=\"prototo.pl\/wp-content\/uploads\/2013\/03\/UCZNIOWIE-O-SPECJ.POTRZEBACH.pdf\">UCZNIOWIE O SPECJ.POTRZEBACH<\/a><\/li>\n<li><a href=\"prototo.pl\/wp-content\/uploads\/2013\/03\/dysleksja-rozwojowa1.ppt\">Dysleksja rozwojowa(1)<\/a><\/li>\n<li><a href=\"prototo.pl\/wp-content\/uploads\/2013\/03\/dysleksja.przedmioty.doc\">Dysleksja.przedmioty<\/a><\/li>\n<li><a href=\"prototo.pl\/wp-content\/uploads\/2013\/03\/m\u0142odszy-wiek-szkolny-7-10-lat.pdf\">M\u0142odszy wiek szkolny 7-10 lat<\/a><\/li>\n<li><a href=\"prototo.pl\/wp-content\/uploads\/2013\/03\/nadpobudliwo\u015b\u0107-psychoruchowa.ppt\">Nadpobudliwo\u015b\u0107 psychoruchowa<\/a><\/li>\n<li><a href=\"prototo.pl\/wp-content\/uploads\/2013\/03\/niepowodzenia-szkolne.ppt\">Niepowodzenia szkolne<\/a><\/li>\n<li><a href=\"prototo.pl\/wp-content\/uploads\/2013\/03\/OPINIA-ppp.ppt\">OPINIA ppp<\/a><\/li>\n<li><a href=\"prototo.pl\/wp-content\/uploads\/2013\/03\/powy\u0139zej-10-lat.pdf\">Powy\u017cszej 10 lat<\/a><\/li>\n<li><a href=\"prototo.pl\/wp-content\/uploads\/2013\/03\/symptomy-dysleksji-6-7-lat.pdf\">Symptomy dysleksji 6-7 lat<\/a><\/li>\n<li><a href=\"prototo.pl\/wp-content\/uploads\/2013\/03\/symptomy-dysleksji-u-gimnazjalist\u0102lw-i-uczni\u0102lw-sz.ponadgim..pdf\">Symptomy dysleksji u gimnazjalist\u00f3w i uczni\u00f3w sz.ponadgim.<\/a><\/li>\n<li><a href=\"prototo.pl\/wp-content\/uploads\/2013\/03\/ucze\u0139\u201e-z-obni\u0139zon\u00c4\u2026-sprawno\u0139\u203aci\u00c4\u2026-intelektualn\u00c4\u2026.ppt\">Ucze\u0144 z obni\u017con\u0105 sprawno\u015bci\u0105 intelektualn\u0105<\/a><\/li>\n<\/ul>\n<p>[\/fusion_text][\/fusion_builder_column][\/fusion_builder_row][\/fusion_builder_container]<\/p>\n","protected":false},"excerpt":{"rendered":"<p>[fusion_builder_container hundred_percent=&#8221;no&#8221; equal_height_columns=&#8221;no&#8221; menu_anchor=&#8221;&#8221; hide_on_mobile=&#8221;small-visibility,medium-visibility,large-visibility&#8221; class=&#8221;&#8221; id=&#8221;&#8221; background_color=&#8221;&#8221; background_image=&#8221;&#8221; background_position=&#8221;center center&#8221; background_repeat=&#8221;no-repeat&#8221; fade=&#8221;no&#8221; background_parallax=&#8221;none&#8221; parallax_speed=&#8221;0.3&#8243; video_mp4=&#8221;&#8221; video_webm=&#8221;&#8221; video_ogv=&#8221;&#8221; video_url=&#8221;&#8221; video_aspect_ratio=&#8221;16:9&#8243; video_loop=&#8221;yes&#8221; video_mute=&#8221;yes&#8221; overlay_color=&#8221;&#8221; video_preview_image=&#8221;&#8221; border_size=&#8221;&#8221; border_color=&#8221;&#8221; border_style=&#8221;solid&#8221; padding_top=&#8221;&#8221; padding_bottom=&#8221;&#8221; padding_left=&#8221;&#8221; padding_right=&#8221;&#8221;][fusion_builder_row][fusion_builder_column type=&#8221;1_1&#8243; layout=&#8221;1_1&#8243; background_position=&#8221;left top&#8221; background_color=&#8221;&#8221; border_size=&#8221;&#8221; border_color=&#8221;&#8221; border_style=&#8221;solid&#8221; border_position=&#8221;all&#8221; spacing=&#8221;yes&#8221; background_image=&#8221;&#8221; background_repeat=&#8221;no-repeat&#8221; padding_top=&#8221;&#8221; padding_right=&#8221;&#8221; padding_bottom=&#8221;&#8221; padding_left=&#8221;&#8221; margin_top=&#8221;0px&#8221; margin_bottom=&#8221;0px&#8221; class=&#8221;&#8221; id=&#8221;&#8221; animation_type=&#8221;&#8221; animation_speed=&#8221;0.3&#8243; animation_direction=&#8221;left&#8221; hide_on_mobile=&#8221;small-visibility,medium-visibility,large-visibility&#8221; [&hellip;]<\/p>\n","protected":false},"author":24,"featured_media":0,"parent":0,"menu_order":0,"comment_status":"closed","ping_status":"closed","template":"","meta":{"footnotes":""},"class_list":["post-4061","page","type-page","status-publish","hentry"],"aioseo_notices":[],"_links":{"self":[{"href":"https:\/\/prototo.pl\/index.php?rest_route=\/wp\/v2\/pages\/4061","targetHints":{"allow":["GET"]}}],"collection":[{"href":"https:\/\/prototo.pl\/index.php?rest_route=\/wp\/v2\/pages"}],"about":[{"href":"https:\/\/prototo.pl\/index.php?rest_route=\/wp\/v2\/types\/page"}],"author":[{"embeddable":true,"href":"https:\/\/prototo.pl\/index.php?rest_route=\/wp\/v2\/users\/24"}],"replies":[{"embeddable":true,"href":"https:\/\/prototo.pl\/index.php?rest_route=%2Fwp%2Fv2%2Fcomments&post=4061"}],"version-history":[{"count":3,"href":"https:\/\/prototo.pl\/index.php?rest_route=\/wp\/v2\/pages\/4061\/revisions"}],"predecessor-version":[{"id":12458,"href":"https:\/\/prototo.pl\/index.php?rest_route=\/wp\/v2\/pages\/4061\/revisions\/12458"}],"wp:attachment":[{"href":"https:\/\/prototo.pl\/index.php?rest_route=%2Fwp%2Fv2%2Fmedia&parent=4061"}],"curies":[{"name":"wp","href":"https:\/\/api.w.org\/{rel}","templated":true}]}}