{"id":3912,"date":"2013-02-06T17:13:54","date_gmt":"2013-02-06T16:13:54","guid":{"rendered":"https:\/\/prototo.pl.libenter.one\/"},"modified":"2020-03-12T17:48:37","modified_gmt":"2020-03-12T16:48:37","slug":"kurs_tyflo","status":"publish","type":"page","link":"https:\/\/prototo.pl\/?page_id=3912","title":{"rendered":"Kurs &#8211; Tyflopedagogika"},"content":{"rendered":"<p>[fusion_builder_container hundred_percent=&#8221;no&#8221; equal_height_columns=&#8221;no&#8221; menu_anchor=&#8221;&#8221; hide_on_mobile=&#8221;small-visibility,medium-visibility,large-visibility&#8221; class=&#8221;&#8221; id=&#8221;&#8221; background_color=&#8221;&#8221; background_image=&#8221;&#8221; background_position=&#8221;center center&#8221; background_repeat=&#8221;no-repeat&#8221; fade=&#8221;no&#8221; background_parallax=&#8221;none&#8221; parallax_speed=&#8221;0.3&#8243; video_mp4=&#8221;&#8221; video_webm=&#8221;&#8221; video_ogv=&#8221;&#8221; video_url=&#8221;&#8221; video_aspect_ratio=&#8221;16:9&#8243; video_loop=&#8221;yes&#8221; video_mute=&#8221;yes&#8221; overlay_color=&#8221;&#8221; video_preview_image=&#8221;&#8221; border_size=&#8221;&#8221; border_color=&#8221;&#8221; border_style=&#8221;solid&#8221; padding_top=&#8221;&#8221; padding_bottom=&#8221;&#8221; padding_left=&#8221;&#8221; padding_right=&#8221;&#8221;][fusion_builder_row][fusion_builder_column type=&#8221;1_1&#8243; layout=&#8221;1_1&#8243; background_position=&#8221;left top&#8221; background_color=&#8221;&#8221; border_size=&#8221;&#8221; border_color=&#8221;&#8221; border_style=&#8221;solid&#8221; border_position=&#8221;all&#8221; spacing=&#8221;yes&#8221; background_image=&#8221;&#8221; background_repeat=&#8221;no-repeat&#8221; padding_top=&#8221;&#8221; padding_right=&#8221;&#8221; padding_bottom=&#8221;&#8221; padding_left=&#8221;&#8221; margin_top=&#8221;0px&#8221; margin_bottom=&#8221;0px&#8221; class=&#8221;&#8221; id=&#8221;&#8221; animation_type=&#8221;&#8221; animation_speed=&#8221;0.3&#8243; animation_direction=&#8221;left&#8221; hide_on_mobile=&#8221;small-visibility,medium-visibility,large-visibility&#8221; center_content=&#8221;no&#8221; last=&#8221;no&#8221; min_height=&#8221;&#8221; hover_type=&#8221;none&#8221; link=&#8221;&#8221;][fusion_text columns=&#8221;&#8221; column_min_width=&#8221;&#8221; column_spacing=&#8221;&#8221; rule_style=&#8221;default&#8221; rule_size=&#8221;&#8221; rule_color=&#8221;&#8221; hide_on_mobile=&#8221;small-visibility,medium-visibility,large-visibility&#8221; class=&#8221;&#8221; id=&#8221;&#8221; animation_type=&#8221;&#8221; animation_direction=&#8221;left&#8221; animation_speed=&#8221;0.3&#8243; animation_offset=&#8221;&#8221;]<\/p>\n<p>Szanowni Pa\u0144stwo!<\/p>\n<p>Witamy na stronie przeznaczonej dla uczestnik\u00f3w Kursu kwalifikacyjnego z zakresu tyflopedagogiki. Z tej strony do ko\u0144ca kursu mo\u017cna pobiera\u0107 materia\u0142y realizowane podczas zaj\u0119\u0107. Ponadto znajdziecie tu Pa\u0144stwo dokumenty przekazywane uczestnikom kursu.<\/p>\n<p><span style=\"color: #ff9900;\"><strong><em>Uwaga! Wszystkie materia\u0142y tworzone i przekazywane przez Wyk\u0142adowc\u00f3w NPDN PROTOTO s\u0105 chronione prawem autorskim i przeznaczone wy\u0142\u0105cznie do u\u017cytku prywatnego.<\/em><\/strong><\/span><\/p>\n<h3><strong>MATERIA\u0141Y Z ZAJ\u0118\u0106<\/strong><\/h3>\n<p><strong>PEDAGOGIKA SPECJALNA <\/strong>(wszystkie)<\/p>\n<ul>\n<li><a href=\"prototo.pl\/wp-content\/uploads\/2013\/01\/Pedagogika-specjalna_wprowadzenie.pdf\">Pedagogika specjalna_wprowadzenie<\/a><\/li>\n<li><a href=\"prototo.pl\/wp-content\/uploads\/2013\/01\/MARIA-GRZEGORZEWSKA.pdf\">MARIA GRZEGORZEWSKA<\/a><\/li>\n<li><a href=\"prototo.pl\/wp-content\/uploads\/2013\/01\/Karta-praw-osob-niepelnosprawnych.doc\">Karta praw osob niepelnosprawnych<\/a><\/li>\n<li><a href=\"prototo.pl\/wp-content\/uploads\/2013\/01\/Pedagogika-specjalna_nauki-wspomagajace.doc\">Pedagogika specjalna_nauki wspomagajace<\/a><\/li>\n<li><a href=\"prototo.pl\/wp-content\/uploads\/2013\/01\/Pedagogika-specjalna_Prawa-osob-niepelnosprawnych.doc\">Pedagogika specjalna_Prawa osob niepelnosprawnych<\/a><\/li>\n<li><a href=\"prototo.pl\/wp-content\/uploads\/2013\/01\/Pedagogika-specjalna_Zasady-edukacji-i-rehabilitacji.doc\">Pedagogika specjalna_Zasady edukacji i rehabilitacji<\/a><\/li>\n<li><a href=\"prototo.pl\/wp-content\/uploads\/2013\/01\/Pedagogika-specjalna_Zmiana-podejsc-do-uposledzonego-wg-Mrugalskiej.doc\">Pedagogika specjalna_Zmiana podejsc do uposledzonego wg Mrugalskiej<\/a><\/li>\n<li><a href=\"prototo.pl\/wp-content\/uploads\/2013\/01\/Jak-zachowac-sie-wobec-osob-niepelnosprawnych.pdf\">Jak zachowac sie wobec osob niepelnosprawnych<\/a><\/li>\n<li><a href=\"prototo.pl\/wp-content\/uploads\/2013\/01\/System-ksztalcenia-osob-niepelnosprawnych-w-Polsce.pdf\">System ksztalcenia osob niepelnosprawnych w Polsce<\/a><\/li>\n<li><a href=\"prototo.pl\/wp-content\/uploads\/2013\/01\/ORE_Arkusz-indywidualnego-programu-edukacyjno-terapeutycznego.doc\">ORE_Arkusz indywidualnego programu edukacyjno-terapeutycznego<\/a><\/li>\n<li><a href=\"prototo.pl\/wp-content\/uploads\/2013\/01\/Za-i-przeciw-integracji-wg-nauczyciela.doc\">Za i przeciw integracji wg nauczyciela<\/a><\/li>\n<li><a href=\"prototo.pl\/wp-content\/uploads\/2013\/01\/Rewalidacja-niewidomych-i-niedowidz%C4%85cych.pdf\">Rewalidacja niewidomych i niedowidz\u0105cych<\/a><\/li>\n<li><a href=\"prototo.pl\/wp-content\/uploads\/2013\/01\/REWALIDACJA-G%C5%81UCHYCH.pdf\">REWALIDACJA G\u0141UCHYCH<\/a><\/li>\n<li><a href=\"prototo.pl\/wp-content\/uploads\/2013\/01\/REWALIDACJA-intelekt..pdf\">REWALIDACJA intelekt.<\/a><\/li>\n<li><a href=\"prototo.pl\/wp-content\/uploads\/2013\/01\/JAK-ZACHOWAC-SIE-O.NIES%C5%81YSZ%C4%84CE.pdf\">JAK ZACHOWAC SIE O.NIES\u0141YSZ\u0104CE<\/a><\/li>\n<li><a href=\"prototo.pl\/wp-content\/uploads\/2013\/01\/JAK-ZACHOWAC-SIE-niep.int_..pdf\">JAK ZACHOWAC SIE niep.int.<\/a><\/li>\n<li><a href=\"prototo.pl\/wp-content\/uploads\/2013\/01\/REWALIDACJA-PRZEWLEKLE-CHORYCH.pdf\">REWALIDACJA PRZEWLEKLE CHORYCH<\/a><\/li>\n<li><a href=\"prototo.pl\/wp-content\/uploads\/2013\/01\/PROBLEMATYKA-NIEDOSTOSOWANIA-SPO%C5%81ECZNEGO.pdf\">PROBLEMATYKA NIEDOSTOSOWANIA SPO\u0141ECZNEGO<\/a>\n<ul>\n<li><a href=\"prototo.pl\/wp-content\/uploads\/2013\/01\/dziecko-z-adhd-w-szkole-i-przedszkolu.pdf\">dziecko z adhd w szkole i przedszkolu<\/a><\/li>\n<li><a href=\"prototo.pl\/wp-content\/uploads\/2013\/01\/dziecko-z-autyzmem-i-zespoem-aspergera-w-szkole-i-przedszkolu.pdf\">dziecko z autyzmem i zespoem aspergera w szkole i przedszkolu<\/a><\/li>\n<li><a href=\"prototo.pl\/wp-content\/uploads\/2013\/01\/dziecko-z-depresj-w-szkole-i-przedszkolu.pdf\">dziecko z depresj w szkole i przedszkolu<\/a><\/li>\n<li><a href=\"prototo.pl\/wp-content\/uploads\/2013\/01\/dziecko-z-padaczk-w-szkole-i-przedszkolu.pdf\">dziecko z padaczk w szkole i przedszkolu<\/a><\/li>\n<li><a href=\"prototo.pl\/wp-content\/uploads\/2013\/01\/dziecko-z-zaburzeniami-lkowymi-w-szkole-i-przedszkolu.pdf\">dziecko z zaburzeniami lkowymi w szkole i przedszkolu<\/a><\/li>\n<li><a href=\"prototo.pl\/wp-content\/uploads\/2013\/01\/dziecko-z-zaburzeniami-odywiania-w-szkole-i-przedszkolu.pdf\">dziecko z zaburzeniami odywiania w szkole i przedszkolu<\/a><\/li>\n<li><a href=\"prototo.pl\/wp-content\/uploads\/2013\/01\/dziecko-z-zaburzeniami-psychotycznymi-w-szkole.pdf\">dziecko z zaburzeniami psychotycznymi w szkole<\/a><\/li>\n<li><a href=\"prototo.pl\/wp-content\/uploads\/2013\/01\/dziecko-z-zaburzeniami-tikowymi-w-szkole-i-przedszkolu.pdf\">dziecko z zaburzeniami tikowymi w szkole i przedszkolu<\/a><\/li>\n<\/ul>\n<\/li>\n<li style=\"color: #000000; font-family: Georgia, 'Times New Roman', 'Bitstream Charter', Times, serif; line-height: 19px;\"><a href=\"prototo.pl\/wp-content\/uploads\/2013\/02\/wspomaganie_uczniow.pdf\">Wspomaganie_uczni\u00f3w<\/a><\/li>\n<\/ul>\n<p><strong>TYFLOPEDAGOGIKA <\/strong>(wszystkie)<\/p>\n<ul>\n<li><a href=\"prototo.pl\/wp-content\/uploads\/2013\/02\/01_Wprowadzenie.pdf\">01_Wprowadzenie<\/a><\/li>\n<li><a href=\"prototo.pl\/wp-content\/uploads\/2013\/02\/02_Tyflopedagogika.pdf\">02_Tyflopedagogika<\/a><\/li>\n<li><a href=\"prototo.pl\/wp-content\/uploads\/2013\/02\/03_Tyflopedagogika.pdf\">03_Tyflopedagogika<\/a><\/li>\n<li><a href=\"prototo.pl\/wp-content\/uploads\/2013\/02\/04_Tyflopedagogika.pdf\">04_Tyflopedagogika<\/a><\/li>\n<li><a href=\"prototo.pl\/wp-content\/uploads\/2013\/02\/05_Tyflopedagogika.pdf\">05_Tyflopedagogika<\/a><\/li>\n<li><a href=\"prototo.pl\/wp-content\/uploads\/2013\/02\/06_Tyflopedagogika.pdf\">06_Tyflopedagogika<\/a><\/li>\n<li><a href=\"prototo.pl\/wp-content\/uploads\/2013\/02\/07a_Tyflopedagogika.pdf\">07a_Tyflopedagogika<\/a><\/li>\n<li><a href=\"prototo.pl\/wp-content\/uploads\/2013\/02\/07b_Tyflopedagogika.pdf\">07b_Tyflopedagogika<\/a><\/li>\n<li><a href=\"prototo.pl\/wp-content\/uploads\/2013\/02\/08_Tyflopedagogika.pdf\">08_Tyflopedagogika<\/a><\/li>\n<li><a href=\"prototo.pl\/wp-content\/uploads\/2013\/02\/09_Tyflopedagogika.pdf\">09_Tyflopedagogika<\/a><\/li>\n<li><a href=\"prototo.pl\/wp-content\/uploads\/2013\/02\/10_Tyflopedagogika.pdf\">10_Tyflopedagogika<\/a><\/li>\n<li><a href=\"prototo.pl\/wp-content\/uploads\/2013\/02\/11_Tyflopedagogika.pdf\">11_Tyflopedagogika<\/a><\/li>\n<\/ul>\n<p>Tematy: <a href=\"prototo.pl\/kurs_tyflo\/tematy-do-prac\/\" rel=\"attachment wp-att-5359\">tematy do prac<\/a><\/p>\n<p><strong>METODYKA<\/strong><\/p>\n<ul>\n<li><a href=\"prototo.pl\/kurs_tyflo\/050218_agata_piechna_-_praca_z_dzieckiem_s_abowi\/\" rel=\"attachment wp-att-5448\">[050218]_Agata_Piechna_-_Praca_z_dzieckiem_s_abowi<\/a><\/li>\n<li><a href=\"prototo.pl\/kurs_tyflo\/2007-dotykowy\/\" rel=\"attachment wp-att-5449\">2007-Dotykowy<\/a><\/li>\n<li><a href=\"prototo.pl\/kurs_tyflo\/a-adamowicz-hummel_-_potrzeby_osob_slabowidzacych\/\" rel=\"attachment wp-att-5450\">A.Adamowicz-Hummel_-_Potrzeby_osob_slabowidzacych<\/a><\/li>\n<li><a href=\"prototo.pl\/kurs_tyflo\/a-adamowicz-hummel_-_rehabilitacja_osob_slabowidzacych_w_polsce\/\" rel=\"attachment wp-att-5451\">A.Adamowicz-Hummel_-_Rehabilitacja_osob_slabowidzacych_w_Polsce<\/a><\/li>\n<li><a href=\"prototo.pl\/kurs_tyflo\/cwiczenia-na-oczy\/\" rel=\"attachment wp-att-5452\">\u0106wiczenia na oczy<\/a><\/li>\n<li><a href=\"prototo.pl\/kurs_tyflo\/a-adamowicz-hummel_-_niewidomi_a_slabowidzacy\/\" rel=\"attachment wp-att-5453\">A.Adamowicz-Hummel_-_Niewidomi_a_slabowidzacy<\/a><\/li>\n<li><a href=\"prototo.pl\/kurs_tyflo\/edukacja_dzieci_z_uszkodzonym_wzrokiem\/\" rel=\"attachment wp-att-5454\">Edukacja_dzieci_z_uszkodzonym_wzrokiem<\/a><\/li>\n<li><a href=\"prototo.pl\/kurs_tyflo\/jakubowski-i-inni-poradnik-dydaktyczny\/\" rel=\"attachment wp-att-5455\">Jakubowski i inni Poradnik dydaktyczny<\/a><\/li>\n<li><a href=\"prototo.pl\/kurs_tyflo\/klimasinski_czytanie-dotykiem\/\" rel=\"attachment wp-att-5456\">Klimasinski_Czytanie dotykiem<\/a><\/li>\n<li><a href=\"prototo.pl\/kurs_tyflo\/linki_tyflopedagogika\/\" rel=\"attachment wp-att-5457\">Linki_tyflopedagogika<\/a><\/li>\n<li><a href=\"prototo.pl\/kurs_tyflo\/majewski_poradnik_metodyczny\/\" rel=\"attachment wp-att-5458\">Majewski_Poradnik_metodyczny<\/a><\/li>\n<li><a href=\"prototo.pl\/kurs_tyflo\/skroty-w-brailleu\/\" rel=\"attachment wp-att-5460\">Skr\u00f3ty w Braille&#8217;u<\/a><\/li>\n<\/ul>\n<p><a href=\"prototo.pl\/wp-content\/uploads\/2013\/02\/Pismo-brajla.gif\" rel=\"attachment wp-att-5459\"><img loading=\"lazy\" decoding=\"async\" class=\"alignnone size-thumbnail wp-image-5459\" src=\"prototo.pl\/wp-content\/uploads\/2013\/02\/Pismo-brajla-150x150.gif\" alt=\"Pismo brajla\" width=\"150\" height=\"150\" \/><\/a><a href=\"prototo.pl\/wp-content\/uploads\/2013\/02\/tech.na_1.jpg\" rel=\"attachment wp-att-5332\"><img loading=\"lazy\" decoding=\"async\" class=\"alignnone size-thumbnail wp-image-5332\" src=\"prototo.pl\/wp-content\/uploads\/2013\/02\/tech.na_1-150x150.jpg\" alt=\"tech.na\" width=\"150\" height=\"150\" \/><\/a><a href=\"prototo.pl\/wp-content\/uploads\/2013\/02\/tech.nau_.bibl_.12.jpg\" rel=\"attachment wp-att-5446\"><img loading=\"lazy\" decoding=\"async\" class=\"alignnone size-thumbnail wp-image-5446\" src=\"prototo.pl\/wp-content\/uploads\/2013\/02\/tech.nau_.bibl_.12-150x150.jpg\" alt=\"tech.nau.bibl.1\" width=\"150\" height=\"150\" \/><\/a><a href=\"prototo.pl\/wp-content\/uploads\/2013\/02\/tech.nau_.bibl_.51.jpg\" rel=\"attachment wp-att-5444\"><img loading=\"lazy\" decoding=\"async\" class=\"alignnone size-thumbnail wp-image-5444\" src=\"prototo.pl\/wp-content\/uploads\/2013\/02\/tech.nau_.bibl_.51-150x150.jpg\" alt=\"tech.nau.bibl.5\" width=\"150\" height=\"150\" \/><\/a><a href=\"prototo.pl\/wp-content\/uploads\/2013\/02\/tech.nau_.bibl_.31.jpg\" rel=\"attachment wp-att-5442\"><img loading=\"lazy\" decoding=\"async\" class=\"alignnone size-thumbnail wp-image-5442\" src=\"prototo.pl\/wp-content\/uploads\/2013\/02\/tech.nau_.bibl_.31-150x150.jpg\" alt=\"tech.nau.bibl.3\" width=\"150\" height=\"150\" \/><\/a><a href=\"prototo.pl\/wp-content\/uploads\/2013\/02\/tech.nau_.bibl_.11.jpg\" rel=\"attachment wp-att-5440\"><img loading=\"lazy\" decoding=\"async\" class=\"alignnone size-thumbnail wp-image-5440\" src=\"prototo.pl\/wp-content\/uploads\/2013\/02\/tech.nau_.bibl_.11-150x150.jpg\" alt=\"tech.nau.bibl.1\" width=\"150\" height=\"150\" \/><\/a><a href=\"prototo.pl\/wp-content\/uploads\/2013\/02\/tech.nau_.mat-211.jpg\" rel=\"attachment wp-att-5438\"><img loading=\"lazy\" decoding=\"async\" class=\"alignnone size-thumbnail wp-image-5438\" src=\"prototo.pl\/wp-content\/uploads\/2013\/02\/tech.nau_.mat-211-150x150.jpg\" alt=\"tech.nau.mat 21\" width=\"150\" height=\"150\" \/><\/a><a href=\"prototo.pl\/wp-content\/uploads\/2013\/02\/tech.nau_.mat-191.jpg\" rel=\"attachment wp-att-5436\"><img loading=\"lazy\" decoding=\"async\" class=\"alignnone size-thumbnail wp-image-5436\" src=\"prototo.pl\/wp-content\/uploads\/2013\/02\/tech.nau_.mat-191-150x150.jpg\" alt=\"tech.nau.mat 19\" width=\"150\" height=\"150\" \/><\/a><a href=\"prototo.pl\/wp-content\/uploads\/2013\/02\/tech.nau_.mat-171.jpg\" rel=\"attachment wp-att-5434\"><img loading=\"lazy\" decoding=\"async\" class=\"alignnone size-thumbnail wp-image-5434\" src=\"prototo.pl\/wp-content\/uploads\/2013\/02\/tech.nau_.mat-171-150x150.jpg\" alt=\"tech.nau.mat 17\" width=\"150\" height=\"150\" \/><\/a><a href=\"prototo.pl\/wp-content\/uploads\/2013\/02\/tech.nau_.mat-151.jpg\" rel=\"attachment wp-att-5432\"><img loading=\"lazy\" decoding=\"async\" class=\"alignnone size-thumbnail wp-image-5432\" src=\"prototo.pl\/wp-content\/uploads\/2013\/02\/tech.nau_.mat-151-150x150.jpg\" alt=\"tech.nau.mat 15\" width=\"150\" height=\"150\" \/><\/a><a href=\"prototo.pl\/wp-content\/uploads\/2013\/02\/tech.nau_.mat-131.jpg\" rel=\"attachment wp-att-5430\"><img loading=\"lazy\" decoding=\"async\" class=\"alignnone size-thumbnail wp-image-5430\" src=\"prototo.pl\/wp-content\/uploads\/2013\/02\/tech.nau_.mat-131-150x150.jpg\" alt=\"tech.nau.mat 13\" width=\"150\" height=\"150\" \/><\/a><a href=\"prototo.pl\/wp-content\/uploads\/2013\/02\/tech.nau_.mat-91.jpg\" rel=\"attachment wp-att-5426\"><img loading=\"lazy\" decoding=\"async\" class=\"alignnone size-thumbnail wp-image-5426\" src=\"prototo.pl\/wp-content\/uploads\/2013\/02\/tech.nau_.mat-91-150x150.jpg\" alt=\"tech.nau.mat 9\" width=\"150\" height=\"150\" \/><\/a><a href=\"prototo.pl\/wp-content\/uploads\/2013\/02\/tech.nau_.mat-71.jpg\" rel=\"attachment wp-att-5424\"><img loading=\"lazy\" decoding=\"async\" class=\"alignnone size-thumbnail wp-image-5424\" src=\"prototo.pl\/wp-content\/uploads\/2013\/02\/tech.nau_.mat-71-150x150.jpg\" alt=\"tech.nau.mat 7\" width=\"150\" height=\"150\" \/><\/a><a href=\"prototo.pl\/wp-content\/uploads\/2013\/02\/tech.nau_.mat-51.jpg\" rel=\"attachment wp-att-5422\"><img loading=\"lazy\" decoding=\"async\" class=\"alignnone size-thumbnail wp-image-5422\" src=\"prototo.pl\/wp-content\/uploads\/2013\/02\/tech.nau_.mat-51-150x150.jpg\" alt=\"tech.nau.mat 5\" width=\"150\" height=\"150\" \/><\/a><a href=\"prototo.pl\/wp-content\/uploads\/2013\/02\/tech.nau_.mat-31.jpg\" rel=\"attachment wp-att-5420\"><img loading=\"lazy\" decoding=\"async\" class=\"alignnone size-thumbnail wp-image-5420\" src=\"prototo.pl\/wp-content\/uploads\/2013\/02\/tech.nau_.mat-31-150x150.jpg\" alt=\"tech.nau.mat 3\" width=\"150\" height=\"150\" \/><\/a><a href=\"prototo.pl\/wp-content\/uploads\/2013\/02\/tech.nau_.mat-110.jpg\" rel=\"attachment wp-att-5418\"><img loading=\"lazy\" decoding=\"async\" class=\"alignnone size-thumbnail wp-image-5418\" src=\"prototo.pl\/wp-content\/uploads\/2013\/02\/tech.nau_.mat-110-150x150.jpg\" alt=\"tech.nau.mat 1\" width=\"150\" height=\"150\" \/><\/a><a href=\"prototo.pl\/wp-content\/uploads\/2013\/02\/tech.nau_.j.p.141.jpg\" rel=\"attachment wp-att-5416\"><img loading=\"lazy\" decoding=\"async\" class=\"alignnone size-thumbnail wp-image-5416\" src=\"prototo.pl\/wp-content\/uploads\/2013\/02\/tech.nau_.j.p.141-150x150.jpg\" alt=\"tech.nau.j.p.14\" width=\"150\" height=\"150\" \/><\/a><a href=\"prototo.pl\/wp-content\/uploads\/2013\/02\/tech.nau_.j.p.121.jpg\" rel=\"attachment wp-att-5414\"><img loading=\"lazy\" decoding=\"async\" class=\"alignnone size-thumbnail wp-image-5414\" src=\"prototo.pl\/wp-content\/uploads\/2013\/02\/tech.nau_.j.p.121-150x150.jpg\" alt=\"tech.nau.j.p.12\" width=\"150\" height=\"150\" \/><\/a><a href=\"prototo.pl\/wp-content\/uploads\/2013\/02\/tech.nau_.j.p.101.jpg\" rel=\"attachment wp-att-5412\"><img loading=\"lazy\" decoding=\"async\" class=\"alignnone size-thumbnail wp-image-5412\" src=\"prototo.pl\/wp-content\/uploads\/2013\/02\/tech.nau_.j.p.101-150x150.jpg\" alt=\"tech.nau.j.p.10\" width=\"150\" height=\"150\" \/><\/a><a href=\"prototo.pl\/wp-content\/uploads\/2013\/02\/tech.nau_.j.p.81.jpg\" rel=\"attachment wp-att-5410\"><img loading=\"lazy\" decoding=\"async\" class=\"alignnone size-thumbnail wp-image-5410\" src=\"prototo.pl\/wp-content\/uploads\/2013\/02\/tech.nau_.j.p.81-150x150.jpg\" alt=\"tech.nau.j.p.8\" width=\"150\" height=\"150\" \/><\/a><a href=\"prototo.pl\/wp-content\/uploads\/2013\/02\/tech.nau_.j.p.61.jpg\" rel=\"attachment wp-att-5408\"><img loading=\"lazy\" decoding=\"async\" class=\"alignnone size-thumbnail wp-image-5408\" src=\"prototo.pl\/wp-content\/uploads\/2013\/02\/tech.nau_.j.p.61-150x150.jpg\" alt=\"tech.nau.j.p.6\" width=\"150\" height=\"150\" \/><\/a><a href=\"prototo.pl\/wp-content\/uploads\/2013\/02\/tech.nau_.j.p.31.jpg\" rel=\"attachment wp-att-5405\"><img loading=\"lazy\" decoding=\"async\" class=\"alignnone size-thumbnail wp-image-5405\" src=\"prototo.pl\/wp-content\/uploads\/2013\/02\/tech.nau_.j.p.31-150x150.jpg\" alt=\"tech.nau.j.p.3\" width=\"150\" height=\"150\" \/><\/a><a href=\"prototo.pl\/wp-content\/uploads\/2013\/02\/tech.nau_.j.p.41.jpg\" rel=\"attachment wp-att-5406\"><img loading=\"lazy\" decoding=\"async\" class=\"alignnone size-thumbnail wp-image-5406\" src=\"prototo.pl\/wp-content\/uploads\/2013\/02\/tech.nau_.j.p.41-150x150.jpg\" alt=\"tech.nau.j.p.4\" width=\"150\" height=\"150\" \/><\/a><\/p>\n<p>[\/fusion_text][\/fusion_builder_column][\/fusion_builder_row][\/fusion_builder_container]<\/p>\n","protected":false},"excerpt":{"rendered":"<p>[fusion_builder_container hundred_percent=&#8221;no&#8221; equal_height_columns=&#8221;no&#8221; menu_anchor=&#8221;&#8221; hide_on_mobile=&#8221;small-visibility,medium-visibility,large-visibility&#8221; class=&#8221;&#8221; id=&#8221;&#8221; background_color=&#8221;&#8221; background_image=&#8221;&#8221; background_position=&#8221;center center&#8221; background_repeat=&#8221;no-repeat&#8221; fade=&#8221;no&#8221; background_parallax=&#8221;none&#8221; parallax_speed=&#8221;0.3&#8243; video_mp4=&#8221;&#8221; video_webm=&#8221;&#8221; video_ogv=&#8221;&#8221; video_url=&#8221;&#8221; video_aspect_ratio=&#8221;16:9&#8243; video_loop=&#8221;yes&#8221; video_mute=&#8221;yes&#8221; overlay_color=&#8221;&#8221; video_preview_image=&#8221;&#8221; border_size=&#8221;&#8221; border_color=&#8221;&#8221; border_style=&#8221;solid&#8221; padding_top=&#8221;&#8221; padding_bottom=&#8221;&#8221; padding_left=&#8221;&#8221; padding_right=&#8221;&#8221;][fusion_builder_row][fusion_builder_column type=&#8221;1_1&#8243; layout=&#8221;1_1&#8243; background_position=&#8221;left top&#8221; background_color=&#8221;&#8221; border_size=&#8221;&#8221; border_color=&#8221;&#8221; border_style=&#8221;solid&#8221; border_position=&#8221;all&#8221; spacing=&#8221;yes&#8221; background_image=&#8221;&#8221; background_repeat=&#8221;no-repeat&#8221; padding_top=&#8221;&#8221; padding_right=&#8221;&#8221; padding_bottom=&#8221;&#8221; padding_left=&#8221;&#8221; margin_top=&#8221;0px&#8221; margin_bottom=&#8221;0px&#8221; class=&#8221;&#8221; id=&#8221;&#8221; animation_type=&#8221;&#8221; animation_speed=&#8221;0.3&#8243; animation_direction=&#8221;left&#8221; hide_on_mobile=&#8221;small-visibility,medium-visibility,large-visibility&#8221; [&hellip;]<\/p>\n","protected":false},"author":24,"featured_media":0,"parent":0,"menu_order":0,"comment_status":"closed","ping_status":"closed","template":"","meta":{"footnotes":""},"class_list":["post-3912","page","type-page","status-publish","hentry"],"aioseo_notices":[],"_links":{"self":[{"href":"https:\/\/prototo.pl\/index.php?rest_route=\/wp\/v2\/pages\/3912","targetHints":{"allow":["GET"]}}],"collection":[{"href":"https:\/\/prototo.pl\/index.php?rest_route=\/wp\/v2\/pages"}],"about":[{"href":"https:\/\/prototo.pl\/index.php?rest_route=\/wp\/v2\/types\/page"}],"author":[{"embeddable":true,"href":"https:\/\/prototo.pl\/index.php?rest_route=\/wp\/v2\/users\/24"}],"replies":[{"embeddable":true,"href":"https:\/\/prototo.pl\/index.php?rest_route=%2Fwp%2Fv2%2Fcomments&post=3912"}],"version-history":[{"count":3,"href":"https:\/\/prototo.pl\/index.php?rest_route=\/wp\/v2\/pages\/3912\/revisions"}],"predecessor-version":[{"id":12470,"href":"https:\/\/prototo.pl\/index.php?rest_route=\/wp\/v2\/pages\/3912\/revisions\/12470"}],"wp:attachment":[{"href":"https:\/\/prototo.pl\/index.php?rest_route=%2Fwp%2Fv2%2Fmedia&parent=3912"}],"curies":[{"name":"wp","href":"https:\/\/api.w.org\/{rel}","templated":true}]}}