{"id":3676,"date":"2012-12-07T22:42:49","date_gmt":"2012-12-07T21:42:49","guid":{"rendered":"https:\/\/prototo.pl.libenter.one\/"},"modified":"2020-03-12T17:32:09","modified_gmt":"2020-03-12T16:32:09","slug":"kurs_sztuka","status":"publish","type":"page","link":"https:\/\/prototo.pl\/?page_id=3676","title":{"rendered":"Kurs &#8211; Sztuka"},"content":{"rendered":"<p>[fusion_builder_container hundred_percent=&#8221;no&#8221; equal_height_columns=&#8221;no&#8221; menu_anchor=&#8221;&#8221; hide_on_mobile=&#8221;small-visibility,medium-visibility,large-visibility&#8221; class=&#8221;&#8221; id=&#8221;&#8221; background_color=&#8221;&#8221; background_image=&#8221;&#8221; background_position=&#8221;center center&#8221; background_repeat=&#8221;no-repeat&#8221; fade=&#8221;no&#8221; background_parallax=&#8221;none&#8221; parallax_speed=&#8221;0.3&#8243; video_mp4=&#8221;&#8221; video_webm=&#8221;&#8221; video_ogv=&#8221;&#8221; video_url=&#8221;&#8221; video_aspect_ratio=&#8221;16:9&#8243; video_loop=&#8221;yes&#8221; video_mute=&#8221;yes&#8221; overlay_color=&#8221;&#8221; video_preview_image=&#8221;&#8221; border_size=&#8221;&#8221; border_color=&#8221;&#8221; border_style=&#8221;solid&#8221; padding_top=&#8221;&#8221; padding_bottom=&#8221;&#8221; padding_left=&#8221;&#8221; padding_right=&#8221;&#8221;][fusion_builder_row][fusion_builder_column type=&#8221;1_1&#8243; layout=&#8221;1_1&#8243; background_position=&#8221;left top&#8221; background_color=&#8221;&#8221; border_size=&#8221;&#8221; border_color=&#8221;&#8221; border_style=&#8221;solid&#8221; border_position=&#8221;all&#8221; spacing=&#8221;yes&#8221; background_image=&#8221;&#8221; background_repeat=&#8221;no-repeat&#8221; padding_top=&#8221;&#8221; padding_right=&#8221;&#8221; padding_bottom=&#8221;&#8221; padding_left=&#8221;&#8221; margin_top=&#8221;0px&#8221; margin_bottom=&#8221;0px&#8221; class=&#8221;&#8221; id=&#8221;&#8221; animation_type=&#8221;&#8221; animation_speed=&#8221;0.3&#8243; animation_direction=&#8221;left&#8221; hide_on_mobile=&#8221;small-visibility,medium-visibility,large-visibility&#8221; center_content=&#8221;no&#8221; last=&#8221;no&#8221; min_height=&#8221;&#8221; hover_type=&#8221;none&#8221; link=&#8221;&#8221;][fusion_text columns=&#8221;&#8221; column_min_width=&#8221;&#8221; column_spacing=&#8221;&#8221; rule_style=&#8221;default&#8221; rule_size=&#8221;&#8221; rule_color=&#8221;&#8221; hide_on_mobile=&#8221;small-visibility,medium-visibility,large-visibility&#8221; class=&#8221;&#8221; id=&#8221;&#8221; animation_type=&#8221;&#8221; animation_direction=&#8221;left&#8221; animation_speed=&#8221;0.3&#8243; animation_offset=&#8221;&#8221;]<\/p>\n<p>Szanowni Pa\u0144stwo!<\/p>\n<p>Witamy na stronie przeznaczonej dla uczestnik\u00f3w Kursu kwalifikacyjnego dla nauczycieli przedmiotu &#8222;Sztuka&#8221;. Z tej strony mo\u017cna pobiera\u0107 materia\u0142y realizowane podczas zaj\u0119\u0107 w roku szkolnym 2013\/2014. Ponadto znajdziecie tu Pa\u0144stwo dokumenty przekazywane uczestnikom kursu.<\/p>\n<p><span style=\"color: #ff9900;\"><strong><em>Uwaga! Wszystkie materia\u0142y tworzone i przekazywane przez Wyk\u0142adowc\u00f3w PROTOTO s\u0105 chronione prawem autorskim i przeznaczone wy\u0142\u0105cznie do u\u017cytku prywatnego.<\/em><\/strong><\/span><\/p>\n<h3><strong>MATERIA\u0141Y Z ZAJ\u0118\u0106<\/strong><\/h3>\n<p>Uwaga! Wyk\u0142adowcy przekazuj\u0105 materia\u0142y dobrowolnie.<\/p>\n<p><strong>PODSTAWY WIEDZY O SZTUCE<\/strong><\/p>\n<ul>\n<li><a href=\"prototo.pl\/wp-content\/uploads\/2012\/12\/GrabowskiM_Architektura-renesansu.pdf\">GrabowskiM_Architektura renesansu<\/a><\/li>\n<li><a href=\"prototo.pl\/wp-content\/uploads\/2012\/12\/GrabowskiM_Renesans-w-Europie.pdf\">GrabowskiM_Renesans w Europie<\/a><\/li>\n<li><a href=\"prototo.pl\/wp-content\/uploads\/2012\/12\/GrabowskiM_Sztuka-gotycka_01.pdf\">GrabowskiM_Sztuka gotycka_01<\/a><\/li>\n<li><a href=\"prototo.pl\/wp-content\/uploads\/2012\/12\/GrabowskiM_Sztuka-gotycka_02.pdf\">GrabowskiM_Sztuka gotycka_02<\/a><\/li>\n<li><a href=\"prototo.pl\/wp-content\/uploads\/2012\/12\/GrabowskiM_Sztuka-roma\u0144ska.pdf\">GrabowskiM_Sztuka roma\u0144ska<\/a><\/li>\n<li><a href=\"prototo.pl\/wp-content\/uploads\/2012\/12\/GrabowskiM_Sztuka-baroku.pdf\">GrabowskiM_Sztuka baroku<\/a><\/li>\n<li><a href=\"prototo.pl\/wp-content\/uploads\/2012\/12\/O-technikach-graficznych1.pptx\">O technikach graficznych1<\/a><\/li>\n<li><a href=\"prototo.pl\/wp-content\/uploads\/2012\/12\/O-technikach-graficznych2.pptx\">O technikach graficznych2<\/a><\/li>\n<li><a href=\"prototo.pl\/wp-content\/uploads\/2012\/12\/O-technikach-graficznych3.pptx\">O technikach graficznych3<\/a><\/li>\n<li><a href=\"prototo.pl\/wp-content\/uploads\/2012\/12\/O-technikach-graficznych4.pptx\">O technikach graficznych4<\/a><\/li>\n<li><a href=\"prototo.pl\/wp-content\/uploads\/2012\/12\/podr\u0119czniki.pdf\">Podr\u0119czniki<\/a><\/li>\n<\/ul>\n<p><strong>TECHNOLOGIE INFORMACYJNE<\/strong><\/p>\n<ul>\n<li><a href=\"prototo.pl\/wp-content\/uploads\/2012\/12\/1srodowiskoWindows.ppt\">1srodowiskoWindows<\/a><\/li>\n<li><a href=\"prototo.pl\/wp-content\/uploads\/2012\/12\/2Edycja-tekstow.ppt\">2Edycja tekstow<\/a><\/li>\n<li><a href=\"prototo.pl\/wp-content\/uploads\/2012\/12\/3Komputer-jako-narzedzie-tw\u00f3rcze.pptx\">3Komputer jako narzedzie tw\u00f3rcze<\/a><\/li>\n<li><a href=\"prototo.pl\/wp-content\/uploads\/2012\/12\/Internet-jako-narzedzie-wspolpracy-pomiedzy-uczniami-klasami-i-szkolami-w-realizacji.ppt\">Internet jako narzedzie wspolpracy pomiedzy uczniami, klasami i szkolami w realizacji<\/a><\/li>\n<li><a href=\"prototo.pl\/wp-content\/uploads\/2012\/12\/Multimedialne-zrodla-wiadomosci-o-sztuce-wyszukiwanie-informacji..ppt\">Multimedialne zrodla wiadomosci o sztuce &#8211; wyszukiwanie informacji.<\/a><\/li>\n<li><a href=\"prototo.pl\/wp-content\/uploads\/2012\/12\/Siec-Internet-jako-zrodlo-wiadomosci-o-sztuce..ppt\">Siec Internet jako zrodlo wiadomosci o sztuce.<\/a><\/li>\n<li><a href=\"prototo.pl\/wp-content\/uploads\/2012\/12\/8Komputer-w-pracy-ucznia-na-lekcjach-sztuki.ppt\">8Komputer w pracy ucznia na lekcjach sztuki<\/a><\/li>\n<\/ul>\n<p>[\/fusion_text][\/fusion_builder_column][\/fusion_builder_row][\/fusion_builder_container]<\/p>\n","protected":false},"excerpt":{"rendered":"<p>[fusion_builder_container hundred_percent=&#8221;no&#8221; equal_height_columns=&#8221;no&#8221; menu_anchor=&#8221;&#8221; hide_on_mobile=&#8221;small-visibility,medium-visibility,large-visibility&#8221; class=&#8221;&#8221; id=&#8221;&#8221; background_color=&#8221;&#8221; background_image=&#8221;&#8221; background_position=&#8221;center center&#8221; background_repeat=&#8221;no-repeat&#8221; fade=&#8221;no&#8221; background_parallax=&#8221;none&#8221; parallax_speed=&#8221;0.3&#8243; video_mp4=&#8221;&#8221; video_webm=&#8221;&#8221; video_ogv=&#8221;&#8221; video_url=&#8221;&#8221; video_aspect_ratio=&#8221;16:9&#8243; video_loop=&#8221;yes&#8221; video_mute=&#8221;yes&#8221; overlay_color=&#8221;&#8221; video_preview_image=&#8221;&#8221; border_size=&#8221;&#8221; border_color=&#8221;&#8221; border_style=&#8221;solid&#8221; padding_top=&#8221;&#8221; padding_bottom=&#8221;&#8221; padding_left=&#8221;&#8221; padding_right=&#8221;&#8221;][fusion_builder_row][fusion_builder_column type=&#8221;1_1&#8243; layout=&#8221;1_1&#8243; background_position=&#8221;left top&#8221; background_color=&#8221;&#8221; border_size=&#8221;&#8221; border_color=&#8221;&#8221; border_style=&#8221;solid&#8221; border_position=&#8221;all&#8221; spacing=&#8221;yes&#8221; background_image=&#8221;&#8221; background_repeat=&#8221;no-repeat&#8221; padding_top=&#8221;&#8221; padding_right=&#8221;&#8221; padding_bottom=&#8221;&#8221; padding_left=&#8221;&#8221; margin_top=&#8221;0px&#8221; margin_bottom=&#8221;0px&#8221; class=&#8221;&#8221; id=&#8221;&#8221; animation_type=&#8221;&#8221; animation_speed=&#8221;0.3&#8243; animation_direction=&#8221;left&#8221; hide_on_mobile=&#8221;small-visibility,medium-visibility,large-visibility&#8221; [&hellip;]<\/p>\n","protected":false},"author":24,"featured_media":0,"parent":0,"menu_order":0,"comment_status":"closed","ping_status":"closed","template":"","meta":{"footnotes":""},"class_list":["post-3676","page","type-page","status-publish","hentry"],"aioseo_notices":[],"_links":{"self":[{"href":"https:\/\/prototo.pl\/index.php?rest_route=\/wp\/v2\/pages\/3676","targetHints":{"allow":["GET"]}}],"collection":[{"href":"https:\/\/prototo.pl\/index.php?rest_route=\/wp\/v2\/pages"}],"about":[{"href":"https:\/\/prototo.pl\/index.php?rest_route=\/wp\/v2\/types\/page"}],"author":[{"embeddable":true,"href":"https:\/\/prototo.pl\/index.php?rest_route=\/wp\/v2\/users\/24"}],"replies":[{"embeddable":true,"href":"https:\/\/prototo.pl\/index.php?rest_route=%2Fwp%2Fv2%2Fcomments&post=3676"}],"version-history":[{"count":3,"href":"https:\/\/prototo.pl\/index.php?rest_route=\/wp\/v2\/pages\/3676\/revisions"}],"predecessor-version":[{"id":12468,"href":"https:\/\/prototo.pl\/index.php?rest_route=\/wp\/v2\/pages\/3676\/revisions\/12468"}],"wp:attachment":[{"href":"https:\/\/prototo.pl\/index.php?rest_route=%2Fwp%2Fv2%2Fmedia&parent=3676"}],"curies":[{"name":"wp","href":"https:\/\/api.w.org\/{rel}","templated":true}]}}