{"id":3653,"date":"2012-12-06T02:01:42","date_gmt":"2012-12-06T01:01:42","guid":{"rendered":"https:\/\/prototo.pl.libenter.one\/"},"modified":"2023-07-14T22:56:04","modified_gmt":"2023-07-14T20:56:04","slug":"ksiegarnia-npdn-prototo","status":"publish","type":"page","link":"https:\/\/prototo.pl\/?page_id=3653","title":{"rendered":"Ksi\u0119garnia"},"content":{"rendered":"<p>[fusion_builder_container hundred_percent=&#8221;no&#8221; equal_height_columns=&#8221;no&#8221; menu_anchor=&#8221;&#8221; hide_on_mobile=&#8221;small-visibility,medium-visibility,large-visibility&#8221; class=&#8221;&#8221; id=&#8221;&#8221; background_color=&#8221;&#8221; background_image=&#8221;&#8221; background_position=&#8221;center center&#8221; background_repeat=&#8221;no-repeat&#8221; fade=&#8221;no&#8221; background_parallax=&#8221;none&#8221; parallax_speed=&#8221;0.3&#8243; video_mp4=&#8221;&#8221; video_webm=&#8221;&#8221; video_ogv=&#8221;&#8221; video_url=&#8221;&#8221; video_aspect_ratio=&#8221;16:9&#8243; video_loop=&#8221;yes&#8221; video_mute=&#8221;yes&#8221; overlay_color=&#8221;&#8221; video_preview_image=&#8221;&#8221; border_color=&#8221;&#8221; border_style=&#8221;solid&#8221; padding_top=&#8221;&#8221; padding_bottom=&#8221;&#8221; padding_left=&#8221;&#8221; padding_right=&#8221;&#8221; type=&#8221;legacy&#8221;][fusion_builder_row][fusion_builder_column type=&#8221;1_6&#8243; layout=&#8221;1_6&#8243; spacing=&#8221;&#8221; center_content=&#8221;no&#8221; link=&#8221;&#8221; target=&#8221;_self&#8221; min_height=&#8221;&#8221; hide_on_mobile=&#8221;small-visibility,medium-visibility,large-visibility&#8221; class=&#8221;&#8221; id=&#8221;&#8221; hover_type=&#8221;none&#8221; border_color=&#8221;&#8221; border_style=&#8221;solid&#8221; border_position=&#8221;all&#8221; box_shadow=&#8221;no&#8221; box_shadow_blur=&#8221;0&#8243; box_shadow_spread=&#8221;0&#8243; box_shadow_color=&#8221;&#8221; box_shadow_style=&#8221;&#8221; background_type=&#8221;single&#8221; gradient_start_position=&#8221;0&#8243; gradient_end_position=&#8221;100&#8243; gradient_type=&#8221;linear&#8221; radial_direction=&#8221;center center&#8221; linear_angle=&#8221;180&#8243; background_color=&#8221;&#8221; background_image=&#8221;&#8221; background_image_id=&#8221;&#8221; background_position=&#8221;left top&#8221; background_repeat=&#8221;no-repeat&#8221; background_blend_mode=&#8221;none&#8221; animation_type=&#8221;&#8221; animation_direction=&#8221;left&#8221; animation_speed=&#8221;0.3&#8243; animation_offset=&#8221;&#8221; filter_type=&#8221;regular&#8221; filter_hue=&#8221;0&#8243; filter_saturation=&#8221;100&#8243; filter_brightness=&#8221;100&#8243; filter_contrast=&#8221;100&#8243; filter_invert=&#8221;0&#8243; filter_sepia=&#8221;0&#8243; filter_opacity=&#8221;100&#8243; filter_blur=&#8221;0&#8243; filter_hue_hover=&#8221;0&#8243; filter_saturation_hover=&#8221;100&#8243; filter_brightness_hover=&#8221;100&#8243; filter_contrast_hover=&#8221;100&#8243; filter_invert_hover=&#8221;0&#8243; filter_sepia_hover=&#8221;0&#8243; filter_opacity_hover=&#8221;100&#8243; filter_blur_hover=&#8221;0&#8243; last=&#8221;false&#8221; border_sizes_top=&#8221;0&#8243; border_sizes_bottom=&#8221;0&#8243; border_sizes_left=&#8221;0&#8243; border_sizes_right=&#8221;0&#8243; first=&#8221;true&#8221; spacing_right=&#8221;&#8221;][\/fusion_builder_column][fusion_builder_column type=&#8221;2_3&#8243; layout=&#8221;1_1&#8243; background_position=&#8221;left top&#8221; background_color=&#8221;&#8221; border_color=&#8221;&#8221; border_style=&#8221;solid&#8221; border_position=&#8221;all&#8221; spacing=&#8221;yes&#8221; background_image=&#8221;&#8221; background_repeat=&#8221;no-repeat&#8221; padding_top=&#8221;&#8221; padding_right=&#8221;&#8221; padding_bottom=&#8221;&#8221; padding_left=&#8221;&#8221; margin_top=&#8221;0px&#8221; margin_bottom=&#8221;0px&#8221; class=&#8221;&#8221; id=&#8221;&#8221; animation_type=&#8221;&#8221; animation_speed=&#8221;0.3&#8243; animation_direction=&#8221;left&#8221; hide_on_mobile=&#8221;small-visibility,medium-visibility,large-visibility&#8221; center_content=&#8221;no&#8221; last=&#8221;false&#8221; min_height=&#8221;&#8221; hover_type=&#8221;none&#8221; link=&#8221;&#8221; border_sizes_top=&#8221;&#8221; border_sizes_bottom=&#8221;&#8221; border_sizes_left=&#8221;&#8221; border_sizes_right=&#8221;&#8221; first=&#8221;false&#8221; spacing_right=&#8221;2%&#8221;][fusion_text columns=&#8221;&#8221; column_min_width=&#8221;&#8221; column_spacing=&#8221;&#8221; rule_style=&#8221;default&#8221; rule_size=&#8221;&#8221; rule_color=&#8221;&#8221; content_alignment_medium=&#8221;&#8221; content_alignment_small=&#8221;&#8221; content_alignment=&#8221;&#8221; hide_on_mobile=&#8221;small-visibility,medium-visibility,large-visibility&#8221; sticky_display=&#8221;normal,sticky&#8221; class=&#8221;&#8221; id=&#8221;&#8221; font_size=&#8221;&#8221; fusion_font_family_text_font=&#8221;&#8221; fusion_font_variant_text_font=&#8221;&#8221; line_height=&#8221;&#8221; letter_spacing=&#8221;&#8221; text_color=&#8221;&#8221; animation_type=&#8221;&#8221; animation_direction=&#8221;left&#8221; animation_speed=&#8221;0.3&#8243; animation_offset=&#8221;&#8221;]<\/p>\n<h3><a name=\"relaksacja\"><\/a><strong>Szanowni Pa\u0144stwo! Polecamy zakupy ksi\u0105\u017cek wydanych nak\u0142adem NPDN PROTOTO<\/strong><\/h3>\n<h3>Hydromotoryka &#8211; dr Wiktor Tylek<\/h3>\n<p><img loading=\"lazy\" decoding=\"async\" class=\"alignnone size-medium wp-image-12740 alignleft\" src=\"https:\/\/prototo.pl\/wp-content\/uploads\/2023\/07\/hydromotoryka-208x300.jpg\" alt=\"\" width=\"208\" height=\"300\" srcset=\"https:\/\/prototo.pl\/wp-content\/uploads\/2023\/07\/hydromotoryka-208x300.jpg 208w, https:\/\/prototo.pl\/wp-content\/uploads\/2023\/07\/hydromotoryka-709x1024.jpg 709w, https:\/\/prototo.pl\/wp-content\/uploads\/2023\/07\/hydromotoryka-768x1110.jpg 768w, https:\/\/prototo.pl\/wp-content\/uploads\/2023\/07\/hydromotoryka-1063x1536.jpg 1063w, https:\/\/prototo.pl\/wp-content\/uploads\/2023\/07\/hydromotoryka-1418x2048.jpg 1418w, https:\/\/prototo.pl\/wp-content\/uploads\/2023\/07\/hydromotoryka-200x289.jpg 200w, https:\/\/prototo.pl\/wp-content\/uploads\/2023\/07\/hydromotoryka-400x578.jpg 400w, https:\/\/prototo.pl\/wp-content\/uploads\/2023\/07\/hydromotoryka-600x867.jpg 600w, https:\/\/prototo.pl\/wp-content\/uploads\/2023\/07\/hydromotoryka-800x1156.jpg 800w, https:\/\/prototo.pl\/wp-content\/uploads\/2023\/07\/hydromotoryka-1200x1734.jpg 1200w, https:\/\/prototo.pl\/wp-content\/uploads\/2023\/07\/hydromotoryka.jpg 1639w\" sizes=\"auto, (max-width: 208px) 100vw, 208px\" \/>Ksi\u0105\u017cka zawiera zbi\u00f3r wiadomo\u015bci dotycz\u0105cych poruszania si\u0119 w \u015brodowisku wodnym. W przyst\u0119pny spos\u00f3b omawia:<br \/>\n\u2022 typy jacht\u00f3w i ich budow\u0119, rodzaje silnik\u00f3w,<br \/>\n\u2022 przeprowadzanie zawod\u00f3w \u017ceglarskich,<br \/>\n\u2022 manewrowanie jachtem motorowodnym i \u017caglowym,<span class=\"text_exposed_show\"><br \/>\n\u2022 holowanie narciarza,<br \/>\n\u2022 profilaktyk\u0119 i sposoby udzielania pomocy,<br \/>\n\u2022 obs\u0142ug\u0119 radia SRC,<br \/>\n\u2022 umiej\u0119tno\u015b\u0107 okre\u015blania pozycji i przewidywania pogody,<br \/>\n\u2022 sygnalizacj\u0119 i zasady ruchu \u017ceglugowego.<br \/>\nZawiera wklejk\u0119 dotycz\u0105ce locji, procedury SRC.<\/span><\/p>\n<p><strong>dr Wiktor Tylek<br \/>\nHydromotoryka<\/strong><br \/>\nRed. Wiktor Tylek<br \/>\n<strong>Cena: 50 z\u0142<\/strong><\/p>\n<h3><strong> &#8222;Relaksacja dziecka&#8221; Henry Wintrebert<\/strong><\/h3>\n<p><a href=\"prototo.pl\/wp-content\/uploads\/2012\/12\/relaks.jpg\"><img loading=\"lazy\" decoding=\"async\" class=\"size-medium wp-image-3663 alignleft\" title=\"relaks\" src=\"prototo.pl\/wp-content\/uploads\/2012\/12\/relaks-208x300.jpg\" alt=\"\" width=\"208\" height=\"300\" srcset=\"https:\/\/prototo.pl\/wp-content\/uploads\/2012\/12\/relaks-208x300.jpg 208w, https:\/\/prototo.pl\/wp-content\/uploads\/2012\/12\/relaks-710x1024.jpg 710w, https:\/\/prototo.pl\/wp-content\/uploads\/2012\/12\/relaks.jpg 841w\" sizes=\"auto, (max-width: 208px) 100vw, 208px\" \/><\/a>Czy dziecko potrzebuje relaksacji? Czy nie cierpi tak samo jak doros\u0142y z powodu stresu, l\u0119ku, bezsenno\u015bci, chor\u00f3b psychosomatycznych, fobii, etc.? Tak, jest to oczywiste, gdy\u017c dziecko bardziej ni\u017c ktokolwiek znie\u015b\u0107 musi traumy psychiczne zaburzaj\u0105ce jego r\u00f3wnowag\u0119 psychoafektywn\u0105. Rosn\u0105ca liczba rozwod\u00f3w, niepewno\u015b\u0107 stabilno\u015bci zatrudnienia rodzic\u00f3w, wsp\u00f3\u0142zawodnictwo szkolne, kuszenie przedmiotami s\u0142u\u017c\u0105cymi konsumpcji i komunikacji, przepracowanie matek, to czynniki sprawiaj\u0105ce, \u017ce u dziecka pojawia si\u0119 sta\u0142y brak bezpiecze\u0144stwa, stanowi\u0105cy \u017ar\u00f3d\u0142o napi\u0119\u0107 psychicznych oraz fizycznych. Dochodzi do tego konstrukcja i rozw\u00f3j jego w\u0142asnego \u017cycia psychicznego oraz organizacja \u015bwiata wyobra\u017ce\u0144, r\u00f3wnie\u017c \u017ar\u00f3de\u0142 l\u0119k\u00f3w i obaw zaburzaj\u0105cych sen, nauk\u0119 w szkole oraz zwi\u0105zki z\u00a0rodzicami. Dzieci\u0144stwo nie jest beztroskie.<\/p>\n<p>Henry WINTREBERT ju\u017c w roku 1959 odnotowa\u0142, \u017ce relaksacja mo\u017ce wspom\u00f3c dziecko, podkre\u015bli\u0142 wag\u0119 integracji prze\u017cycia cielesnego z\u00a0my\u015bl\u0105, niezb\u0119dnej dla r\u00f3wnowagi podmiotu. W ten spos\u00f3b wprowadzi\u0142 relaksacj\u0119 do terapii i psychoterapii r\u00f3\u017cnych zaburze\u0144 dziecka.<\/p>\n<p><strong>Henry Wintrebert<\/strong> <em>psychiatra-psychoterapeuta, by\u0142 wraz z doktorem Jeanem BERG\u00c8S jednym z pionier\u00f3w relaksacji dziecka we Francji. Jego prace zrodzi\u0142y si\u0119 w szpitalu la Salp\u00e9tri\u00e8re w Pary\u017cu. Wyszkoli\u0142 licznych uczni\u00f3w, kt\u00f3rzy dzisiaj b\u0119d\u0105 szcz\u0119\u015bliwi mog\u0105c odnale\u017a\u0107 w tej ksi\u0105\u017cce my\u015bl ich mistrza. Pozycja jest adresowana do wszystkich praktyk\u00f3w relaksacji, psychomotoryk\u00f3w, psycholog\u00f3w, pedopsychiatr\u00f3w oraz rodzic\u00f3w interesuj\u0105cych si\u0119 psychologi\u0105 dziecka.<\/em><\/p>\n<p style=\"text-align: justify;\"><em>Ksi\u0105\u017cka mo\u017ce te\u017c uwra\u017cliwi\u0107 przedstawicieli s\u0142u\u017cby zdrowia na wag\u0119 relaksacji w terapii, tak by odnalaz\u0142a ona swoje miejsce na oddzia\u0142ach szpitalnych stawiaj\u0105cych sobie za cel leczenie zaburze\u0144 psychicznych dziecka. <\/em><\/p>\n<p><strong>Henry Wintrebert<br \/>\nRELAKSACJA DZIECKA<\/strong><br \/>\nT\u0142umaczenie: Beata Rajba<br \/>\nRed. Wiktor Tylek<br \/>\nKonsultacja medyczna: lek.n.med. Piotr Jasielski, dr n.med. Roman Wi\u0105cek<br \/>\nKorekta: Wiktor Tylek, Jadwiga Szyma\u0144ska<br \/>\nProjekt ok\u0142adki: Ewa Bator<br \/>\nISBN 978-83-935015-0-2<br \/>\n<strong>Cena: 50 z\u0142<\/strong><!-- eEQNULiORP --><!-- \/* 1uqjsQSyWVhmOHAEVa1i62html *\/ --><\/p>\n<p>[\/fusion_text][\/fusion_builder_column][fusion_builder_column type=&#8221;1_6&#8243; layout=&#8221;1_6&#8243; spacing=&#8221;&#8221; center_content=&#8221;no&#8221; link=&#8221;&#8221; target=&#8221;_self&#8221; min_height=&#8221;&#8221; hide_on_mobile=&#8221;small-visibility,medium-visibility,large-visibility&#8221; class=&#8221;&#8221; id=&#8221;&#8221; hover_type=&#8221;none&#8221; border_color=&#8221;&#8221; border_style=&#8221;solid&#8221; border_position=&#8221;all&#8221; border_radius=&#8221;&#8221; box_shadow=&#8221;no&#8221; dimension_box_shadow=&#8221;&#8221; box_shadow_blur=&#8221;0&#8243; box_shadow_spread=&#8221;0&#8243; box_shadow_color=&#8221;&#8221; box_shadow_style=&#8221;&#8221; padding_top=&#8221;&#8221; padding_right=&#8221;&#8221; padding_bottom=&#8221;&#8221; padding_left=&#8221;&#8221; margin_top=&#8221;&#8221; margin_bottom=&#8221;&#8221; background_type=&#8221;single&#8221; gradient_start_color=&#8221;&#8221; gradient_end_color=&#8221;&#8221; gradient_start_position=&#8221;0&#8243; gradient_end_position=&#8221;100&#8243; gradient_type=&#8221;linear&#8221; radial_direction=&#8221;center center&#8221; linear_angle=&#8221;180&#8243; background_color=&#8221;&#8221; background_image=&#8221;&#8221; background_image_id=&#8221;&#8221; background_position=&#8221;left top&#8221; background_repeat=&#8221;no-repeat&#8221; background_blend_mode=&#8221;none&#8221; animation_type=&#8221;&#8221; animation_direction=&#8221;left&#8221; animation_speed=&#8221;0.3&#8243; animation_offset=&#8221;&#8221; filter_type=&#8221;regular&#8221; filter_hue=&#8221;0&#8243; filter_saturation=&#8221;100&#8243; filter_brightness=&#8221;100&#8243; filter_contrast=&#8221;100&#8243; filter_invert=&#8221;0&#8243; filter_sepia=&#8221;0&#8243; filter_opacity=&#8221;100&#8243; filter_blur=&#8221;0&#8243; filter_hue_hover=&#8221;0&#8243; filter_saturation_hover=&#8221;100&#8243; filter_brightness_hover=&#8221;100&#8243; filter_contrast_hover=&#8221;100&#8243; filter_invert_hover=&#8221;0&#8243; filter_sepia_hover=&#8221;0&#8243; filter_opacity_hover=&#8221;100&#8243; filter_blur_hover=&#8221;0&#8243; last=&#8221;true&#8221; border_sizes_top=&#8221;0&#8243; border_sizes_bottom=&#8221;0&#8243; border_sizes_left=&#8221;0&#8243; border_sizes_right=&#8221;0&#8243; first=&#8221;false&#8221; spacing_left=&#8221;2%&#8221;][\/fusion_builder_column][\/fusion_builder_row][\/fusion_builder_container]<\/p>\n","protected":false},"excerpt":{"rendered":"<p>[fusion_builder_container hundred_percent=&#8221;no&#8221; equal_height_columns=&#8221;no&#8221; menu_anchor=&#8221;&#8221; hide_on_mobile=&#8221;small-visibility,medium-visibility,large-visibility&#8221; class=&#8221;&#8221; id=&#8221;&#8221; background_color=&#8221;&#8221; background_image=&#8221;&#8221; background_position=&#8221;center center&#8221; background_repeat=&#8221;no-repeat&#8221; fade=&#8221;no&#8221; background_parallax=&#8221;none&#8221; parallax_speed=&#8221;0.3&#8243; video_mp4=&#8221;&#8221; video_webm=&#8221;&#8221; video_ogv=&#8221;&#8221; video_url=&#8221;&#8221; video_aspect_ratio=&#8221;16:9&#8243; video_loop=&#8221;yes&#8221; video_mute=&#8221;yes&#8221; overlay_color=&#8221;&#8221; video_preview_image=&#8221;&#8221; border_color=&#8221;&#8221; border_style=&#8221;solid&#8221; padding_top=&#8221;&#8221; padding_bottom=&#8221;&#8221; padding_left=&#8221;&#8221; padding_right=&#8221;&#8221; type=&#8221;legacy&#8221;][fusion_builder_row][fusion_builder_column type=&#8221;1_6&#8243; layout=&#8221;1_6&#8243; spacing=&#8221;&#8221; center_content=&#8221;no&#8221; link=&#8221;&#8221; target=&#8221;_self&#8221; min_height=&#8221;&#8221; hide_on_mobile=&#8221;small-visibility,medium-visibility,large-visibility&#8221; class=&#8221;&#8221; id=&#8221;&#8221; hover_type=&#8221;none&#8221; border_color=&#8221;&#8221; border_style=&#8221;solid&#8221; border_position=&#8221;all&#8221; box_shadow=&#8221;no&#8221; box_shadow_blur=&#8221;0&#8243; box_shadow_spread=&#8221;0&#8243; box_shadow_color=&#8221;&#8221; box_shadow_style=&#8221;&#8221; background_type=&#8221;single&#8221; gradient_start_position=&#8221;0&#8243; gradient_end_position=&#8221;100&#8243; gradient_type=&#8221;linear&#8221; radial_direction=&#8221;center [&hellip;]<\/p>\n","protected":false},"author":24,"featured_media":0,"parent":0,"menu_order":1,"comment_status":"closed","ping_status":"closed","template":"","meta":{"footnotes":""},"class_list":["post-3653","page","type-page","status-publish","hentry"],"aioseo_notices":[],"_links":{"self":[{"href":"https:\/\/prototo.pl\/index.php?rest_route=\/wp\/v2\/pages\/3653","targetHints":{"allow":["GET"]}}],"collection":[{"href":"https:\/\/prototo.pl\/index.php?rest_route=\/wp\/v2\/pages"}],"about":[{"href":"https:\/\/prototo.pl\/index.php?rest_route=\/wp\/v2\/types\/page"}],"author":[{"embeddable":true,"href":"https:\/\/prototo.pl\/index.php?rest_route=\/wp\/v2\/users\/24"}],"replies":[{"embeddable":true,"href":"https:\/\/prototo.pl\/index.php?rest_route=%2Fwp%2Fv2%2Fcomments&post=3653"}],"version-history":[{"count":5,"href":"https:\/\/prototo.pl\/index.php?rest_route=\/wp\/v2\/pages\/3653\/revisions"}],"predecessor-version":[{"id":12742,"href":"https:\/\/prototo.pl\/index.php?rest_route=\/wp\/v2\/pages\/3653\/revisions\/12742"}],"wp:attachment":[{"href":"https:\/\/prototo.pl\/index.php?rest_route=%2Fwp%2Fv2%2Fmedia&parent=3653"}],"curies":[{"name":"wp","href":"https:\/\/api.w.org\/{rel}","templated":true}]}}