{"id":3549,"date":"2012-09-14T22:58:48","date_gmt":"2012-09-14T20:58:48","guid":{"rendered":"https:\/\/prototo.pl.libenter.one\/"},"modified":"2020-03-12T18:03:28","modified_gmt":"2020-03-12T17:03:28","slug":"materialy_oligo","status":"publish","type":"page","link":"https:\/\/prototo.pl\/?page_id=3549","title":{"rendered":"Materia\u0142y oligofrenopedagogika"},"content":{"rendered":"<p>[fusion_builder_container hundred_percent=&#8221;no&#8221; equal_height_columns=&#8221;no&#8221; menu_anchor=&#8221;&#8221; hide_on_mobile=&#8221;small-visibility,medium-visibility,large-visibility&#8221; class=&#8221;&#8221; id=&#8221;&#8221; background_color=&#8221;&#8221; background_image=&#8221;&#8221; background_position=&#8221;center center&#8221; background_repeat=&#8221;no-repeat&#8221; fade=&#8221;no&#8221; background_parallax=&#8221;none&#8221; parallax_speed=&#8221;0.3&#8243; video_mp4=&#8221;&#8221; video_webm=&#8221;&#8221; video_ogv=&#8221;&#8221; video_url=&#8221;&#8221; video_aspect_ratio=&#8221;16:9&#8243; video_loop=&#8221;yes&#8221; video_mute=&#8221;yes&#8221; overlay_color=&#8221;&#8221; video_preview_image=&#8221;&#8221; border_size=&#8221;&#8221; border_color=&#8221;&#8221; border_style=&#8221;solid&#8221; padding_top=&#8221;&#8221; padding_bottom=&#8221;&#8221; padding_left=&#8221;&#8221; padding_right=&#8221;&#8221;][fusion_builder_row][fusion_builder_column type=&#8221;1_1&#8243; layout=&#8221;1_1&#8243; background_position=&#8221;left top&#8221; background_color=&#8221;&#8221; border_size=&#8221;&#8221; border_color=&#8221;&#8221; border_style=&#8221;solid&#8221; border_position=&#8221;all&#8221; spacing=&#8221;yes&#8221; background_image=&#8221;&#8221; background_repeat=&#8221;no-repeat&#8221; padding_top=&#8221;&#8221; padding_right=&#8221;&#8221; padding_bottom=&#8221;&#8221; padding_left=&#8221;&#8221; margin_top=&#8221;0px&#8221; margin_bottom=&#8221;0px&#8221; class=&#8221;&#8221; id=&#8221;&#8221; animation_type=&#8221;&#8221; animation_speed=&#8221;0.3&#8243; animation_direction=&#8221;left&#8221; hide_on_mobile=&#8221;small-visibility,medium-visibility,large-visibility&#8221; center_content=&#8221;no&#8221; last=&#8221;no&#8221; min_height=&#8221;&#8221; hover_type=&#8221;none&#8221; link=&#8221;&#8221;][fusion_text columns=&#8221;&#8221; column_min_width=&#8221;&#8221; column_spacing=&#8221;&#8221; rule_style=&#8221;default&#8221; rule_size=&#8221;&#8221; rule_color=&#8221;&#8221; hide_on_mobile=&#8221;small-visibility,medium-visibility,large-visibility&#8221; class=&#8221;&#8221; id=&#8221;&#8221; animation_type=&#8221;&#8221; animation_direction=&#8221;left&#8221; animation_speed=&#8221;0.3&#8243; animation_offset=&#8221;&#8221;]<\/p>\n<p>Szanowni Pa\u0144stwo!<\/p>\n<p>Witamy na stronie przeznaczonej dla uczestnik\u00f3w Kursu kwalifikacyjnego z zakresu oligofrenopedagogiki. Z tej strony mo\u017cna pobiera\u0107 materia\u0142y realizowane podczas zaj\u0119\u0107. Ponadto znajdziecie tu Pa\u0144stwo dokumenty przekazywane uczestnikom kursu.<\/p>\n<p><span style=\"color: #ff9900;\"><strong><em>Uwaga! Wszystkie materia\u0142y tworzone i przekazywane przez Wyk\u0142adowc\u00f3w PROTOTO s\u0105 chronione prawem autorskim i przeznaczone wy\u0142\u0105cznie do u\u017cytku prywatnego.<\/em><\/strong><\/span><\/p>\n<h3><strong>MATERIA\u0141Y Z ZAJ\u0118\u0106<\/strong><\/h3>\n<p><strong><strong>PSYCHOLOGICZNE PODSTAWY REWALIDACJI<\/strong><\/strong><\/p>\n<ul>\n<li><a href=\"prototo.pl\/wp-content\/uploads\/2012\/09\/Psychologiczne-podstawy-rewalidacji-upo%C5%9Bledzonych-umys%C5%82owo.zag_.egzam_..doc\">Psychologiczne podstawy rewalidacji upo\u015bledzonych umys\u0142owo.zag.egzam.<\/a><\/li>\n<li><a href=\"prototo.pl\/wp-content\/uploads\/2012\/09\/charakterystyka-stopni-uu.pptx\">Charakterystyka stopni uu<\/a><\/li>\n<li><a href=\"prototo.pl\/wp-content\/uploads\/2012\/09\/dziecko-z-wad\u0105-s\u0142uchu.ppt\">Dziecko z wad\u0105 s\u0142uchu<\/a><\/li>\n<li><a href=\"prototo.pl\/wp-content\/uploads\/2012\/09\/zaburzenia-rozwojowe.pptx\">Zaburzenia rozwojowe<\/a><\/li>\n<li><a href=\"prototo.pl\/wp-content\/uploads\/2012\/09\/CHARAKTERYSTYKA-WYBRANYCH-ZESPO\u0141\u00d3W-KLINICZNYCH-W-PRZEBIEGU-KT\u00d3RYCH-WYST\u0118PUJ\u0104-UPO\u015aLEDZENIA-UMYS\u0141OWE.doc\">CHARAKTERYSTYKA WYBRANYCH ZESPO\u0141\u00d3W KLINICZNYCH W PRZEBIEGU KT\u00d3RYCH WYST\u0118PUJ\u0104 UPO\u015aLEDZENIA UMYS\u0141OWE<\/a><\/li>\n<li><a href=\"prototo.pl\/wp-content\/uploads\/2012\/09\/epidemiologia-upo\u015bl.umys\u0142owego.ppt\">Epidemiologia upo\u015bl.umys\u0142owego<\/a><\/li>\n<li><a href=\"prototo.pl\/wp-content\/uploads\/2012\/09\/etiologia-u.u.pptx\">Etiologia u.u<\/a><\/li>\n<li><a href=\"prototo.pl\/wp-content\/uploads\/2012\/09\/orzecznictwo.poradnie-pp.pptx\">Orzecznictwo.poradnie pp<\/a><\/li>\n<li><a href=\"prototo.pl\/wp-content\/uploads\/2012\/09\/rodzina-z-dzieckiem-niepe\u0142nosprawnym-intelektualnie.ppt\">Rodzina z dzieckiem niepe\u0142nosprawnym intelektualnie<\/a><\/li>\n<li><a href=\"prototo.pl\/wp-content\/uploads\/2012\/09\/HaligowskaM_Rewalidacja-upo\u015bledzonych-umys\u0142owo.pptx\">HaligowskaM_Rewalidacja upo\u015bledzonych umys\u0142owo<\/a><\/li>\n<li><a href=\"prototo.pl\/wp-content\/uploads\/2012\/09\/Metody-do-oceny-rozwoju-umys\u0142owego.doc\">Metody do oceny rozwoju umys\u0142owego<\/a><\/li>\n<li><a href=\"prototo.pl\/wp-content\/uploads\/2012\/09\/upo\u015bledzenie.Bogdnowicz.doc\">Upo\u015bledzenie.Bogdnowicz<\/a><\/li>\n<\/ul>\n<p><strong><strong>PEDAGOGIKA SPECJALNA<\/strong><\/strong><\/p>\n<p>Filmy pt. &#8222;Cyrk motyli&#8221;:<\/p>\n<p>http:\/\/www.youtube.com\/watch?v=fyRnby4oE0E<\/p>\n<ul>\n<li><a href=\"prototo.pl\/wp-content\/uploads\/2012\/09\/Pedagogika-Specjalna-WLADYSLAW-DYKCIK1.doc\">Pedagogika Specjalna &#8211; WLADYSLAW DYKCIK<\/a><\/li>\n<li><a href=\"prototo.pl\/wp-content\/uploads\/2012\/09\/cukrzyca-padaczka-postepowanie.pdf\">Cukrzyca padaczka postepowanie<\/a><\/li>\n<\/ul>\n<p><strong><strong>REWALIDACJA INDYWIDUALNA<\/strong><\/strong><\/p>\n<ul>\n<li><a href=\"prototo.pl\/wp-content\/uploads\/2012\/09\/rewalidacja-indywidualna1a.pptx\">Rewalidacja indywidualna1a<\/a><\/li>\n<li><a href=\"prototo.pl\/wp-content\/uploads\/2012\/09\/rewalidacja-indywidualna1b.pptx\">Rewalidacja indywidualna1b<\/a><\/li>\n<li><a href=\"prototo.pl\/wp-content\/uploads\/2012\/09\/rewalidacja-indywidualna21.pptx\">Rewalidacja indywidualna2<\/a><\/li>\n<\/ul>\n<p><strong>OLIGOFRENOPEDAGOGIKA &#8211; MATERIA\u0141Y DO EGZAMINU<\/strong><\/p>\n<ul>\n<li><a href=\"prototo.pl\/wp-content\/uploads\/2012\/09\/Aktywizacja-zawodowa-i-mozliwo\u015bc-zatrudnienia1.pdf\">Aktywizacja zawodowa i mozliwo\u015bc zatrudnienia<\/a><\/li>\n<li><a href=\"prototo.pl\/wp-content\/uploads\/2012\/09\/cechy-nauczyciela-szko\u0142y-specjalnej1.pdf\">Xechy nauczyciela szko\u0142y specjalnej<\/a><\/li>\n<li><a href=\"prototo.pl\/wp-content\/uploads\/2012\/09\/Charakterystyka-osob-z-uposledzeniem-lekkim1.pdf\">Charakterystyka osob z uposledzeniem lekkim<\/a><\/li>\n<li><a href=\"prototo.pl\/wp-content\/uploads\/2012\/09\/Dysfunkcje-intelektualne1.doc\">Dysfunkcje intelektualne<\/a><\/li>\n<li><a href=\"prototo.pl\/wp-content\/uploads\/2012\/09\/Inteligencja-borderline71.pdf\">Inteligencja borderline7<\/a><\/li>\n<li><a href=\"prototo.pl\/wp-content\/uploads\/2012\/09\/KLASYFIKACJA_UPO\u015aLEDZENIA_UMYS\u0141OWEGO-11.doc\">KLASYFIKACJA_UPO\u015aLEDZENIA_UMYS\u0141OWEGO-1<\/a><\/li>\n<li><a href=\"prototo.pl\/wp-content\/uploads\/2012\/09\/Kryzys-emocjonalny-artyku\u01421.docx\">Kryzys emocjonalny artyku\u0142<\/a><\/li>\n<li><a href=\"prototo.pl\/wp-content\/uploads\/2012\/09\/lista-zycze\u0144-rodzic\u00f3w1.docx\">Lista \u017cycze\u0144 rodzic\u00f3w<\/a><\/li>\n<li><a href=\"prototo.pl\/wp-content\/uploads\/2012\/09\/MODYFIKOWANIE-ZACHOWA\u01431.pdf\">MODYFIKOWANIE ZACHOWA\u0143<\/a><\/li>\n<li><a href=\"prototo.pl\/wp-content\/uploads\/2012\/09\/OLIGO_WPROWADZENIE1.pdf\">OLIGO_WPROWADZENIE<\/a><\/li>\n<li><a href=\"prototo.pl\/wp-content\/uploads\/2012\/09\/postawy-rodzicielskie1.pdf\">Postawy rodzicielskie<\/a><\/li>\n<li><a href=\"prototo.pl\/wp-content\/uploads\/2012\/09\/Profilaktyka-postaw-rodzicielskich1.docx\">Profilaktyka postaw rodzicielskich<\/a><\/li>\n<li><a href=\"prototo.pl\/wp-content\/uploads\/2012\/09\/Uposledzeni-umyslowo_proces-uczenia-sie1.pdf\">Uposledzeni umyslowo_proces uczenia sie<\/a><\/li>\n<li><a href=\"prototo.pl\/wp-content\/uploads\/2012\/09\/WTZ1.docx\">WTZ<\/a><\/li>\n<\/ul>\n<p><strong><strong>PEDAGOGIKA SPECJALNA<\/strong><\/strong><\/p>\n<ul>\n<li><a href=\"prototo.pl\/wp-content\/uploads\/2012\/09\/Maria-Grzegorzewska_Listy-do-m\u0142odego-nauczyciela.pdf\">Maria Grzegorzewska_Listy do m\u0142odego nauczyciela<\/a><\/li>\n<li><a href=\"prototo.pl\/wp-content\/uploads\/2012\/09\/Pedagogika-Specjalna-WLADYSLAW-DYKCIK1.doc\">Pedagogika Specjalna &#8211; WLADYSLAW DYKCIK<\/a><\/li>\n<li><a href=\"prototo.pl\/wp-content\/uploads\/2012\/09\/rozporz\u0105dzenia-dot.-oligofrenopedagogiki.doc\">Rozporz\u0105dzenia dot. oligofrenopedagogiki<\/a><\/li>\n<\/ul>\n<p>MARIA GRZEGORZEWSKA<\/p>\n<ul>\n<li><a href=\"prototo.pl\/wp-content\/uploads\/2013\/01\/dziecko-z-adhd-w-szkole-i-przedszkolu.pdf\">Dziecko z adhd w szkole i przedszkolu<\/a><\/li>\n<li><a href=\"prototo.pl\/wp-content\/uploads\/2013\/01\/dziecko-z-autyzmem-i-zespoem-aspergera-w-szkole-i-przedszkolu.pdf\">Dziecko z autyzmem i zespoem aspergera w szkole i przedszkolu<\/a><\/li>\n<li><a href=\"prototo.pl\/wp-content\/uploads\/2013\/01\/dziecko-z-depresj-w-szkole-i-przedszkolu.pdf\">Dziecko z depresj w szkole i przedszkolu<\/a><\/li>\n<li><a href=\"prototo.pl\/wp-content\/uploads\/2013\/01\/dziecko-z-padaczk-w-szkole-i-przedszkolu.pdf\">Dziecko z padaczk w szkole i przedszkolu<\/a><\/li>\n<li><a href=\"prototo.pl\/wp-content\/uploads\/2013\/01\/dziecko-z-zaburzeniami-lkowymi-w-szkole-i-przedszkolu.pdf\">Dziecko z zaburzeniami lkowymi w szkole i przedszkolu<\/a><\/li>\n<li><a href=\"prototo.pl\/wp-content\/uploads\/2013\/01\/dziecko-z-zaburzeniami-odywiania-w-szkole-i-przedszkolu.pdf\">Dziecko z zaburzeniami odywiania w szkole i przedszkolu<\/a><\/li>\n<li><a href=\"prototo.pl\/wp-content\/uploads\/2013\/01\/dziecko-z-zaburzeniami-psychotycznymi-w-szkole.pdf\">Dziecko z zaburzeniami psychotycznymi w szkole<\/a><\/li>\n<li><a href=\"prototo.pl\/wp-content\/uploads\/2013\/01\/dziecko-z-zaburzeniami-tikowymi-w-szkole-i-przedszkolu.pdf\">Dziecko z zaburzeniami tikowymi w szkole i przedszkolu<\/a><\/li>\n<\/ul>\n<p><strong>METODYKA &#8230; G\u0141\u0118BIEJ<\/strong><\/p>\n<ul>\n<li><a href=\"prototo.pl\/wp-content\/uploads\/2012\/09\/Programy-aktywno\u015bci-Knill\u00f3w-SPIS.doc\">Programy aktywno\u015bci Knill\u00f3w SPIS<\/a><\/li>\n<li><a href=\"prototo.pl\/wp-content\/uploads\/2012\/09\/przykladowy-ipet-indywidualne.doc\">przykladowy ipet indywidualne<\/a><\/li>\n<\/ul>\n<p><strong>BIBLIOGRAFIA I ALTERNATYWNA KOMUNIKACJA<\/strong><\/p>\n<p><a href=\"prototo.pl\/wp-content\/uploads\/2012\/09\/20150528_130020.jpg\" rel=\"attachment wp-att-6467\"><img loading=\"lazy\" decoding=\"async\" class=\"alignnone size-thumbnail wp-image-6467\" src=\"prototo.pl\/wp-content\/uploads\/2012\/09\/20150528_130020-150x150.jpg\" alt=\"20150528_130020\" width=\"150\" height=\"150\" \/><\/a> <a href=\"prototo.pl\/wp-content\/uploads\/2012\/09\/20150528_130045.jpg\" rel=\"attachment wp-att-6468\"><img loading=\"lazy\" decoding=\"async\" class=\"alignnone size-thumbnail wp-image-6468\" src=\"prototo.pl\/wp-content\/uploads\/2012\/09\/20150528_130045-150x150.jpg\" alt=\"20150528_130045\" width=\"150\" height=\"150\" \/><\/a> <a href=\"prototo.pl\/wp-content\/uploads\/2012\/09\/20150528_130058.jpg\" rel=\"attachment wp-att-6469\"><img loading=\"lazy\" decoding=\"async\" class=\"alignnone size-thumbnail wp-image-6469\" src=\"prototo.pl\/wp-content\/uploads\/2012\/09\/20150528_130058-150x150.jpg\" alt=\"20150528_130058\" width=\"150\" height=\"150\" \/><\/a> <a href=\"prototo.pl\/wp-content\/uploads\/2012\/09\/20150528_130121.jpg\" rel=\"attachment wp-att-6470\"><img loading=\"lazy\" decoding=\"async\" class=\"alignnone size-thumbnail wp-image-6470\" src=\"prototo.pl\/wp-content\/uploads\/2012\/09\/20150528_130121-150x150.jpg\" alt=\"20150528_130121\" width=\"150\" height=\"150\" \/><\/a> <a href=\"prototo.pl\/wp-content\/uploads\/2012\/09\/20150528_130136.jpg\" rel=\"attachment wp-att-6471\"><img loading=\"lazy\" decoding=\"async\" class=\"alignnone size-thumbnail wp-image-6471\" src=\"prototo.pl\/wp-content\/uploads\/2012\/09\/20150528_130136-150x150.jpg\" alt=\"20150528_130136\" width=\"150\" height=\"150\" \/><\/a> <a href=\"prototo.pl\/wp-content\/uploads\/2012\/09\/20150528_130157.jpg\" rel=\"attachment wp-att-6472\"><img loading=\"lazy\" decoding=\"async\" class=\"alignnone size-thumbnail wp-image-6472\" src=\"prototo.pl\/wp-content\/uploads\/2012\/09\/20150528_130157-150x150.jpg\" alt=\"20150528_130157\" width=\"150\" height=\"150\" \/><\/a> <a href=\"prototo.pl\/wp-content\/uploads\/2012\/09\/20150528_130213.jpg\" rel=\"attachment wp-att-6473\"><img loading=\"lazy\" decoding=\"async\" class=\"alignnone size-thumbnail wp-image-6473\" src=\"prototo.pl\/wp-content\/uploads\/2012\/09\/20150528_130213-150x150.jpg\" alt=\"20150528_130213\" width=\"150\" height=\"150\" \/><\/a><\/p>\n<p><a href=\"prototo.pl\/materialy_oligo\/aac-notatka-dla-oligo\/\" rel=\"attachment wp-att-6474\">AAC &#8211; notatka dla OLIGO<\/a><\/p>\n<p>[\/fusion_text][\/fusion_builder_column][\/fusion_builder_row][\/fusion_builder_container]<\/p>\n","protected":false},"excerpt":{"rendered":"<p>[fusion_builder_container hundred_percent=&#8221;no&#8221; equal_height_columns=&#8221;no&#8221; menu_anchor=&#8221;&#8221; hide_on_mobile=&#8221;small-visibility,medium-visibility,large-visibility&#8221; class=&#8221;&#8221; id=&#8221;&#8221; background_color=&#8221;&#8221; background_image=&#8221;&#8221; background_position=&#8221;center center&#8221; background_repeat=&#8221;no-repeat&#8221; fade=&#8221;no&#8221; background_parallax=&#8221;none&#8221; parallax_speed=&#8221;0.3&#8243; video_mp4=&#8221;&#8221; video_webm=&#8221;&#8221; video_ogv=&#8221;&#8221; video_url=&#8221;&#8221; video_aspect_ratio=&#8221;16:9&#8243; video_loop=&#8221;yes&#8221; video_mute=&#8221;yes&#8221; overlay_color=&#8221;&#8221; video_preview_image=&#8221;&#8221; border_size=&#8221;&#8221; border_color=&#8221;&#8221; border_style=&#8221;solid&#8221; padding_top=&#8221;&#8221; padding_bottom=&#8221;&#8221; padding_left=&#8221;&#8221; padding_right=&#8221;&#8221;][fusion_builder_row][fusion_builder_column type=&#8221;1_1&#8243; layout=&#8221;1_1&#8243; background_position=&#8221;left top&#8221; background_color=&#8221;&#8221; border_size=&#8221;&#8221; border_color=&#8221;&#8221; border_style=&#8221;solid&#8221; border_position=&#8221;all&#8221; spacing=&#8221;yes&#8221; background_image=&#8221;&#8221; background_repeat=&#8221;no-repeat&#8221; padding_top=&#8221;&#8221; padding_right=&#8221;&#8221; padding_bottom=&#8221;&#8221; padding_left=&#8221;&#8221; margin_top=&#8221;0px&#8221; margin_bottom=&#8221;0px&#8221; class=&#8221;&#8221; id=&#8221;&#8221; animation_type=&#8221;&#8221; animation_speed=&#8221;0.3&#8243; animation_direction=&#8221;left&#8221; hide_on_mobile=&#8221;small-visibility,medium-visibility,large-visibility&#8221; [&hellip;]<\/p>\n","protected":false},"author":24,"featured_media":0,"parent":0,"menu_order":0,"comment_status":"closed","ping_status":"closed","template":"","meta":{"footnotes":""},"class_list":["post-3549","page","type-page","status-publish","hentry"],"aioseo_notices":[],"_links":{"self":[{"href":"https:\/\/prototo.pl\/index.php?rest_route=\/wp\/v2\/pages\/3549","targetHints":{"allow":["GET"]}}],"collection":[{"href":"https:\/\/prototo.pl\/index.php?rest_route=\/wp\/v2\/pages"}],"about":[{"href":"https:\/\/prototo.pl\/index.php?rest_route=\/wp\/v2\/types\/page"}],"author":[{"embeddable":true,"href":"https:\/\/prototo.pl\/index.php?rest_route=\/wp\/v2\/users\/24"}],"replies":[{"embeddable":true,"href":"https:\/\/prototo.pl\/index.php?rest_route=%2Fwp%2Fv2%2Fcomments&post=3549"}],"version-history":[{"count":3,"href":"https:\/\/prototo.pl\/index.php?rest_route=\/wp\/v2\/pages\/3549\/revisions"}],"predecessor-version":[{"id":12477,"href":"https:\/\/prototo.pl\/index.php?rest_route=\/wp\/v2\/pages\/3549\/revisions\/12477"}],"wp:attachment":[{"href":"https:\/\/prototo.pl\/index.php?rest_route=%2Fwp%2Fv2%2Fmedia&parent=3549"}],"curies":[{"name":"wp","href":"https:\/\/api.w.org\/{rel}","templated":true}]}}