{"id":3060,"date":"2012-05-25T15:15:56","date_gmt":"2012-05-25T13:15:56","guid":{"rendered":"http:\/\/prototo.pl.libenter.one\/"},"modified":"2020-03-12T17:44:42","modified_gmt":"2020-03-12T16:44:42","slug":"kurs_terapia","status":"publish","type":"page","link":"https:\/\/prototo.pl\/kurs_terapia\/","title":{"rendered":"Kurs &#8211; Terapia pedagogiczna"},"content":{"rendered":"<div class=\"fusion-fullwidth fullwidth-box fusion-builder-row-1 nonhundred-percent-fullwidth non-hundred-percent-height-scrolling\" style=\"background-color: rgba(255,255,255,0);background-position: center center;background-repeat: no-repeat;padding-top:0px;padding-right:0px;padding-bottom:0px;padding-left:0px;margin-bottom: 0px;margin-top: 0px;border-width: 0px 0px 0px 0px;border-color:#e7e4e2;border-style:solid;\" ><div class=\"fusion-builder-row fusion-row\"><div class=\"fusion-layout-column fusion_builder_column fusion-builder-column-0 fusion_builder_column_1_1 1_1 fusion-one-full fusion-column-first fusion-column-last\" style=\"margin-top:0px;margin-bottom:0px;\"><div class=\"fusion-column-wrapper fusion-flex-column-wrapper-legacy\" style=\"background-position:left top;background-repeat:no-repeat;-webkit-background-size:cover;-moz-background-size:cover;-o-background-size:cover;background-size:cover;padding: 0px 0px 0px 0px;\"><div class=\"fusion-text fusion-text-1\" style=\"transform:translate3d(0,0,0);\"><p>Szanowni Pa\u0144stwo!<\/p>\n<p>Witamy na stronie przeznaczonej dla uczestnik\u00f3w Kursu kwalifikacyjnego z zakresu terapii pedagogicznej. Z tej strony mo\u017cna pobiera\u0107 materia\u0142y przekazane uczestnikom kursu.<\/p>\n<p><span style=\"color: #ff9900;\"><strong><em>Uwaga! Wszystkie materia\u0142y tworzone i przekazywane przez Wyk\u0142adowc\u00f3w NPDN PROTOTO s\u0105 chronione prawem autorskim i przeznaczone wy\u0142\u0105cznie do u\u017cytku prywatnego.<\/em><\/strong><\/span><\/p>\n<h3><strong>MATERIA\u0141Y Z ZAJ\u0118\u0106<\/strong><\/h3>\n<p><em>Uwaga! Wyk\u0142adowcy przekazuj\u0105 materia\u0142y dobrowolnie.<\/em><\/p>\n<p style=\"text-align: justify;\"><strong>WYBRANE ZAGADNIENIA Z METODYKI NAUCZANIA POCZ\u0104TKOWEGO<\/strong><\/p>\n<ul>\n<li style=\"text-align: justify;\"><a href=\"prototo.pl\/wp-content\/uploads\/2012\/05\/Wybrane-zagadnienia-z-metodyki-nauczania-jpolskiego.pptx\">Wybrane zagadnienia z metodyki nauczania jpolskiego<\/a><\/li>\n<li style=\"text-align: justify;\"><a href=\"prototo.pl\/wp-content\/uploads\/2012\/05\/Metodyka-nauczania-literatura1.docx\">Metodyka nauczania -literatura<\/a><\/li>\n<\/ul>\n<p style=\"text-align: justify;\"><strong>METODYKA ZAJ\u0118\u0106 TERAPEUTYCZNYCH DLA DZIECI Z ZABURZENIAMI ROZWOJU EMOCJONALNEGO I SPO\u0141ECZNEGO<\/strong><\/p>\n<ul>\n<li style=\"text-align: justify;\"><a href=\"prototo.pl\/wp-content\/uploads\/2012\/05\/FAS.pptx\">FAS<\/a><\/li>\n<li style=\"text-align: justify;\"><a href=\"prototo.pl\/kurs_terapia\/zaburzenia-emocjonalne-i-spoleczne-u-dzieci\/\" rel=\"attachment wp-att-5228\">Zaburzenia emocjonalne i spo\u0142eczne u dzieci<\/a><\/li>\n<\/ul>\n<p style=\"text-align: justify;\"><strong>WYBRANE ZAGADNIENIA Z LOGOPEDII I ZABURZE\u0143 ROZWOJU MOWY<\/strong><\/p>\n<ul>\n<li style=\"text-align: justify;\"><a href=\"prototo.pl\/wp-content\/uploads\/2012\/05\/Integracja-Sensoryczna.ppt\">Integracja Sensoryczna<\/a><\/li>\n<\/ul>\n<p style=\"text-align: justify;\"><strong>WYBRANE ZAGADNIENIA Z PSYCHOLOGII ROZWOJOWEJ, WYCHOWAWCZEJ I KLINICZNEJ<\/strong><\/p>\n<ul>\n<li style=\"text-align: justify;\"><a href=\"prototo.pl\/wp-content\/uploads\/2012\/05\/zagadnienia.egz_.kliniczna2014.doc\">Zagadnienia.egz.kliniczna2014<\/a><\/li>\n<li style=\"text-align: justify;\"><a href=\"prototo.pl\/wp-content\/uploads\/2012\/05\/psychologia-kliniczna.ppt\">Psychologia kliniczna<\/a><\/li>\n<li style=\"text-align: justify;\"><a href=\"prototo.pl\/wp-content\/uploads\/2012\/05\/literatura.34.doc\">Literatura.3,4<\/a><\/li>\n<li style=\"text-align: justify;\"><a href=\"prototo.pl\/wp-content\/uploads\/2012\/05\/literatura.kliniczna.doc\">Literatura.kliniczna<\/a><\/li>\n<li style=\"text-align: justify;\"><a href=\"prototo.pl\/wp-content\/uploads\/2012\/05\/objaw.ppt\">Objaw<\/a><\/li>\n<li style=\"text-align: justify;\"><a href=\"prototo.pl\/wp-content\/uploads\/2012\/05\/poj\u0119cie-normy-i-patologii.ppt\">Poj\u0119cie normy i patologii<\/a><\/li>\n<li style=\"text-align: justify;\"><a href=\"prototo.pl\/wp-content\/uploads\/2012\/05\/zaburzenia-osob.tabela.doc\">Zaburzenia osob.tabela<\/a><\/li>\n<li style=\"text-align: justify;\"><a href=\"prototo.pl\/wp-content\/uploads\/2012\/05\/nerwice.ppt\">Nerwice<\/a><\/li>\n<li style=\"text-align: justify;\"><a href=\"prototo.pl\/wp-content\/uploads\/2012\/05\/zaburzenia-zachowania.ppt\">Zaburzenia zachowania<\/a><\/li>\n<li style=\"text-align: justify;\"><a href=\"prototo.pl\/wp-content\/uploads\/2012\/05\/m\u0142odzi-samob\u00f3jcy.doc\">M\u0142odzi samob\u00f3jcy<\/a><\/li>\n<li style=\"text-align: justify;\"><a href=\"prototo.pl\/wp-content\/uploads\/2012\/05\/mutyzm.artyku\u0142y.doc\">Mutyzm.artyku\u0142y<\/a><\/li>\n<li style=\"text-align: justify;\"><a href=\"prototo.pl\/wp-content\/uploads\/2012\/05\/narkomanii-internetu.doc\">Narkomanii internetu<\/a><\/li>\n<li style=\"text-align: justify;\"><a href=\"prototo.pl\/wp-content\/uploads\/2012\/05\/nerwice-tabela.doc\">Nerwice-tabela<\/a><\/li>\n<li style=\"text-align: justify;\"><a href=\"prototo.pl\/wp-content\/uploads\/2012\/05\/Wielki-smutek-m\u0142odych-ludzi.doc\">Wielki smutek m\u0142odych ludzi<\/a><\/li>\n<li style=\"text-align: justify;\"><a href=\"prototo.pl\/wp-content\/uploads\/2012\/05\/ZABURZENIA-L\u0118KOWE-WYST\u0118PUJ\u0104CE-U-DZIECI.doc\">ZABURZENIA L\u0118KOWE WYST\u0118PUJ\u0104CE U DZIECI<\/a><\/li>\n<li style=\"text-align: justify;\"><a href=\"prototo.pl\/wp-content\/uploads\/2012\/05\/zaburzenia-zachowania.-klasyfikacja.3.12.doc\">Zaburzenia zachowania. klasyfikacja.3.12<\/a><\/li>\n<li style=\"text-align: justify;\"><a href=\"prototo.pl\/wp-content\/uploads\/2012\/05\/Rozmowa-ze-specjalist\u0105-od-depresji-m\u0142odzie\u017cy.doc\">Rozmowa ze specjalist\u0105 od depresji m\u0142odzie\u017cy<\/a><\/li>\n<li style=\"text-align: justify;\"><a href=\"prototo.pl\/wp-content\/uploads\/2012\/05\/Narcyz.doc\">Narcyz<\/a><\/li>\n<li style=\"text-align: justify;\"><a href=\"prototo.pl\/wp-content\/uploads\/2012\/05\/narcyzm-si\u0119-nazywam.doc\">Narcyzm si\u0119 nazywam<\/a><\/li>\n<li style=\"text-align: justify;\"><a href=\"prototo.pl\/wp-content\/uploads\/2012\/05\/Osobowo\u015b\u0107-borderline.doc\">Osobowo\u015b\u0107 borderline<\/a><\/li>\n<li style=\"text-align: justify;\"><a href=\"prototo.pl\/wp-content\/uploads\/2012\/05\/zaburzenia-osobowo\u015bci.pptx\">Zaburzenia osobowo\u015bci<\/a><\/li>\n<li style=\"text-align: justify;\"><a href=\"prototo.pl\/wp-content\/uploads\/2012\/05\/zaburzenia-rozwojowe.pptx\">Zaburzenia rozwojowe<\/a><\/li>\n<li style=\"text-align: justify;\"><a href=\"prototo.pl\/wp-content\/uploads\/2012\/05\/nadpobudliwo\u015b\u0107.zahamowanie.ppt\">Nadpobudliwo\u015b\u0107.zahamowanie<\/a><\/li>\n<li style=\"text-align: justify;\"><a href=\"prototo.pl\/wp-content\/uploads\/2012\/05\/poj\u0119cie-dysleksji-i-dysgrafii.pptx\">Poj\u0119cie dysleksji i dysgrafii<\/a><\/li>\n<li style=\"text-align: justify;\"><a href=\"prototo.pl\/wp-content\/uploads\/2012\/05\/upo\u015bledzenie-umys\u0142owe.pptx\">Upo\u015bledzenie umys\u0142owe<\/a><\/li>\n<li style=\"text-align: justify;\"><a href=\"prototo.pl\/wp-content\/uploads\/2012\/05\/zaburzenia-procesu-lateralizacji.pptx\">Zaburzenia procesu lateralizacji<\/a><\/li>\n<li style=\"text-align: justify;\"><a href=\"prototo.pl\/wp-content\/uploads\/2012\/05\/zaburzenia-rozwoju-mowy.op\u00f3\u017anienia-w-rozwoju-mowy.pptx\">Zaburzenia rozwoju mowy.op\u00f3\u017anienia w rozwoju mowy<\/a><\/li>\n<li style=\"text-align: justify;\"><a href=\"prototo.pl\/kurs_terapia\/obraz-siebie-mechanizmy-obronne\/\" rel=\"attachment wp-att-5224\">Obraz siebie.mechanizmy obronne<\/a><\/li>\n<li style=\"text-align: justify;\"><a href=\"prototo.pl\/kurs_terapia\/zaburzenia-rozwoju-emocj-spol-seks\/\" rel=\"attachment wp-att-5223\">Zaburzenia rozwoju emocj.spo\u0142.seks.<\/a><\/li>\n<li style=\"text-align: justify;\"><a href=\"prototo.pl\/kurs_terapia\/jesli-jestes-ofiara-przemocy-poznaj-swoje-prawa\/\" rel=\"attachment wp-att-5466\">Je\u015bli jeste\u015b ofiar\u0105 przemocy-poznaj swoje prawa<\/a><\/li>\n<li style=\"text-align: justify;\"><a href=\"prototo.pl\/kurs_terapia\/mity-i-fakty-na-temat-przemocy\/\" rel=\"attachment wp-att-5467\">Mity i fakty na temat przemocy<\/a> <a href=\"prototo.pl\/kurs_terapia\/objawy-przemocy-emocjonalnej\/\" rel=\"attachment wp-att-5468\">objawy przemocy emocjonalnej<\/a><\/li>\n<li style=\"text-align: justify;\"><a href=\"prototo.pl\/kurs_terapia\/objawy-przemocy-fizycznej\/\" rel=\"attachment wp-att-5469\">Objawy przemocy fizycznej<\/a><\/li>\n<li style=\"text-align: justify;\"><a href=\"prototo.pl\/kurs_terapia\/objawy-przemocy-seksualnej\/\" rel=\"attachment wp-att-5470\">Objawy przemocy seksualnej<\/a><\/li>\n<li style=\"text-align: justify;\"><a href=\"prototo.pl\/kurs_terapia\/objawy-zaniedbania\/\" rel=\"attachment wp-att-5471\">OBJAWY zaniedbania<\/a><\/li>\n<li style=\"text-align: justify;\"><a href=\"prototo.pl\/kurs_terapia\/pierwszy-kontakt\/\" rel=\"attachment wp-att-5472\">Pierwszy kontakt<\/a> <a href=\"prototo.pl\/kurs_terapia\/przejawy-przemocy-fiz-i-emocj\/\" rel=\"attachment wp-att-5473\">przejawy przemocy fiz. i emocj.<\/a><\/li>\n<li style=\"text-align: justify;\"><a href=\"prototo.pl\/kurs_terapia\/przejawy-przemocy-seks-i-zaniedbania\/\" rel=\"attachment wp-att-5474\">Przejawy przemocy seks. i zaniedbania<\/a><\/li>\n<li style=\"text-align: justify;\"><a href=\"prototo.pl\/kurs_terapia\/przemoc-seksualna\/\" rel=\"attachment wp-att-5475\">Przemoc seksualna<\/a><\/li>\n<li style=\"text-align: justify;\"><a href=\"prototo.pl\/kurs_terapia\/przemoc-bibliografia\/\" rel=\"attachment wp-att-5476\">PRZEMOC. bibliografia<\/a><\/li>\n<li style=\"text-align: justify;\"><a href=\"prototo.pl\/kurs_terapia\/przemoc\/\" rel=\"attachment wp-att-5477\">Przemoc<\/a><\/li>\n<li style=\"text-align: justify;\"><a href=\"prototo.pl\/kurs_terapia\/skutecznosc-pracy-terapeutycznej-z-dziecmi-z-doswiadczeniami-traumy\/\" rel=\"attachment wp-att-5478\">Skuteczno\u015b\u0107 pracy terapeutycznej z dzie\u0107mi z do\u015bwiadczeniami traumy<\/a><\/li>\n<li style=\"text-align: justify;\"><a href=\"prototo.pl\/kurs_terapia\/uwarunkowania-przemocy1\/\" rel=\"attachment wp-att-5479\">Uwarunkowania przemocy1<\/a><\/li>\n<li style=\"text-align: justify;\"><a href=\"prototo.pl\/kurs_terapia\/cierpiace-dzieci-munchhausena\/\" rel=\"attachment wp-att-5480\">Cierpi\u0105ce dzieci Munchhausena<\/a><\/li>\n<li style=\"text-align: justify;\"><a href=\"prototo.pl\/kurs_terapia\/rysunek\/\" rel=\"attachment wp-att-5481\">Rysunek<\/a><\/li>\n<\/ul>\n<p style=\"text-align: justify;\"><strong><strong>METODYKA (&#8230;) MATEMATYKI<\/strong><\/strong><\/p>\n<ul>\n<li style=\"text-align: justify;\"><a href=\"prototo.pl\/wp-content\/uploads\/2012\/05\/SPECYFICZNE-I-NIESPECYFICZNE-TRUDNO\u015aCI-W-UCZENIU-SI\u0118-MATEMATYKI.ppt\">SPECYFICZNE I NIESPECYFICZNE TRUDNO\u015aCI W UCZENIU SI\u0118 MATEMATYKI<\/a><\/li>\n<li style=\"text-align: justify;\"><a href=\"prototo.pl\/wp-content\/uploads\/2012\/05\/PPP-nowe-obowi\u0105zki-nauczyciela.ppt\">PPP nowe obowi\u0105zki nauczyciela<\/a><\/li>\n<li style=\"text-align: justify;\"><a href=\"prototo.pl\/wp-content\/uploads\/2012\/05\/dyskalkulia.pptx\">Dyskalkulia<\/a><\/li>\n<li style=\"text-align: justify;\"><a href=\"prototo.pl\/wp-content\/uploads\/2012\/05\/trudnosci_w_matematyce_opinia_nauczyciela.pdf\">Trudno\u015bci_w_matematyce_opinia_nauczyciela<\/a><\/li>\n<li style=\"text-align: justify;\"><a href=\"prototo.pl\/wp-content\/uploads\/2012\/05\/Sprawdziany-bieg\u0142o\u015b\u0107-liczenia.pdf\">Sprawdziany-bieg\u0142o\u015b\u0107 liczenia<\/a><\/li>\n<li style=\"text-align: justify;\"><a href=\"prototo.pl\/wp-content\/uploads\/2012\/05\/Tre\u015b\u0107-i-uk\u0142ad-dzia\u0142a\u0144-bieg\u0142o\u015b\u0107-liczenia.pdf\">Tre\u015b\u0107 i uk\u0142ad dzia\u0142a\u0144-bieg\u0142o\u015b\u0107 liczenia<\/a><\/li>\n<li><a href=\"prototo.pl\/kurs_terapia\/rymowanki-polonistyczne-mnemotechnika\/\" rel=\"attachment wp-att-5185\">RYMOWANKI POLONISTYCZNE MNEMOTECHNIKA <\/a>&#8211; plik od p. Florkiewicz<\/li>\n<li><a href=\"prototo.pl\/kurs_terapia\/bajka-dary-dla-pani-jesieni\/\" rel=\"attachment wp-att-5187\">Bajka Dary dla pani Jesieni<\/a><\/li>\n<li><a href=\"prototo.pl\/kurs_terapia\/bajka-matematyczna-czerwony-kapturek1\/\" rel=\"attachment wp-att-5188\">Bajka matematyczna Czerwony Kapturek(1)<\/a><\/li>\n<li><a href=\"prototo.pl\/kurs_terapia\/bajka-o-czerwonym-kaputrku\/\" rel=\"attachment wp-att-5189\">BAJKA O CZERWONYM KAPUTRKU<\/a><\/li>\n<li><a href=\"prototo.pl\/kurs_terapia\/bajki_matematyczne\/\" rel=\"attachment wp-att-5190\">Bajki_matematyczne<\/a> &#8211; \u017ar\u00f3d\u0142o: <span style=\"font-family: Calibri; font-size: medium;\"><span style=\"font-family: Times New Roman;\"><cite><a href=\"http:\/\/www.wodnskierniewice.eu\/...\/lidia_zielkowska_bajki_matematyczne.pdf%E2%80%8E\" target=\"_blank\" rel=\"noopener noreferrer\">www.wodnskierniewice.eu\/&#8230;\/<wbr \/>lidia_zielkowska_<b>bajki<\/b>_<b>matemat<wbr \/>yczne<\/b>.pdf<\/a><\/cite><\/span><\/span><\/li>\n<li><a href=\"prototo.pl\/kurs_terapia\/struktura-zadania\/\" rel=\"attachment wp-att-5191\">STRUKTURA ZADANIA<\/a><\/li>\n<li><a href=\"prototo.pl\/kurs_terapia\/zadania-matematyczne-jako-sytuacje-trudne\/\" rel=\"attachment wp-att-5192\">Zadania matematyczne jako sytuacje trudne<\/a><\/li>\n<li><a href=\"prototo.pl\/kurs_terapia\/20140324_00005\/\" rel=\"attachment wp-att-5193\">20140324_00005 <\/a>\u017ar\u00f3d\u0142o: Zestaw pomocy do opracowania J. Baran: &#8222;Terapia zabaw\u0105&#8221;,<br \/>\nWarsawa 1991, Centralny O\u015brodek Metodyczny Poradnictwa Wychowawczo &#8211;<br \/>\nZawodowego M.O.i W<\/li>\n<li><a href=\"prototo.pl\/kurs_terapia\/co-moga-zrobic-rodzice\/\" rel=\"attachment wp-att-5194\">CO MOG\u0104 ZROBI\u0106 RODZICE<\/a><\/li>\n<li><a href=\"prototo.pl\/kurs_terapia\/dyskalkulia-problem-calego-zycia\/\" rel=\"attachment wp-att-5195\">Dyskalkulia problem ca\u0142ego \u017cycia<\/a><\/li>\n<li><a href=\"prototo.pl\/kurs_terapia\/terapia-zaburzen-um-arytmetycznych\/\" rel=\"attachment wp-att-5196\">Terapia zaburze\u0144 um. arytmetycznych<\/a><\/li>\n<li style=\"text-align: justify;\"><a href=\"prototo.pl\/kurs_terapia\/co-moga-zrobic-rodzice-2\/\" rel=\"attachment wp-att-5230\">CO MOG\u0104 ZROBI\u0106 RODZICE<\/a> <a href=\"prototo.pl\/kurs_terapia\/terapia-zaburzen-um-arytmetycznych-2\/\" rel=\"attachment wp-att-5231\">terapia zaburze\u0144 um. arytmetycznych<\/a> <a href=\"prototo.pl\/kurs_terapia\/dyskalkulia-problem-calego-zycia-2\/\" rel=\"attachment wp-att-5232\">dyskalkulia problem ca\u0142ego \u017cycia<\/a><\/li>\n<li style=\"text-align: justify;\"><a href=\"prototo.pl\/kurs_terapia\/sztuka-konstruowania-gier\/\" rel=\"attachment wp-att-5238\">Sztuka konstruowania gier<\/a><\/li>\n<li style=\"text-align: justify;\"><a href=\"prototo.pl\/kurs_terapia\/klasyfikacja-2\/\" rel=\"attachment wp-att-5484\">Klasyfikacja<\/a><\/li>\n<li style=\"text-align: justify;\"><a href=\"prototo.pl\/kurs_terapia\/koordynacja-w-r-or-przestzrenna\/\" rel=\"attachment wp-att-5485\">koordynacja w-r, or.przestrzenna<\/a><\/li>\n<\/ul>\n<\/div><div class=\"fusion-clearfix\"><\/div><\/div><\/div><\/div><\/div>\n","protected":false},"excerpt":{"rendered":"","protected":false},"author":2,"featured_media":0,"parent":0,"menu_order":0,"comment_status":"closed","ping_status":"closed","template":"","meta":{"footnotes":""},"class_list":["post-3060","page","type-page","status-publish","hentry"],"aioseo_notices":[],"_links":{"self":[{"href":"https:\/\/prototo.pl\/wp-json\/wp\/v2\/pages\/3060","targetHints":{"allow":["GET"]}}],"collection":[{"href":"https:\/\/prototo.pl\/wp-json\/wp\/v2\/pages"}],"about":[{"href":"https:\/\/prototo.pl\/wp-json\/wp\/v2\/types\/page"}],"author":[{"embeddable":true,"href":"https:\/\/prototo.pl\/wp-json\/wp\/v2\/users\/2"}],"replies":[{"embeddable":true,"href":"https:\/\/prototo.pl\/wp-json\/wp\/v2\/comments?post=3060"}],"version-history":[{"count":3,"href":"https:\/\/prototo.pl\/wp-json\/wp\/v2\/pages\/3060\/revisions"}],"predecessor-version":[{"id":12469,"href":"https:\/\/prototo.pl\/wp-json\/wp\/v2\/pages\/3060\/revisions\/12469"}],"wp:attachment":[{"href":"https:\/\/prototo.pl\/wp-json\/wp\/v2\/media?parent=3060"}],"curies":[{"name":"wp","href":"https:\/\/api.w.org\/{rel}","templated":true}]}}