{"id":14595,"date":"2026-05-06T21:28:09","date_gmt":"2026-05-06T19:28:09","guid":{"rendered":"http:\/\/localhost\/prototo\/?page_id=14595"},"modified":"2026-05-06T21:28:09","modified_gmt":"2026-05-06T19:28:09","slug":"lazaros-o-czowieku-ktory-nie-udaje-greka-czyli-grecja-do-zobaczenia","status":"publish","type":"page","link":"https:\/\/prototo.pl\/?page_id=14595","title":{"rendered":"Lazaros &#8211; o cz\u0142owieku, kt\u00f3ry nie udaje Greka, czyli Grecja do zobaczenia"},"content":{"rendered":"<p>[fusion_builder_container type=&#8221;flex&#8221; hundred_percent=&#8221;no&#8221; hundred_percent_height=&#8221;no&#8221; hundred_percent_height_scroll=&#8221;no&#8221; align_content=&#8221;stretch&#8221; flex_align_items=&#8221;flex-start&#8221; flex_justify_content=&#8221;flex-start&#8221; flex_wrap=&#8221;wrap&#8221; hundred_percent_height_center_content=&#8221;yes&#8221; equal_height_columns=&#8221;no&#8221; container_tag=&#8221;div&#8221; hide_on_mobile=&#8221;small-visibility,medium-visibility,large-visibility&#8221; status=&#8221;published&#8221; border_style=&#8221;solid&#8221; box_shadow=&#8221;no&#8221; box_shadow_blur=&#8221;0&#8243; box_shadow_spread=&#8221;0&#8243; gradient_start_position=&#8221;0&#8243; gradient_end_position=&#8221;100&#8243; gradient_type=&#8221;linear&#8221; radial_direction=&#8221;center center&#8221; linear_angle=&#8221;180&#8243; background_position=&#8221;center center&#8221; background_repeat=&#8221;no-repeat&#8221; fade=&#8221;no&#8221; background_parallax=&#8221;none&#8221; enable_mobile=&#8221;no&#8221; parallax_speed=&#8221;0.3&#8243; background_blend_mode=&#8221;none&#8221; background_slider_skip_lazy_loading=&#8221;no&#8221; background_slider_random_order=&#8221;no&#8221; background_slider_loop=&#8221;yes&#8221; background_slider_pause_on_hover=&#8221;no&#8221; background_slider_slideshow_speed=&#8221;5000&#8243; background_slider_animation=&#8221;fade&#8221; background_slider_direction=&#8221;up&#8221; background_slider_animation_speed=&#8221;800&#8243; video_aspect_ratio=&#8221;16:9&#8243; video_loop=&#8221;yes&#8221; video_mute=&#8221;yes&#8221; pattern_bg=&#8221;none&#8221; pattern_bg_style=&#8221;default&#8221; pattern_bg_opacity=&#8221;100&#8243; pattern_bg_blend_mode=&#8221;normal&#8221; mask_bg=&#8221;none&#8221; mask_bg_style=&#8221;default&#8221; mask_bg_opacity=&#8221;100&#8243; mask_bg_transform=&#8221;left&#8221; mask_bg_blend_mode=&#8221;normal&#8221; absolute=&#8221;off&#8221; absolute_devices=&#8221;small,medium,large&#8221; sticky=&#8221;off&#8221; sticky_devices=&#8221;small-visibility,medium-visibility,large-visibility&#8221; sticky_transition_offset=&#8221;0&#8243; scroll_offset=&#8221;0&#8243; animation_direction=&#8221;left&#8221; animation_speed=&#8221;0.3&#8243; animation_delay=&#8221;0&#8243; filter_hue=&#8221;0&#8243; filter_saturation=&#8221;100&#8243; filter_brightness=&#8221;100&#8243; filter_contrast=&#8221;100&#8243; filter_invert=&#8221;0&#8243; filter_sepia=&#8221;0&#8243; filter_opacity=&#8221;100&#8243; filter_blur=&#8221;0&#8243; filter_hue_hover=&#8221;0&#8243; filter_saturation_hover=&#8221;100&#8243; filter_brightness_hover=&#8221;100&#8243; filter_contrast_hover=&#8221;100&#8243; filter_invert_hover=&#8221;0&#8243; filter_sepia_hover=&#8221;0&#8243; filter_opacity_hover=&#8221;100&#8243; filter_blur_hover=&#8221;0&#8243;][fusion_builder_row][fusion_builder_column type=&#8221;1_2&#8243; layout=&#8221;1_2&#8243; align_self=&#8221;auto&#8221; content_layout=&#8221;column&#8221; align_content=&#8221;flex-start&#8221; valign_content=&#8221;flex-start&#8221; content_wrap=&#8221;wrap&#8221; center_content=&#8221;no&#8221; column_tag=&#8221;div&#8221; target=&#8221;_self&#8221; hide_on_mobile=&#8221;small-visibility,medium-visibility,large-visibility&#8221; sticky_display=&#8221;normal,sticky&#8221; order_medium=&#8221;0&#8243; order_small=&#8221;0&#8243; hover_type=&#8221;none&#8221; border_style=&#8221;solid&#8221; box_shadow=&#8221;no&#8221; box_shadow_blur=&#8221;0&#8243; box_shadow_spread=&#8221;0&#8243; background_type=&#8221;single&#8221; gradient_start_position=&#8221;0&#8243; gradient_end_position=&#8221;100&#8243; gradient_type=&#8221;linear&#8221; radial_direction=&#8221;center center&#8221; linear_angle=&#8221;180&#8243; lazy_load=&#8221;none&#8221; background_position=&#8221;left top&#8221; background_repeat=&#8221;no-repeat&#8221; background_blend_mode=&#8221;none&#8221; background_slider_skip_lazy_loading=&#8221;no&#8221; background_slider_random_order=&#8221;no&#8221; background_slider_loop=&#8221;yes&#8221; background_slider_pause_on_hover=&#8221;no&#8221; background_slider_slideshow_speed=&#8221;5000&#8243; background_slider_animation=&#8221;fade&#8221; background_slider_direction=&#8221;up&#8221; background_slider_animation_speed=&#8221;800&#8243; sticky=&#8221;off&#8221; sticky_devices=&#8221;small-visibility,medium-visibility,large-visibility&#8221; absolute=&#8221;off&#8221; filter_type=&#8221;regular&#8221; filter_hover_element=&#8221;self&#8221; filter_hue=&#8221;0&#8243; filter_saturation=&#8221;100&#8243; filter_brightness=&#8221;100&#8243; filter_contrast=&#8221;100&#8243; filter_invert=&#8221;0&#8243; filter_sepia=&#8221;0&#8243; filter_opacity=&#8221;100&#8243; filter_blur=&#8221;0&#8243; filter_hue_hover=&#8221;0&#8243; filter_saturation_hover=&#8221;100&#8243; filter_brightness_hover=&#8221;100&#8243; filter_contrast_hover=&#8221;100&#8243; filter_invert_hover=&#8221;0&#8243; filter_sepia_hover=&#8221;0&#8243; filter_opacity_hover=&#8221;100&#8243; filter_blur_hover=&#8221;0&#8243; transform_type=&#8221;regular&#8221; transform_hover_element=&#8221;self&#8221; transform_scale_x=&#8221;1&#8243; transform_scale_y=&#8221;1&#8243; transform_translate_x=&#8221;0&#8243; transform_translate_y=&#8221;0&#8243; transform_rotate=&#8221;0&#8243; transform_skew_x=&#8221;0&#8243; transform_skew_y=&#8221;0&#8243; transform_scale_x_hover=&#8221;1&#8243; transform_scale_y_hover=&#8221;1&#8243; transform_translate_x_hover=&#8221;0&#8243; transform_translate_y_hover=&#8221;0&#8243; transform_rotate_hover=&#8221;0&#8243; transform_skew_x_hover=&#8221;0&#8243; transform_skew_y_hover=&#8221;0&#8243; transition_duration=&#8221;300&#8243; transition_easing=&#8221;ease&#8221; scroll_motion_devices=&#8221;small-visibility,medium-visibility,large-visibility&#8221; animation_direction=&#8221;left&#8221; animation_speed=&#8221;0.3&#8243; animation_delay=&#8221;0&#8243; last=&#8221;false&#8221; border_position=&#8221;all&#8221; min_height=&#8221;&#8221; link=&#8221;&#8221; first=&#8221;true&#8221;][fusion_imageframe aspect_ratio=&#8221;&#8221; custom_aspect_ratio=&#8221;100&#8243; aspect_ratio_position=&#8221;&#8221; lightbox=&#8221;no&#8221; linktarget=&#8221;_self&#8221; align_medium=&#8221;none&#8221; align_small=&#8221;none&#8221; align=&#8221;none&#8221; mask=&#8221;&#8221; custom_mask=&#8221;&#8221; mask_size=&#8221;&#8221; mask_custom_size=&#8221;&#8221; mask_position=&#8221;&#8221; mask_custom_position=&#8221;&#8221; mask_repeat=&#8221;&#8221; style_type=&#8221;&#8221; hover_type=&#8221;none&#8221; magnify_duration=&#8221;120&#8243; scroll_height=&#8221;100&#8243; scroll_speed=&#8221;1&#8243; margin_medium=&#8221;&#8221; margin_small=&#8221;&#8221; caption_style=&#8221;off&#8221; caption_align_medium=&#8221;none&#8221; caption_align_small=&#8221;none&#8221; caption_align=&#8221;none&#8221; caption_title_tag=&#8221;2&#8243; render_logics=&#8221;&#8221; animation_direction=&#8221;left&#8221; animation_color=&#8221;&#8221; animation_speed=&#8221;0.3&#8243; animation_delay=&#8221;0&#8243; hide_on_mobile=&#8221;small-visibility,medium-visibility,large-visibility&#8221; sticky_display=&#8221;normal,sticky&#8221; html_attributes=&#8221;&#8221; filter_hue=&#8221;0&#8243; filter_saturation=&#8221;100&#8243; filter_brightness=&#8221;100&#8243; filter_contrast=&#8221;100&#8243; filter_invert=&#8221;0&#8243; filter_sepia=&#8221;0&#8243; filter_opacity=&#8221;100&#8243; filter_blur=&#8221;0&#8243; filter_hue_hover=&#8221;0&#8243; filter_saturation_hover=&#8221;100&#8243; filter_brightness_hover=&#8221;100&#8243; filter_contrast_hover=&#8221;100&#8243; filter_invert_hover=&#8221;0&#8243; filter_sepia_hover=&#8221;0&#8243; filter_opacity_hover=&#8221;100&#8243; filter_blur_hover=&#8221;0&#8243; image_id=&#8221;14597|large&#8221;]https:\/\/prototo.pl\/wp-content\/uploads\/2026\/05\/okladka-lazaros-o-czlowieku-ktory-nie-udaje-greka-768&#215;1024.jpeg[\/fusion_imageframe][\/fusion_builder_column][fusion_builder_column type=&#8221;1_2&#8243; layout=&#8221;1_2&#8243; align_self=&#8221;auto&#8221; content_layout=&#8221;column&#8221; align_content=&#8221;flex-start&#8221; valign_content=&#8221;flex-start&#8221; content_wrap=&#8221;wrap&#8221; center_content=&#8221;no&#8221; column_tag=&#8221;div&#8221; target=&#8221;_self&#8221; hide_on_mobile=&#8221;small-visibility,medium-visibility,large-visibility&#8221; sticky_display=&#8221;normal,sticky&#8221; order_medium=&#8221;0&#8243; order_small=&#8221;0&#8243; hover_type=&#8221;none&#8221; border_style=&#8221;solid&#8221; box_shadow=&#8221;no&#8221; box_shadow_blur=&#8221;0&#8243; box_shadow_spread=&#8221;0&#8243; background_type=&#8221;single&#8221; gradient_start_position=&#8221;0&#8243; gradient_end_position=&#8221;100&#8243; gradient_type=&#8221;linear&#8221; radial_direction=&#8221;center center&#8221; linear_angle=&#8221;180&#8243; lazy_load=&#8221;none&#8221; background_position=&#8221;left top&#8221; background_repeat=&#8221;no-repeat&#8221; background_blend_mode=&#8221;none&#8221; background_slider_skip_lazy_loading=&#8221;no&#8221; background_slider_random_order=&#8221;no&#8221; background_slider_loop=&#8221;yes&#8221; background_slider_pause_on_hover=&#8221;no&#8221; background_slider_slideshow_speed=&#8221;5000&#8243; background_slider_animation=&#8221;fade&#8221; background_slider_direction=&#8221;up&#8221; background_slider_animation_speed=&#8221;800&#8243; sticky=&#8221;off&#8221; sticky_devices=&#8221;small-visibility,medium-visibility,large-visibility&#8221; absolute=&#8221;off&#8221; filter_type=&#8221;regular&#8221; filter_hover_element=&#8221;self&#8221; filter_hue=&#8221;0&#8243; filter_saturation=&#8221;100&#8243; filter_brightness=&#8221;100&#8243; filter_contrast=&#8221;100&#8243; filter_invert=&#8221;0&#8243; filter_sepia=&#8221;0&#8243; filter_opacity=&#8221;100&#8243; filter_blur=&#8221;0&#8243; filter_hue_hover=&#8221;0&#8243; filter_saturation_hover=&#8221;100&#8243; filter_brightness_hover=&#8221;100&#8243; filter_contrast_hover=&#8221;100&#8243; filter_invert_hover=&#8221;0&#8243; filter_sepia_hover=&#8221;0&#8243; filter_opacity_hover=&#8221;100&#8243; filter_blur_hover=&#8221;0&#8243; transform_type=&#8221;regular&#8221; transform_hover_element=&#8221;self&#8221; transform_scale_x=&#8221;1&#8243; transform_scale_y=&#8221;1&#8243; transform_translate_x=&#8221;0&#8243; transform_translate_y=&#8221;0&#8243; transform_rotate=&#8221;0&#8243; transform_skew_x=&#8221;0&#8243; transform_skew_y=&#8221;0&#8243; transform_scale_x_hover=&#8221;1&#8243; transform_scale_y_hover=&#8221;1&#8243; transform_translate_x_hover=&#8221;0&#8243; transform_translate_y_hover=&#8221;0&#8243; transform_rotate_hover=&#8221;0&#8243; transform_skew_x_hover=&#8221;0&#8243; transform_skew_y_hover=&#8221;0&#8243; transition_duration=&#8221;300&#8243; transition_easing=&#8221;ease&#8221; scroll_motion_devices=&#8221;small-visibility,medium-visibility,large-visibility&#8221; animation_direction=&#8221;left&#8221; animation_speed=&#8221;0.3&#8243; animation_delay=&#8221;0&#8243; last=&#8221;true&#8221; border_position=&#8221;all&#8221; min_height=&#8221;&#8221; link=&#8221;&#8221; first=&#8221;false&#8221;][fusion_text animation_direction=&#8221;left&#8221; animation_speed=&#8221;0.3&#8243; animation_delay=&#8221;0&#8243; disable_idd=&#8221;no&#8221; hide_on_mobile=&#8221;small-visibility,medium-visibility,large-visibility&#8221; sticky_display=&#8221;normal,sticky&#8221;]<\/p>\n<p>Zapraszamy do zapoznania si\u0119 z pierwszym rozdzia\u0142em ksi\u0105\u017cki w formie audiobooka<\/p>\n<p>[\/fusion_text][fusion_separator style_type=&#8221;single solid&#8221; flex_grow=&#8221;0&#8243; height=&#8221;20&#8243; alignment=&#8221;center&#8221; amount=&#8221;20&#8243; hide_on_mobile=&#8221;small-visibility,medium-visibility,large-visibility&#8221; sticky_display=&#8221;normal,sticky&#8221; top_margin=&#8221;10&#8243; bottom_margin=&#8221;10&#8243; \/][fusion_audio playback_speed=&#8221;off&#8221; loop=&#8221;off&#8221; autoplay=&#8221;off&#8221; preload=&#8221;none&#8221; max_width=&#8221;&#8221; border_size=&#8221;&#8221; box_shadow=&#8221;no&#8221; box_shadow_blur=&#8221;0&#8243; box_shadow_spread=&#8221;0&#8243; render_logics=&#8221;&#8221; animation_direction=&#8221;left&#8221; animation_color=&#8221;&#8221; animation_speed=&#8221;0.3&#8243; animation_delay=&#8221;0&#8243; hide_on_mobile=&#8221;small-visibility,medium-visibility,large-visibility&#8221; src=&#8221;https:\/\/prototo.pl\/wp-content\/uploads\/2026\/05\/lazaros-o-czlowieku-ktory-nie-udaje-greka-rozdzial-1.mp3&#8243; \/][fusion_separator style_type=&#8221;single solid&#8221; flex_grow=&#8221;0&#8243; height=&#8221;20&#8243; alignment=&#8221;center&#8221; amount=&#8221;20&#8243; hide_on_mobile=&#8221;small-visibility,medium-visibility,large-visibility&#8221; sticky_display=&#8221;normal,sticky&#8221; render_logics=&#8221;&#8221; top_margin=&#8221;10&#8243; bottom_margin=&#8221;10&#8243; \/][fusion_text animation_direction=&#8221;left&#8221; animation_speed=&#8221;0.3&#8243; animation_delay=&#8221;0&#8243; disable_idd=&#8221;no&#8221; hide_on_mobile=&#8221;small-visibility,medium-visibility,large-visibility&#8221; sticky_display=&#8221;normal,sticky&#8221;]<\/p>\n<p>Poni\u017cej przedstawiamy opinie os\u00f3b, kt\u00f3ry zapozna\u0142y si\u0119 z ksi\u0105\u017ck\u0105 i wys\u0142ucha\u0142y audiobooka:<\/p>\n<p>&#8222;A mi si\u0119 bardzo podoba ten audiobook. <span style=\"font-family: var(--awb-text-font-family); font-size: var(--awb-font-size); font-style: var(--awb-text-font-style); letter-spacing: var(--awb-letter-spacing); text-align: var(--awb-content-alignment); text-transform: var(--awb-text-transform);\">\u015awietne. Jak barwnie mo\u017cna opisa\u0107 wydarzenia i odczucia. Mog\u0142abym s\u0142ucha\u0107 godzinami opowie\u015bci przeplatanych dygresjami z mitologii. Zwyczajne wydarzenia zamieniaj\u0105 si\u0119w ba\u015bnie. Pi\u0119kne i bogate s\u0142ownictwo i sympatyczny ciep\u0142y g\u0142os. Dla mnie super<\/span><img decoding=\"async\" class=\"emoji\" style=\"font-family: var(--awb-text-font-family); font-size: var(--awb-font-size); font-style: var(--awb-text-font-style); letter-spacing: var(--awb-letter-spacing); text-align: var(--awb-content-alignment); text-transform: var(--awb-text-transform);\" role=\"img\" draggable=\"false\" src=\"https:\/\/s.w.org\/images\/core\/emoji\/17.0.2\/svg\/1f929.svg\" alt=\"\ud83e\udd29\" \/><span style=\"font-family: var(--awb-text-font-family); font-size: var(--awb-font-size); font-style: var(--awb-text-font-style); letter-spacing: var(--awb-letter-spacing); text-align: var(--awb-content-alignment); text-transform: var(--awb-text-transform);\">&#8222;<\/span><\/p>\n<p>&#8222;Opowie\u015b\u0107 p\u0142ynie, jak rzeka<img decoding=\"async\" class=\"emoji\" role=\"img\" draggable=\"false\" src=\"https:\/\/s.w.org\/images\/core\/emoji\/17.0.2\/svg\/1f929.svg\" alt=\"\ud83e\udd29\" \/> gdybym prowadzi\u0142a samoch\u00f3d &#8211; pewnie skr\u0119ci\u0142abym w z\u0142y zjazd<img decoding=\"async\" class=\"emoji\" role=\"img\" draggable=\"false\" src=\"https:\/\/s.w.org\/images\/core\/emoji\/17.0.2\/svg\/1f604.svg\" alt=\"\ud83d\ude04\" \/> brawo Vick-torze!&#8221;<\/p>\n<p>&#8222;slucha sie bardzo dobrze. <span style=\"font-family: var(--awb-text-font-family); font-size: var(--awb-font-size); font-style: var(--awb-text-font-style); letter-spacing: var(--awb-letter-spacing); text-align: var(--awb-content-alignment); text-transform: var(--awb-text-transform);\">Podziwiam pioro! <\/span><span style=\"font-family: var(--awb-text-font-family); font-size: var(--awb-font-size); font-style: var(--awb-text-font-style); letter-spacing: var(--awb-letter-spacing); text-align: var(--awb-content-alignment); text-transform: var(--awb-text-transform);\">swietna znajomosc mitologii greckiej! <\/span><span style=\"font-family: var(--awb-text-font-family); font-size: var(--awb-font-size); font-style: var(--awb-text-font-style); letter-spacing: var(--awb-letter-spacing); text-align: var(--awb-content-alignment); text-transform: var(--awb-text-transform);\">Brawo! <\/span><span style=\"font-family: var(--awb-text-font-family); font-size: var(--awb-font-size); font-style: var(--awb-text-font-style); letter-spacing: var(--awb-letter-spacing); text-align: var(--awb-content-alignment); text-transform: var(--awb-text-transform);\">Dusza podroznika.&#8221;<\/span><\/p>\n<p>&#8222;Moj\u0105 wyobra\u017ani\u0119 rozbudzi\u0142y obszerne opisy emocji towarzysz\u0105cych narratorowi i zawarte w nich nawi\u0105zania do mitologii.&#8221;<\/p>\n<p>&#8222;Wow !!!&#8221;<\/p>\n<p>&#8222;Ok\u0142adka z pomys\u0142em&#8221;<\/p>\n<p>&#8222;Ciekawa forma&#8221;<\/p>\n<p>&#8222;Bardzo zabawne <img decoding=\"async\" class=\"emoji\" role=\"img\" draggable=\"false\" src=\"https:\/\/s.w.org\/images\/core\/emoji\/17.0.2\/svg\/261d.svg\" alt=\"\u261d\ufe0f\" \/>&#8221;<\/p>\n<p>&#8222;Bohater z tym wszystkim co posiada \/przemyslenia\/ w g\u0142owie- staje na przeciw -rzeczywisto\u015bci&#8221;<\/p>\n<p>&#8222;No i w audiobooku 1 rozdzia\u0142u &#8211; g\u0142os lektorski <img decoding=\"async\" class=\"emoji\" role=\"img\" draggable=\"false\" src=\"https:\/\/s.w.org\/images\/core\/emoji\/17.0.2\/svg\/1f44c.svg\" alt=\"\ud83d\udc4c\" \/>&#8221;<\/p>\n<p>&#8222;Robi\u0105ca wra\u017cenie na czytelniku ekspresja wyrazu, perfekcyjny i precyzyjny dob\u00f3r s\u0142ownictwa.&#8221;<\/p>\n<p>[\/fusion_text][\/fusion_builder_column][fusion_builder_column type=&#8221;1_2&#8243; layout=&#8221;1_2&#8243; align_self=&#8221;auto&#8221; content_layout=&#8221;column&#8221; align_content=&#8221;flex-start&#8221; valign_content=&#8221;flex-start&#8221; content_wrap=&#8221;wrap&#8221; center_content=&#8221;no&#8221; column_tag=&#8221;div&#8221; target=&#8221;_self&#8221; hide_on_mobile=&#8221;small-visibility,medium-visibility,large-visibility&#8221; sticky_display=&#8221;normal,sticky&#8221; order_medium=&#8221;0&#8243; order_small=&#8221;0&#8243; hover_type=&#8221;none&#8221; border_style=&#8221;solid&#8221; box_shadow=&#8221;no&#8221; box_shadow_blur=&#8221;0&#8243; box_shadow_spread=&#8221;0&#8243; background_type=&#8221;single&#8221; gradient_start_position=&#8221;0&#8243; gradient_end_position=&#8221;100&#8243; gradient_type=&#8221;linear&#8221; radial_direction=&#8221;center center&#8221; linear_angle=&#8221;180&#8243; lazy_load=&#8221;none&#8221; background_position=&#8221;left top&#8221; background_repeat=&#8221;no-repeat&#8221; background_blend_mode=&#8221;none&#8221; background_slider_skip_lazy_loading=&#8221;no&#8221; background_slider_random_order=&#8221;no&#8221; background_slider_loop=&#8221;yes&#8221; background_slider_pause_on_hover=&#8221;no&#8221; background_slider_slideshow_speed=&#8221;5000&#8243; background_slider_animation=&#8221;fade&#8221; background_slider_direction=&#8221;up&#8221; background_slider_animation_speed=&#8221;800&#8243; sticky=&#8221;off&#8221; sticky_devices=&#8221;small-visibility,medium-visibility,large-visibility&#8221; absolute=&#8221;off&#8221; filter_type=&#8221;regular&#8221; filter_hover_element=&#8221;self&#8221; filter_hue=&#8221;0&#8243; filter_saturation=&#8221;100&#8243; filter_brightness=&#8221;100&#8243; filter_contrast=&#8221;100&#8243; filter_invert=&#8221;0&#8243; filter_sepia=&#8221;0&#8243; filter_opacity=&#8221;100&#8243; filter_blur=&#8221;0&#8243; filter_hue_hover=&#8221;0&#8243; filter_saturation_hover=&#8221;100&#8243; filter_brightness_hover=&#8221;100&#8243; filter_contrast_hover=&#8221;100&#8243; filter_invert_hover=&#8221;0&#8243; filter_sepia_hover=&#8221;0&#8243; filter_opacity_hover=&#8221;100&#8243; filter_blur_hover=&#8221;0&#8243; transform_type=&#8221;regular&#8221; transform_hover_element=&#8221;self&#8221; transform_scale_x=&#8221;1&#8243; transform_scale_y=&#8221;1&#8243; transform_translate_x=&#8221;0&#8243; transform_translate_y=&#8221;0&#8243; transform_rotate=&#8221;0&#8243; transform_skew_x=&#8221;0&#8243; transform_skew_y=&#8221;0&#8243; transform_scale_x_hover=&#8221;1&#8243; transform_scale_y_hover=&#8221;1&#8243; transform_translate_x_hover=&#8221;0&#8243; transform_translate_y_hover=&#8221;0&#8243; transform_rotate_hover=&#8221;0&#8243; transform_skew_x_hover=&#8221;0&#8243; transform_skew_y_hover=&#8221;0&#8243; transition_duration=&#8221;300&#8243; transition_easing=&#8221;ease&#8221; scroll_motion_devices=&#8221;small-visibility,medium-visibility,large-visibility&#8221; animation_direction=&#8221;left&#8221; animation_speed=&#8221;0.3&#8243; animation_delay=&#8221;0&#8243; last=&#8221;true&#8221; border_position=&#8221;all&#8221; min_height=&#8221;&#8221; link=&#8221;&#8221; first=&#8221;true&#8221;][\/fusion_builder_column][\/fusion_builder_row][\/fusion_builder_container]<\/p>\n","protected":false},"excerpt":{"rendered":"<p>[fusion_builder_container type=&#8221;flex&#8221; hundred_percent=&#8221;no&#8221; hundred_percent_height=&#8221;no&#8221; hundred_percent_height_scroll=&#8221;no&#8221; align_content=&#8221;stretch&#8221; flex_align_items=&#8221;flex-start&#8221; flex_justify_content=&#8221;flex-start&#8221; flex_wrap=&#8221;wrap&#8221; hundred_percent_height_center_content=&#8221;yes&#8221; equal_height_columns=&#8221;no&#8221; container_tag=&#8221;div&#8221; hide_on_mobile=&#8221;small-visibility,medium-visibility,large-visibility&#8221; status=&#8221;published&#8221; border_style=&#8221;solid&#8221; box_shadow=&#8221;no&#8221; box_shadow_blur=&#8221;0&#8243; box_shadow_spread=&#8221;0&#8243; gradient_start_position=&#8221;0&#8243; gradient_end_position=&#8221;100&#8243; gradient_type=&#8221;linear&#8221; radial_direction=&#8221;center center&#8221; linear_angle=&#8221;180&#8243; background_position=&#8221;center center&#8221; background_repeat=&#8221;no-repeat&#8221; fade=&#8221;no&#8221; background_parallax=&#8221;none&#8221; enable_mobile=&#8221;no&#8221; parallax_speed=&#8221;0.3&#8243; background_blend_mode=&#8221;none&#8221; background_slider_skip_lazy_loading=&#8221;no&#8221; background_slider_random_order=&#8221;no&#8221; background_slider_loop=&#8221;yes&#8221; background_slider_pause_on_hover=&#8221;no&#8221; background_slider_slideshow_speed=&#8221;5000&#8243; background_slider_animation=&#8221;fade&#8221; background_slider_direction=&#8221;up&#8221; background_slider_animation_speed=&#8221;800&#8243; video_aspect_ratio=&#8221;16:9&#8243; video_loop=&#8221;yes&#8221; video_mute=&#8221;yes&#8221; pattern_bg=&#8221;none&#8221; pattern_bg_style=&#8221;default&#8221; pattern_bg_opacity=&#8221;100&#8243; pattern_bg_blend_mode=&#8221;normal&#8221; mask_bg=&#8221;none&#8221; mask_bg_style=&#8221;default&#8221; mask_bg_opacity=&#8221;100&#8243; mask_bg_transform=&#8221;left&#8221; mask_bg_blend_mode=&#8221;normal&#8221; absolute=&#8221;off&#8221; absolute_devices=&#8221;small,medium,large&#8221; sticky=&#8221;off&#8221; [&hellip;]<\/p>\n","protected":false},"author":24,"featured_media":0,"parent":0,"menu_order":0,"comment_status":"closed","ping_status":"closed","template":"","meta":{"footnotes":""},"class_list":["post-14595","page","type-page","status-publish","hentry"],"aioseo_notices":[],"_links":{"self":[{"href":"https:\/\/prototo.pl\/index.php?rest_route=\/wp\/v2\/pages\/14595","targetHints":{"allow":["GET"]}}],"collection":[{"href":"https:\/\/prototo.pl\/index.php?rest_route=\/wp\/v2\/pages"}],"about":[{"href":"https:\/\/prototo.pl\/index.php?rest_route=\/wp\/v2\/types\/page"}],"author":[{"embeddable":true,"href":"https:\/\/prototo.pl\/index.php?rest_route=\/wp\/v2\/users\/24"}],"replies":[{"embeddable":true,"href":"https:\/\/prototo.pl\/index.php?rest_route=%2Fwp%2Fv2%2Fcomments&post=14595"}],"version-history":[{"count":2,"href":"https:\/\/prototo.pl\/index.php?rest_route=\/wp\/v2\/pages\/14595\/revisions"}],"predecessor-version":[{"id":14599,"href":"https:\/\/prototo.pl\/index.php?rest_route=\/wp\/v2\/pages\/14595\/revisions\/14599"}],"wp:attachment":[{"href":"https:\/\/prototo.pl\/index.php?rest_route=%2Fwp%2Fv2%2Fmedia&parent=14595"}],"curies":[{"name":"wp","href":"https:\/\/api.w.org\/{rel}","templated":true}]}}