{"id":13,"date":"2010-12-08T10:03:31","date_gmt":"2010-12-08T09:03:31","guid":{"rendered":"http:\/\/prototo.test.api.net.pl\/?page_id=13"},"modified":"2024-06-21T21:36:13","modified_gmt":"2024-06-21T19:36:13","slug":"kontakt","status":"publish","type":"page","link":"https:\/\/prototo.pl\/?page_id=13","title":{"rendered":"Kontakt"},"content":{"rendered":"<p>[fusion_builder_container hundred_percent=&#8221;no&#8221; equal_height_columns=&#8221;no&#8221; hide_on_mobile=&#8221;small-visibility,medium-visibility,large-visibility&#8221; background_position=&#8221;center center&#8221; background_repeat=&#8221;no-repeat&#8221; fade=&#8221;no&#8221; background_parallax=&#8221;none&#8221; parallax_speed=&#8221;0.3&#8243; video_aspect_ratio=&#8221;16:9&#8243; video_loop=&#8221;yes&#8221; video_mute=&#8221;yes&#8221; border_style=&#8221;solid&#8221; type=&#8221;legacy&#8221;][fusion_builder_row][fusion_builder_column type=&#8221;1_1&#8243; type=&#8221;1_1&#8243; layout=&#8221;1_1&#8243; background_position=&#8221;left top&#8221; background_color=&#8221;&#8221; border_color=&#8221;&#8221; border_style=&#8221;solid&#8221; border_position=&#8221;all&#8221; spacing=&#8221;yes&#8221; background_image=&#8221;&#8221; background_repeat=&#8221;no-repeat&#8221; padding_top=&#8221;&#8221; padding_right=&#8221;&#8221; padding_bottom=&#8221;&#8221; padding_left=&#8221;&#8221; margin_top=&#8221;0px&#8221; margin_bottom=&#8221;0px&#8221; class=&#8221;&#8221; id=&#8221;&#8221; animation_type=&#8221;&#8221; animation_speed=&#8221;0.3&#8243; animation_direction=&#8221;left&#8221; hide_on_mobile=&#8221;small-visibility,medium-visibility,large-visibility&#8221; center_content=&#8221;no&#8221; last=&#8221;true&#8221; min_height=&#8221;&#8221; hover_type=&#8221;none&#8221; link=&#8221;&#8221; border_sizes_top=&#8221;&#8221; border_sizes_bottom=&#8221;&#8221; border_sizes_left=&#8221;&#8221; border_sizes_right=&#8221;&#8221; first=&#8221;true&#8221;][fusion_title title_type=&#8221;text&#8221; rotation_effect=&#8221;bounceIn&#8221; display_time=&#8221;1200&#8243; highlight_effect=&#8221;circle&#8221; loop_animation=&#8221;off&#8221; highlight_width=&#8221;9&#8243; highlight_top_margin=&#8221;0&#8243; before_text=&#8221;&#8221; rotation_text=&#8221;&#8221; highlight_text=&#8221;&#8221; after_text=&#8221;&#8221; hide_on_mobile=&#8221;small-visibility,medium-visibility,large-visibility&#8221; class=&#8221;&#8221; id=&#8221;&#8221; content_align=&#8221;left&#8221; size=&#8221;1&#8243; font_size=&#8221;&#8221; animated_font_size=&#8221;&#8221; fusion_font_family_title_font=&#8221;&#8221; fusion_font_subset_title_font=&#8221;&#8221; fusion_font_variant_title_font=&#8221;&#8221; line_height=&#8221;&#8221; letter_spacing=&#8221;&#8221; margin_top=&#8221;&#8221; margin_bottom=&#8221;&#8221; margin_top_mobile=&#8221;&#8221; margin_bottom_mobile=&#8221;&#8221; text_color=&#8221;&#8221; animated_text_color=&#8221;&#8221; highlight_color=&#8221;&#8221; style_type=&#8221;default&#8221; sep_color=&#8221;&#8221; animation_type=&#8221;&#8221; animation_direction=&#8221;left&#8221; animation_speed=&#8221;0.3&#8243; animation_offset=&#8221;&#8221; margin_top_small=&#8221;&#8221; margin_bottom_small=&#8221;&#8221;]<\/p>\n<h1 style=\"text-align: center;\"><span style=\"color: #ff9900;\">Centrum Us\u0142ugowo-Szkoleniowe<\/span><\/h1>\n<h1 style=\"text-align: center;\"><span style=\"color: #ff9900;\">Prototo<\/span><\/h1>\n<p>[\/fusion_title][fusion_text columns=&#8221;&#8221; column_min_width=&#8221;&#8221; column_spacing=&#8221;&#8221; rule_style=&#8221;default&#8221; rule_size=&#8221;&#8221; rule_color=&#8221;&#8221; content_alignment_medium=&#8221;&#8221; content_alignment_small=&#8221;&#8221; content_alignment=&#8221;&#8221; hide_on_mobile=&#8221;small-visibility,medium-visibility,large-visibility&#8221; sticky_display=&#8221;normal,sticky&#8221; class=&#8221;&#8221; id=&#8221;&#8221; font_size=&#8221;&#8221; fusion_font_family_text_font=&#8221;&#8221; fusion_font_variant_text_font=&#8221;&#8221; line_height=&#8221;&#8221; letter_spacing=&#8221;&#8221; text_color=&#8221;&#8221; animation_type=&#8221;&#8221; animation_direction=&#8221;left&#8221; animation_speed=&#8221;0.3&#8243; animation_offset=&#8221;&#8221;]<\/p>\n<p>Adres siedziby: (tu przesy\u0142amy listownie dokumenty np.ksero potwierdzone za zgodno\u015bci\u0105 z orygina\u0142em w plac\u00f3wce)<\/p>\n<p><strong>ul. Lipowa 26, 55-002 Gajk\u00f3w<\/strong><\/p>\n<p>tel. 603 673 928 w godz.15-18 od poniedzia\u0142ku do pi\u0105tku<\/p>\n<p>e-mail: <span style=\"color: #0000ff;\">prototo (at) wp.pl<\/span> lub <span style=\"color: #0000ff;\">prototo (at) prototo.pl<\/span> (tu przesy\u0142amy formularz zg\u0142oszeniowy z plik\u00f3w do pobrania poni\u017cej w rozszerzeniu doc, czyli Word bez podpisu do\u0142\u0105czaj\u0105c do emaila i skany dokument\u00f3w np. kwalifikacji, za\u015bwiadcze\u0144 lub prace dyplomowe, dziennik praktyk w rozszerzeniu doc, czyli Word bez podpis\u00f3w)<\/p>\n<p><strong>Prace, portfolia, termobindujemy koszt 10 z\u0142<\/strong><\/p>\n<p><strong>duplikat za\u015bwiadczenia &#8211; koszt 80 z\u0142<\/strong><\/p>\n<p><strong>duplikat \u015bwiadectwa &#8211; koszt 100 z\u0142<\/strong><\/p>\n<p><strong>duplikat legitymacji &#8211; koszt 200 z\u0142<\/strong><\/p>\n<p>Zaliczk\u0119 w wysoko\u015bci min. 400 z\u0142 wp\u0142acamy od razu, kolejne wp\u0142aty regulujemy sobie sami, wa\u017cne \u017ceby ca\u0142o\u015b\u0107 by\u0142a op\u0142acona na <span style=\"color: #ff0000;\">2 miesi\u0105ce przed planowanym <\/span>zako\u0144czeniem formy kszta\u0142cenia.<\/p>\n<p><strong>nr konta w PKO SA: 75 1950 0001 2006 0241 1459 0002<\/strong><\/p>\n<ul>\n<li><em>W przypadku potrzeby wystawienia faktury na instytucj\u0119 prosimy koniecznie o podanie tej informacji w tytule przelewu oraz dok\u0142adny adres i NIP.<\/em><\/li>\n<li><em>W przypadku faktury z <span style=\"color: #ff0000;\">odroczon\u0105 p\u0142atno\u015bci\u0105<\/span> prosimy wpisa\u0107 <span style=\"text-decoration: underline;\">w tytule p\u0142atno\u015bci nr tej faktury, jak\u0105 regulujemy<\/span><\/em><\/li>\n<li>O\u015brodek ju\u017c od 2 lat stosuje wysy\u0142anie faktur w formie elektronicznej, podobnie jest w bankach elektronicznych, ta wersja wg ustawy wystarczy. Je\u015bli by\u0142oby inaczej, bo np. Pani w ksi\u0119gowo\u015bci si\u0119 upiera, to <span style=\"text-decoration: underline;\">zawsze trzeba w emailu zamie\u015bci\u0107,<\/span> \u017ce jest potrzeba opiecz\u0119towanego rachunku, w\u00f3wczas wysy\u0142amy listownie na adres wskazany przez uczestnika.<\/li>\n<\/ul>\n<h4 data-fontsize=\"15\" style=\"--fontSize: 15; line-height: 1.67; --minFontSize: 15;\" data-lineheight=\"25.05px\" class=\"fusion-responsive-typography-calculated\">Miejsca zaj\u0119\u0107:<\/h4>\n<ul>\n<li>Szko\u0142a Podstawowa nr 14, ul. Zachodnia 2, Wroc\u0142aw<\/li>\n<li>Szko\u0142a Podstawowa nr 113, ul. Zemska 16, Wroc\u0142aw<\/li>\n<li>Zesp\u00f3\u0142 Szk\u00f3\u0142 Miejskich nr 5 w Ja\u015ble ul. Sobniowska 58, 38-200 Jas\u0142o<\/li>\n<\/ul>\n<p><b style=\"color: rgb(0, 0, 0);\">Dokumenty do pobrania:<\/b><\/p>\n<ul>\n<li><a href=\"https:\/\/prototo.pl\/wp-content\/uploads\/2010\/08\/formularz-zgloszeniowy.doc\"><b>Formularz zg\u0142oszeniowy<\/b><\/a> \u2013 formularz dla zainteresowanych kursami uzupe\u0142niaj\u0105cymi, studiami podyplomowymi oraz warsztatami i kursami dla nauczycieli.<\/li>\n<li><a href=\"https:\/\/prototo.pl\/wp-content\/uploads\/2010\/12\/formularz-zgloszeniowy-zegl-motorowod.doc\"><b>Formularz zg\u0142oszeniowy<\/b><\/a> \u2013 formularz dla zainteresowanych kursami \u017ceglarskich oraz kursami dla instruktor\u00f3w sport\u00f3w motorowodnych dost\u0119pnych w ofercie naszej plac\u00f3wki.<\/li>\n<li><a href=\"https:\/\/prototo.pl\/wp-content\/uploads\/2013\/04\/Oswiadczenie-o-przetwarzaniu-danych-osobowych.doc\"><b>O\u015bwiadczenie o przetwarzaniu danych osobowych<\/b><\/a>.<\/li>\n<li><b><a href=\"https:\/\/prototo.pl\/wp-content\/uploads\/2013\/04\/Oswiadczenie-o-samodzielnosci-prac-kontrolnych.doc\">O\u015bwiadczenie o samodzielno\u015bci prac kontrolnych<\/a>.<\/b><\/li>\n<\/ul>\n<p>[\/fusion_text][fusion_builder_row_inner][fusion_builder_column_inner type=&#8221;1_1&#8243; type=&#8221;1_1&#8243; align_self=&#8221;auto&#8221; content_layout=&#8221;column&#8221; align_content=&#8221;flex-start&#8221; content_wrap=&#8221;wrap&#8221; spacing=&#8221;&#8221; center_content=&#8221;no&#8221; link=&#8221;&#8221; target=&#8221;_self&#8221; min_height=&#8221;&#8221; hide_on_mobile=&#8221;small-visibility,medium-visibility,large-visibility&#8221; sticky_display=&#8221;normal,sticky&#8221; class=&#8221;&#8221; id=&#8221;&#8221; order_medium=&#8221;0&#8243; order_small=&#8221;0&#8243; hover_type=&#8221;none&#8221; border_color=&#8221;&#8221; border_style=&#8221;solid&#8221; box_shadow=&#8221;no&#8221; box_shadow_blur=&#8221;0&#8243; box_shadow_spread=&#8221;0&#8243; box_shadow_color=&#8221;&#8221; box_shadow_style=&#8221;&#8221; background_type=&#8221;single&#8221; gradient_start_position=&#8221;0&#8243; gradient_end_position=&#8221;100&#8243; gradient_type=&#8221;linear&#8221; radial_direction=&#8221;center center&#8221; linear_angle=&#8221;180&#8243; background_color=&#8221;&#8221; background_image=&#8221;&#8221; background_image_id=&#8221;&#8221; background_position=&#8221;left top&#8221; background_repeat=&#8221;no-repeat&#8221; background_blend_mode=&#8221;none&#8221; animation_type=&#8221;&#8221; animation_direction=&#8221;left&#8221; animation_speed=&#8221;0.3&#8243; animation_offset=&#8221;&#8221; filter_type=&#8221;regular&#8221; filter_hue=&#8221;0&#8243; filter_saturation=&#8221;100&#8243; filter_brightness=&#8221;100&#8243; filter_contrast=&#8221;100&#8243; filter_invert=&#8221;0&#8243; filter_sepia=&#8221;0&#8243; filter_opacity=&#8221;100&#8243; filter_blur=&#8221;0&#8243; filter_hue_hover=&#8221;0&#8243; filter_saturation_hover=&#8221;100&#8243; filter_brightness_hover=&#8221;100&#8243; filter_contrast_hover=&#8221;100&#8243; filter_invert_hover=&#8221;0&#8243; filter_sepia_hover=&#8221;0&#8243; filter_opacity_hover=&#8221;100&#8243; filter_blur_hover=&#8221;0&#8243; first=&#8221;true&#8221; last=&#8221;true&#8221; border_position=&#8221;all&#8221; element_content=&#8221;&#8221;][\/fusion_builder_column_inner][\/fusion_builder_row_inner][\/fusion_builder_column][\/fusion_builder_row][\/fusion_builder_container]<\/p>\n","protected":false},"excerpt":{"rendered":"<p>[fusion_builder_container hundred_percent=&#8221;no&#8221; equal_height_columns=&#8221;no&#8221; hide_on_mobile=&#8221;small-visibility,medium-visibility,large-visibility&#8221; background_position=&#8221;center center&#8221; background_repeat=&#8221;no-repeat&#8221; fade=&#8221;no&#8221; background_parallax=&#8221;none&#8221; parallax_speed=&#8221;0.3&#8243; video_aspect_ratio=&#8221;16:9&#8243; video_loop=&#8221;yes&#8221; video_mute=&#8221;yes&#8221; border_style=&#8221;solid&#8221; type=&#8221;legacy&#8221;][fusion_builder_row][fusion_builder_column type=&#8221;1_1&#8243; type=&#8221;1_1&#8243; layout=&#8221;1_1&#8243; background_position=&#8221;left top&#8221; background_color=&#8221;&#8221; border_color=&#8221;&#8221; border_style=&#8221;solid&#8221; border_position=&#8221;all&#8221; spacing=&#8221;yes&#8221; background_image=&#8221;&#8221; background_repeat=&#8221;no-repeat&#8221; padding_top=&#8221;&#8221; padding_right=&#8221;&#8221; padding_bottom=&#8221;&#8221; padding_left=&#8221;&#8221; margin_top=&#8221;0px&#8221; margin_bottom=&#8221;0px&#8221; class=&#8221;&#8221; id=&#8221;&#8221; animation_type=&#8221;&#8221; animation_speed=&#8221;0.3&#8243; animation_direction=&#8221;left&#8221; hide_on_mobile=&#8221;small-visibility,medium-visibility,large-visibility&#8221; center_content=&#8221;no&#8221; last=&#8221;true&#8221; min_height=&#8221;&#8221; hover_type=&#8221;none&#8221; link=&#8221;&#8221; border_sizes_top=&#8221;&#8221; border_sizes_bottom=&#8221;&#8221; border_sizes_left=&#8221;&#8221; border_sizes_right=&#8221;&#8221; first=&#8221;true&#8221;][fusion_title title_type=&#8221;text&#8221; rotation_effect=&#8221;bounceIn&#8221; display_time=&#8221;1200&#8243; highlight_effect=&#8221;circle&#8221; loop_animation=&#8221;off&#8221; highlight_width=&#8221;9&#8243; [&hellip;]<\/p>\n","protected":false},"author":24,"featured_media":0,"parent":0,"menu_order":8,"comment_status":"closed","ping_status":"closed","template":"","meta":{"footnotes":""},"class_list":["post-13","page","type-page","status-publish","hentry"],"aioseo_notices":[],"_links":{"self":[{"href":"https:\/\/prototo.pl\/index.php?rest_route=\/wp\/v2\/pages\/13","targetHints":{"allow":["GET"]}}],"collection":[{"href":"https:\/\/prototo.pl\/index.php?rest_route=\/wp\/v2\/pages"}],"about":[{"href":"https:\/\/prototo.pl\/index.php?rest_route=\/wp\/v2\/types\/page"}],"author":[{"embeddable":true,"href":"https:\/\/prototo.pl\/index.php?rest_route=\/wp\/v2\/users\/24"}],"replies":[{"embeddable":true,"href":"https:\/\/prototo.pl\/index.php?rest_route=%2Fwp%2Fv2%2Fcomments&post=13"}],"version-history":[{"count":7,"href":"https:\/\/prototo.pl\/index.php?rest_route=\/wp\/v2\/pages\/13\/revisions"}],"predecessor-version":[{"id":12762,"href":"https:\/\/prototo.pl\/index.php?rest_route=\/wp\/v2\/pages\/13\/revisions\/12762"}],"wp:attachment":[{"href":"https:\/\/prototo.pl\/index.php?rest_route=%2Fwp%2Fv2%2Fmedia&parent=13"}],"curies":[{"name":"wp","href":"https:\/\/api.w.org\/{rel}","templated":true}]}}