{"id":12161,"date":"2019-04-19T12:26:10","date_gmt":"2019-04-19T10:26:10","guid":{"rendered":"https:\/\/prototo.pl.libenter.one\/?page_id=12161"},"modified":"2019-04-19T12:39:23","modified_gmt":"2019-04-19T10:39:23","slug":"zyczenia-wielkanocne","status":"publish","type":"page","link":"https:\/\/prototo.pl\/?page_id=12161","title":{"rendered":"\u017byczenia wielkanocne"},"content":{"rendered":"\n<p> Z okazji \u015awi\u0105t Wielkiej nocy, \u017cyczymy wszelkich \u0142ask i b\u0142ogos\u0142awie\u0144stwa Bo\u017cego \u017cyczy zesp\u00f3\u0142 prototo.pl<br><\/p>\n","protected":false},"excerpt":{"rendered":"<p>Z okazji \u015awi\u0105t Wielkiej nocy, \u017cyczymy wszelkich \u0142ask i b\u0142ogos\u0142awie\u0144stwa Bo\u017cego \u017cyczy zesp\u00f3\u0142 prototo.pl<\/p>\n","protected":false},"author":24,"featured_media":12168,"parent":0,"menu_order":0,"comment_status":"closed","ping_status":"closed","template":"","meta":{"footnotes":""},"class_list":["post-12161","page","type-page","status-publish","has-post-thumbnail","hentry"],"aioseo_notices":[],"_links":{"self":[{"href":"https:\/\/prototo.pl\/index.php?rest_route=\/wp\/v2\/pages\/12161","targetHints":{"allow":["GET"]}}],"collection":[{"href":"https:\/\/prototo.pl\/index.php?rest_route=\/wp\/v2\/pages"}],"about":[{"href":"https:\/\/prototo.pl\/index.php?rest_route=\/wp\/v2\/types\/page"}],"author":[{"embeddable":true,"href":"https:\/\/prototo.pl\/index.php?rest_route=\/wp\/v2\/users\/24"}],"replies":[{"embeddable":true,"href":"https:\/\/prototo.pl\/index.php?rest_route=%2Fwp%2Fv2%2Fcomments&post=12161"}],"version-history":[{"count":3,"href":"https:\/\/prototo.pl\/index.php?rest_route=\/wp\/v2\/pages\/12161\/revisions"}],"predecessor-version":[{"id":12167,"href":"https:\/\/prototo.pl\/index.php?rest_route=\/wp\/v2\/pages\/12161\/revisions\/12167"}],"wp:featuredmedia":[{"embeddable":true,"href":"https:\/\/prototo.pl\/index.php?rest_route=\/wp\/v2\/media\/12168"}],"wp:attachment":[{"href":"https:\/\/prototo.pl\/index.php?rest_route=%2Fwp%2Fv2%2Fmedia&parent=12161"}],"curies":[{"name":"wp","href":"https:\/\/api.w.org\/{rel}","templated":true}]}}