{"id":12068,"date":"2018-12-20T13:14:59","date_gmt":"2018-12-20T12:14:59","guid":{"rendered":"https:\/\/prototo.pl.libenter.one\/?page_id=12068"},"modified":"2019-12-31T13:08:01","modified_gmt":"2019-12-31T12:08:01","slug":"zyczenia-swiateczne-i-noworoczne-2018","status":"publish","type":"page","link":"https:\/\/prototo.pl\/?page_id=12068","title":{"rendered":"\u017byczenia \u015bwi\u0105teczne"},"content":{"rendered":"<p>Drodzy klienci! Chcieliby\u015bmy Wam \u017cyczy\u0107 spe\u0142nienia zawodowych i prywatnych marze\u0144 w nadchodz\u0105cym roku 2019, tak\u017ce wiele odpoczynku, rado\u015bci i mi\u0142o\u015bci w czasie \u015awi\u0105t Bo\u017cego Narodzenia.<\/p>\n<p>Prototo.pl team<\/p>\n","protected":false},"excerpt":{"rendered":"<p>Drodzy klienci! Chcieliby\u015bmy Wam \u017cyczy\u0107 spe\u0142nienia zawodowych i prywatnych marze\u0144 w nadchodz\u0105cym roku 2019, tak\u017ce wiele odpoczynku, rado\u015bci i mi\u0142o\u015bci w czasie \u015awi\u0105t Bo\u017cego Narodzenia. Prototo.pl team<\/p>\n","protected":false},"author":24,"featured_media":12074,"parent":0,"menu_order":0,"comment_status":"closed","ping_status":"closed","template":"","meta":{"footnotes":""},"class_list":["post-12068","page","type-page","status-publish","has-post-thumbnail","hentry"],"aioseo_notices":[],"_links":{"self":[{"href":"https:\/\/prototo.pl\/index.php?rest_route=\/wp\/v2\/pages\/12068","targetHints":{"allow":["GET"]}}],"collection":[{"href":"https:\/\/prototo.pl\/index.php?rest_route=\/wp\/v2\/pages"}],"about":[{"href":"https:\/\/prototo.pl\/index.php?rest_route=\/wp\/v2\/types\/page"}],"author":[{"embeddable":true,"href":"https:\/\/prototo.pl\/index.php?rest_route=\/wp\/v2\/users\/24"}],"replies":[{"embeddable":true,"href":"https:\/\/prototo.pl\/index.php?rest_route=%2Fwp%2Fv2%2Fcomments&post=12068"}],"version-history":[{"count":3,"href":"https:\/\/prototo.pl\/index.php?rest_route=\/wp\/v2\/pages\/12068\/revisions"}],"predecessor-version":[{"id":12075,"href":"https:\/\/prototo.pl\/index.php?rest_route=\/wp\/v2\/pages\/12068\/revisions\/12075"}],"wp:featuredmedia":[{"embeddable":true,"href":"https:\/\/prototo.pl\/index.php?rest_route=\/wp\/v2\/media\/12074"}],"wp:attachment":[{"href":"https:\/\/prototo.pl\/index.php?rest_route=%2Fwp%2Fv2%2Fmedia&parent=12068"}],"curies":[{"name":"wp","href":"https:\/\/api.w.org\/{rel}","templated":true}]}}