{"id":11737,"date":"2017-02-04T22:33:44","date_gmt":"2017-02-04T21:33:44","guid":{"rendered":"https:\/\/prototo.pl.libenter.one\/?page_id=11737"},"modified":"2020-03-12T18:00:34","modified_gmt":"2020-03-12T17:00:34","slug":"materialy-studia-podyplomowe-technika","status":"publish","type":"page","link":"https:\/\/prototo.pl\/?page_id=11737","title":{"rendered":"Materia\u0142y &#8211; studia podyplomowe &#8211; Technika"},"content":{"rendered":"<p>[fusion_builder_container hundred_percent=&#8221;no&#8221; equal_height_columns=&#8221;no&#8221; menu_anchor=&#8221;&#8221; hide_on_mobile=&#8221;small-visibility,medium-visibility,large-visibility&#8221; class=&#8221;&#8221; id=&#8221;&#8221; background_color=&#8221;&#8221; background_image=&#8221;&#8221; background_position=&#8221;center center&#8221; background_repeat=&#8221;no-repeat&#8221; fade=&#8221;no&#8221; background_parallax=&#8221;none&#8221; parallax_speed=&#8221;0.3&#8243; video_mp4=&#8221;&#8221; video_webm=&#8221;&#8221; video_ogv=&#8221;&#8221; video_url=&#8221;&#8221; video_aspect_ratio=&#8221;16:9&#8243; video_loop=&#8221;yes&#8221; video_mute=&#8221;yes&#8221; overlay_color=&#8221;&#8221; video_preview_image=&#8221;&#8221; border_size=&#8221;&#8221; border_color=&#8221;&#8221; border_style=&#8221;solid&#8221; padding_top=&#8221;&#8221; padding_bottom=&#8221;&#8221; padding_left=&#8221;&#8221; padding_right=&#8221;&#8221;][fusion_builder_row][fusion_builder_column type=&#8221;1_1&#8243; layout=&#8221;1_1&#8243; background_position=&#8221;left top&#8221; background_color=&#8221;&#8221; border_size=&#8221;&#8221; border_color=&#8221;&#8221; border_style=&#8221;solid&#8221; border_position=&#8221;all&#8221; spacing=&#8221;yes&#8221; background_image=&#8221;&#8221; background_repeat=&#8221;no-repeat&#8221; padding_top=&#8221;&#8221; padding_right=&#8221;&#8221; padding_bottom=&#8221;&#8221; padding_left=&#8221;&#8221; margin_top=&#8221;0px&#8221; margin_bottom=&#8221;0px&#8221; class=&#8221;&#8221; id=&#8221;&#8221; animation_type=&#8221;&#8221; animation_speed=&#8221;0.3&#8243; animation_direction=&#8221;left&#8221; hide_on_mobile=&#8221;small-visibility,medium-visibility,large-visibility&#8221; center_content=&#8221;no&#8221; last=&#8221;no&#8221; min_height=&#8221;&#8221; hover_type=&#8221;none&#8221; link=&#8221;&#8221;][fusion_text columns=&#8221;&#8221; column_min_width=&#8221;&#8221; column_spacing=&#8221;&#8221; rule_style=&#8221;default&#8221; rule_size=&#8221;&#8221; rule_color=&#8221;&#8221; hide_on_mobile=&#8221;small-visibility,medium-visibility,large-visibility&#8221; class=&#8221;&#8221; id=&#8221;&#8221; animation_type=&#8221;&#8221; animation_direction=&#8221;left&#8221; animation_speed=&#8221;0.3&#8243; animation_offset=&#8221;&#8221;]<\/p>\n<p>Szanowni Pa\u0144stwo<\/p>\n<p>Witamy na stronie przeznaczonej dla uczestnik\u00f3w studi\u00f3w podyplomowych z kierunku technika. Z tej strony do ko\u0144ca kursu mo\u017cna pobiera\u0107 materia\u0142y realizowane podczas zaj\u0119\u0107. Ponadto znajdziecie tu Pa\u0144stwo dokumenty przekazywane uczestnikom kursu.<\/p>\n<p><span style=\"color: #ff9900;\"><strong><em>Uwaga! Wszystkie materia\u0142y tworzone i przekazywane przez Wyk\u0142adowc\u00f3w PROTOTO s\u0105 chronione prawem autorskim i przeznaczone wy\u0142\u0105cznie do u\u017cytku prywatnego.<\/em><\/strong><\/span><\/p>\n<h3>Dokumenty do zaj\u0119\u0107:<\/h3>\n<p><a href=\"prototo.pl\/wp-content\/uploads\/2014\/12\/GM_Technika_1_PW.pdf\">Plan wynikowy na podstawie podr\u0119cznika &#8211; Technika 1<br \/>\n<\/a><a href=\"prototo.pl\/wp-content\/uploads\/2014\/12\/GM_Technika_2_PW.pdf\">Plan wynikowy na podstawie podr\u0119cznika &#8211; Technika 2<br \/>\n<\/a><a href=\"prototo.pl\/wp-content\/uploads\/2014\/12\/PLAN+WYNIKOWY+ZAJ\u0118CIA+TECHNICZNE.doc\">Plan wynikowy zaj\u0119cia techniczne &#8211; Gimnazjum<br \/>\n<\/a><a href=\"prototo.pl\/wp-content\/uploads\/2014\/12\/podst.prog_.2008.pdf\">Podstawa programowa &#8211; 23 grudnia 2008<br \/>\n<\/a><a href=\"prototo.pl\/wp-content\/uploads\/2014\/12\/Podstawa-programowa-NUMERY-DOPUSZCZE\u0143.doc\">Podstawa programowa &#8211; numery dopuszcze\u0144<br \/>\n<\/a><a href=\"prototo.pl\/wp-content\/uploads\/2017\/02\/PRACA-DYPLOMOWA-TECHNIKA.doc\">Praca dyplomowa &#8211; technika<br \/>\n<\/a><a href=\"prototo.pl\/wp-content\/uploads\/2014\/12\/STARY-PR.TechnikaHprogram.pdf\">Stary program nauczania &#8211; klasy IV-VI &#8211; Operon<br \/>\n<\/a><a href=\"prototo.pl\/wp-content\/uploads\/2014\/12\/ukl.-szer.i-rownol.doc\">Uk\u0142ad r\u00f3wnoleg\u0142y czy szeregow<br \/>\n<\/a><a href=\"prototo.pl\/wp-content\/uploads\/2014\/12\/xxx-qq-27_Zaj\u0119cia_techniczne_plan_roczny.doc\">Roczny plan dydaktyczny &#8211; klasa IV<br \/>\n<\/a><a href=\"prototo.pl\/wp-content\/uploads\/2014\/12\/xxx-qq-253_Zaj\u0119cia_techniczne_plan+wynikowy.doc\">Roczny plan wynikowy &#8211; klasa IV<br \/>\n<\/a><a href=\"prototo.pl\/wp-content\/uploads\/2014\/12\/YSP_Zaj\u0119cia_techniczne_plan_roczny_odkrywamy_na_nowo.doc\">Zaj\u0119cia techniczne &#8211; plan roczny<br \/>\n<\/a><a href=\"prototo.pl\/wp-content\/uploads\/2014\/12\/YSP_Zaj\u0119cia_techniczne_plan_wynikowy_odkrywamy_na_nowo.doc\">Zaj\u0119cia techniczne &#8211; plan wynikowy<br \/>\n<\/a><a href=\"prototo.pl\/wp-content\/uploads\/2014\/12\/zajecia+techniczne_program_GM.doc\">Program nauczania &#8211; zaj\u0119cia techniczne w gimnzjum<br \/>\n<\/a><a href=\"prototo.pl\/wp-content\/uploads\/2017\/02\/Cel-pracy.docx\">Cel pracy<\/a><\/p>\n<h3>Materia\u0142y dydaktyczne:<\/h3>\n<p><a href=\"prototo.pl\/wp-content\/uploads\/2017\/02\/1-Rodzaje-materia\u0142\u00f3w-w\u0142\u00f3kienniczych.docx\">1. Rodzaje materia\u0142\u00f3w w\u0142\u00f3kienniczych. Pochodzenie i zastosowanie w\u0142\u00f3kien<br \/>\n<\/a><a href=\"prototo.pl\/wp-content\/uploads\/2017\/02\/2-Materia\u0142y-budowlane-przeznaczone-do-budowy-domu.docx\">2. Materia\u0142y budowlane przeznaczone do budowy domu<br \/>\n<\/a><a href=\"prototo.pl\/wp-content\/uploads\/2017\/02\/3-Tworzywa-sztuczne.docx\">3. Tworzywa sztuczne<br \/>\n<\/a><a href=\"prototo.pl\/wp-content\/uploads\/2017\/02\/4-Obs\u0142uga-i-konserwacja-lutownicy.docx\">4. Obs\u0142uga i konserwacja lutownicy<br \/>\n<\/a><a href=\"prototo.pl\/wp-content\/uploads\/2017\/02\/5-Rola-i-rodzaje-kondensator\u00f3w.docx\">5. Rola i rodzaje kondensator\u00f3w<br \/>\n<\/a><a href=\"prototo.pl\/wp-content\/uploads\/2017\/02\/6-Telefon-kom\u00f3rkowy.docx\">6. Telefon kom\u00f3rkowy<br \/>\n<\/a><a href=\"prototo.pl\/wp-content\/uploads\/2017\/02\/7-Bezpieczne-u\u017cytkowanie-urz\u0105dze\u0144-gospodarstwa-domowego.docx\">7. Bezpieczne u\u017cytkowanie urz\u0105dze\u0144 gospodarstwa domowego<br \/>\n<\/a><a href=\"prototo.pl\/wp-content\/uploads\/2017\/02\/8-Obs\u0142uga-i-konserwacja-wiertarki.docx\">8. Obs\u0142uga i konserwacja wiertarki<br \/>\n<\/a><a href=\"prototo.pl\/wp-content\/uploads\/2017\/02\/9-Urz\u0105dzenia-audiowizualne-i-ich-rola-w-codziennym-\u017cyciu.docx\">9. Urz\u0105dzenia audiowizualne i ich rola w codziennym \u017cyciu<br \/>\n<\/a><a href=\"prototo.pl\/wp-content\/uploads\/2017\/02\/10-Komputer-jako-urz\u0105dzenie-steruj\u0105ce-w-automatyce-pezemys\u0142owej.docx\">10. Komputer jako urz\u0105dzenie steruj\u0105ce w automatyce przemys\u0142owej<br \/>\n<\/a><a href=\"prototo.pl\/wp-content\/uploads\/2017\/02\/11-Elementy-nap\u0119dowe-i-wykonawcze-w-robotyce.docx\">11. Elementy nap\u0119dowe i wykonawcze w robotyce<br \/>\n<\/a><a href=\"prototo.pl\/wp-content\/uploads\/2017\/02\/12-Silniki-elektryczne-i-ich-zastosowanie-w-robotyce.docx\">12. Silniki elektryczne i ich zastosowanie w robotyce<\/a><\/p>\n<p>[\/fusion_text][\/fusion_builder_column][\/fusion_builder_row][\/fusion_builder_container]<\/p>\n","protected":false},"excerpt":{"rendered":"<p>[fusion_builder_container hundred_percent=&#8221;no&#8221; equal_height_columns=&#8221;no&#8221; menu_anchor=&#8221;&#8221; hide_on_mobile=&#8221;small-visibility,medium-visibility,large-visibility&#8221; class=&#8221;&#8221; id=&#8221;&#8221; background_color=&#8221;&#8221; background_image=&#8221;&#8221; background_position=&#8221;center center&#8221; background_repeat=&#8221;no-repeat&#8221; fade=&#8221;no&#8221; background_parallax=&#8221;none&#8221; parallax_speed=&#8221;0.3&#8243; video_mp4=&#8221;&#8221; video_webm=&#8221;&#8221; video_ogv=&#8221;&#8221; video_url=&#8221;&#8221; video_aspect_ratio=&#8221;16:9&#8243; video_loop=&#8221;yes&#8221; video_mute=&#8221;yes&#8221; overlay_color=&#8221;&#8221; video_preview_image=&#8221;&#8221; border_size=&#8221;&#8221; border_color=&#8221;&#8221; border_style=&#8221;solid&#8221; padding_top=&#8221;&#8221; padding_bottom=&#8221;&#8221; padding_left=&#8221;&#8221; padding_right=&#8221;&#8221;][fusion_builder_row][fusion_builder_column type=&#8221;1_1&#8243; layout=&#8221;1_1&#8243; background_position=&#8221;left top&#8221; background_color=&#8221;&#8221; border_size=&#8221;&#8221; border_color=&#8221;&#8221; border_style=&#8221;solid&#8221; border_position=&#8221;all&#8221; spacing=&#8221;yes&#8221; background_image=&#8221;&#8221; background_repeat=&#8221;no-repeat&#8221; padding_top=&#8221;&#8221; padding_right=&#8221;&#8221; padding_bottom=&#8221;&#8221; padding_left=&#8221;&#8221; margin_top=&#8221;0px&#8221; margin_bottom=&#8221;0px&#8221; class=&#8221;&#8221; id=&#8221;&#8221; animation_type=&#8221;&#8221; animation_speed=&#8221;0.3&#8243; animation_direction=&#8221;left&#8221; hide_on_mobile=&#8221;small-visibility,medium-visibility,large-visibility&#8221; [&hellip;]<\/p>\n","protected":false},"author":24,"featured_media":0,"parent":0,"menu_order":0,"comment_status":"closed","ping_status":"closed","template":"","meta":{"footnotes":""},"class_list":["post-11737","page","type-page","status-publish","hentry"],"aioseo_notices":[],"_links":{"self":[{"href":"https:\/\/prototo.pl\/index.php?rest_route=\/wp\/v2\/pages\/11737","targetHints":{"allow":["GET"]}}],"collection":[{"href":"https:\/\/prototo.pl\/index.php?rest_route=\/wp\/v2\/pages"}],"about":[{"href":"https:\/\/prototo.pl\/index.php?rest_route=\/wp\/v2\/types\/page"}],"author":[{"embeddable":true,"href":"https:\/\/prototo.pl\/index.php?rest_route=\/wp\/v2\/users\/24"}],"replies":[{"embeddable":true,"href":"https:\/\/prototo.pl\/index.php?rest_route=%2Fwp%2Fv2%2Fcomments&post=11737"}],"version-history":[{"count":3,"href":"https:\/\/prototo.pl\/index.php?rest_route=\/wp\/v2\/pages\/11737\/revisions"}],"predecessor-version":[{"id":12475,"href":"https:\/\/prototo.pl\/index.php?rest_route=\/wp\/v2\/pages\/11737\/revisions\/12475"}],"wp:attachment":[{"href":"https:\/\/prototo.pl\/index.php?rest_route=%2Fwp%2Fv2%2Fmedia&parent=11737"}],"curies":[{"name":"wp","href":"https:\/\/api.w.org\/{rel}","templated":true}]}}