{"id":11717,"date":"2017-01-10T22:10:00","date_gmt":"2017-01-10T21:10:00","guid":{"rendered":"https:\/\/prototo.pl.libenter.one\/?page_id=11717"},"modified":"2020-09-06T19:05:15","modified_gmt":"2020-09-06T17:05:15","slug":"do-pobrania","status":"publish","type":"page","link":"https:\/\/prototo.pl\/?page_id=11717","title":{"rendered":"Do pobrania"},"content":{"rendered":"<p>[fusion_builder_container hundred_percent=&#8221;no&#8221; equal_height_columns=&#8221;no&#8221; menu_anchor=&#8221;&#8221; hide_on_mobile=&#8221;small-visibility,medium-visibility,large-visibility&#8221; class=&#8221;&#8221; id=&#8221;&#8221; background_color=&#8221;&#8221; background_image=&#8221;&#8221; background_position=&#8221;center center&#8221; background_repeat=&#8221;no-repeat&#8221; fade=&#8221;no&#8221; background_parallax=&#8221;none&#8221; parallax_speed=&#8221;0.3&#8243; video_mp4=&#8221;&#8221; video_webm=&#8221;&#8221; video_ogv=&#8221;&#8221; video_url=&#8221;&#8221; video_aspect_ratio=&#8221;16:9&#8243; video_loop=&#8221;yes&#8221; video_mute=&#8221;yes&#8221; overlay_color=&#8221;&#8221; video_preview_image=&#8221;&#8221; border_color=&#8221;&#8221; border_style=&#8221;solid&#8221; padding_top=&#8221;&#8221; padding_bottom=&#8221;&#8221; padding_left=&#8221;&#8221; padding_right=&#8221;&#8221; type=&#8221;legacy&#8221;][fusion_builder_row][fusion_builder_column type=&#8221;1_1&#8243; layout=&#8221;1_1&#8243; background_position=&#8221;left top&#8221; background_color=&#8221;&#8221; border_color=&#8221;&#8221; border_style=&#8221;solid&#8221; border_position=&#8221;all&#8221; spacing=&#8221;yes&#8221; background_image=&#8221;&#8221; background_repeat=&#8221;no-repeat&#8221; padding_top=&#8221;&#8221; padding_right=&#8221;&#8221; padding_bottom=&#8221;&#8221; padding_left=&#8221;&#8221; margin_top=&#8221;0px&#8221; margin_bottom=&#8221;0px&#8221; class=&#8221;&#8221; id=&#8221;&#8221; animation_type=&#8221;&#8221; animation_speed=&#8221;0.3&#8243; animation_direction=&#8221;left&#8221; hide_on_mobile=&#8221;small-visibility,medium-visibility,large-visibility&#8221; center_content=&#8221;no&#8221; last=&#8221;true&#8221; min_height=&#8221;&#8221; hover_type=&#8221;none&#8221; link=&#8221;&#8221; border_sizes_top=&#8221;&#8221; border_sizes_bottom=&#8221;&#8221; border_sizes_left=&#8221;&#8221; border_sizes_right=&#8221;&#8221; first=&#8221;true&#8221; type=&#8221;1_1&#8243;][fusion_title title_type=&#8221;text&#8221; rotation_effect=&#8221;bounceIn&#8221; display_time=&#8221;1200&#8243; highlight_effect=&#8221;circle&#8221; loop_animation=&#8221;off&#8221; highlight_width=&#8221;9&#8243; highlight_top_margin=&#8221;0&#8243; before_text=&#8221;&#8221; rotation_text=&#8221;&#8221; highlight_text=&#8221;&#8221; after_text=&#8221;&#8221; hide_on_mobile=&#8221;small-visibility,medium-visibility,large-visibility&#8221; class=&#8221;&#8221; id=&#8221;&#8221; content_align=&#8221;left&#8221; size=&#8221;1&#8243; font_size=&#8221;&#8221; animated_font_size=&#8221;&#8221; fusion_font_family_title_font=&#8221;&#8221; fusion_font_subset_title_font=&#8221;&#8221; fusion_font_variant_title_font=&#8221;&#8221; line_height=&#8221;&#8221; letter_spacing=&#8221;&#8221; margin_top=&#8221;&#8221; margin_bottom=&#8221;&#8221; margin_top_mobile=&#8221;&#8221; margin_bottom_mobile=&#8221;&#8221; text_color=&#8221;&#8221; animated_text_color=&#8221;&#8221; highlight_color=&#8221;&#8221; style_type=&#8221;default&#8221; sep_color=&#8221;&#8221; animation_type=&#8221;&#8221; animation_direction=&#8221;left&#8221; animation_speed=&#8221;0.3&#8243; animation_offset=&#8221;&#8221; margin_top_small=&#8221;&#8221; margin_bottom_small=&#8221;&#8221;]<\/p>\n<h2 style=\"text-align: center;\"><span style=\"color: #ff9900;\">Dokumenty do pobrania<\/span><\/h2>\n<p>[\/fusion_title][fusion_text columns=&#8221;&#8221; column_min_width=&#8221;&#8221; column_spacing=&#8221;&#8221; rule_style=&#8221;default&#8221; rule_size=&#8221;&#8221; rule_color=&#8221;&#8221; content_alignment_medium=&#8221;&#8221; content_alignment_small=&#8221;&#8221; content_alignment=&#8221;&#8221; hide_on_mobile=&#8221;small-visibility,medium-visibility,large-visibility&#8221; sticky_display=&#8221;normal,sticky&#8221; class=&#8221;&#8221; id=&#8221;&#8221; font_size=&#8221;&#8221; fusion_font_family_text_font=&#8221;&#8221; fusion_font_variant_text_font=&#8221;&#8221; line_height=&#8221;&#8221; letter_spacing=&#8221;&#8221; text_color=&#8221;&#8221; animation_type=&#8221;&#8221; animation_direction=&#8221;left&#8221; animation_speed=&#8221;0.3&#8243; animation_offset=&#8221;&#8221;]<\/p>\n<div>\n<ul>\n<li><b><a href=\"https:\/\/prototo.pl\/wp-content\/uploads\/2010\/08\/formularz-zgloszeniowy.doc\" rel=\"attachment wp-att-6386\">Formularz zg\u0142oszeniowy<\/a><\/b>\u00a0\u2013 formularz dla zainteresowanych kursami uzupe\u0142niaj\u0105cymi, studiami podyplomowymi oraz warsztatami i kursami dla nauczycieli.<\/li>\n<li><strong><a href=\"https:\/\/prototo.pl\/wp-content\/uploads\/2010\/12\/formularz-zgloszeniowy-zegl-motorowod.doc\">Formularz zg\u0142oszeniowy<\/a><\/strong> \u2013 formularz dla zainteresowanych kursami \u017ceglarskich oraz kursami dla instruktor\u00f3w sport\u00f3w motorowodnych dost\u0119pnych w ofercie naszej plac\u00f3wki.<\/li>\n<li><b><a href=\"https:\/\/prototo.pl\/wp-content\/uploads\/2013\/04\/Oswiadczenie-o-przetwarzaniu-danych-osobowych.doc\">O\u015bwiadczenie o przetwarzaniu danych osobowych<\/a><\/b><\/li>\n<li><b><a href=\"https:\/\/prototo.pl\/wp-content\/uploads\/2013\/04\/Oswiadczenie-o-samodzielnosci-prac-kontrolnych.doc\">O\u015bwiadczenie o samodzielno\u015bci prac kontrolnych<\/a><\/b><\/li>\n<\/ul>\n<p>W zwi\u0105zku ze zmianami RODO nale\u017cy wys\u0142a\u0107 na naszego emaila:<\/p>\n<ul>\n<li>wype\u0142niony i zeskanowany\u00a0 formularza z w\u0142asnor\u0119cznym podpisem, .pdf, .jpg<\/li>\n<li>ten sam wype\u0142niony dokument bez podpisu ale z rozszerzeniem .doc (Word)<\/li>\n<\/ul>\n<p>Dokumenty prosimy wype\u0142ni\u0107 wielkimi literami (opr\u00f3cz adresu email) i do\u0142\u0105czy\u0107 do emaila oraz post\u0119powa\u0107, tak jak jest to opisane przy okre\u015blonej formie kszta\u0142cenia.<\/p>\n<\/div>\n<p>[\/fusion_text][\/fusion_builder_column][\/fusion_builder_row][\/fusion_builder_container]<\/p>\n","protected":false},"excerpt":{"rendered":"<p>[fusion_builder_container hundred_percent=&#8221;no&#8221; equal_height_columns=&#8221;no&#8221; menu_anchor=&#8221;&#8221; hide_on_mobile=&#8221;small-visibility,medium-visibility,large-visibility&#8221; class=&#8221;&#8221; id=&#8221;&#8221; background_color=&#8221;&#8221; background_image=&#8221;&#8221; background_position=&#8221;center center&#8221; background_repeat=&#8221;no-repeat&#8221; fade=&#8221;no&#8221; background_parallax=&#8221;none&#8221; parallax_speed=&#8221;0.3&#8243; video_mp4=&#8221;&#8221; video_webm=&#8221;&#8221; video_ogv=&#8221;&#8221; video_url=&#8221;&#8221; video_aspect_ratio=&#8221;16:9&#8243; video_loop=&#8221;yes&#8221; video_mute=&#8221;yes&#8221; overlay_color=&#8221;&#8221; video_preview_image=&#8221;&#8221; border_color=&#8221;&#8221; border_style=&#8221;solid&#8221; padding_top=&#8221;&#8221; padding_bottom=&#8221;&#8221; padding_left=&#8221;&#8221; padding_right=&#8221;&#8221; type=&#8221;legacy&#8221;][fusion_builder_row][fusion_builder_column type=&#8221;1_1&#8243; layout=&#8221;1_1&#8243; background_position=&#8221;left top&#8221; background_color=&#8221;&#8221; border_color=&#8221;&#8221; border_style=&#8221;solid&#8221; border_position=&#8221;all&#8221; spacing=&#8221;yes&#8221; background_image=&#8221;&#8221; background_repeat=&#8221;no-repeat&#8221; padding_top=&#8221;&#8221; padding_right=&#8221;&#8221; padding_bottom=&#8221;&#8221; padding_left=&#8221;&#8221; margin_top=&#8221;0px&#8221; margin_bottom=&#8221;0px&#8221; class=&#8221;&#8221; id=&#8221;&#8221; animation_type=&#8221;&#8221; animation_speed=&#8221;0.3&#8243; animation_direction=&#8221;left&#8221; hide_on_mobile=&#8221;small-visibility,medium-visibility,large-visibility&#8221; center_content=&#8221;no&#8221; [&hellip;]<\/p>\n","protected":false},"author":24,"featured_media":0,"parent":0,"menu_order":0,"comment_status":"closed","ping_status":"closed","template":"","meta":{"footnotes":""},"class_list":["post-11717","page","type-page","status-publish","hentry"],"aioseo_notices":[],"_links":{"self":[{"href":"https:\/\/prototo.pl\/index.php?rest_route=\/wp\/v2\/pages\/11717","targetHints":{"allow":["GET"]}}],"collection":[{"href":"https:\/\/prototo.pl\/index.php?rest_route=\/wp\/v2\/pages"}],"about":[{"href":"https:\/\/prototo.pl\/index.php?rest_route=\/wp\/v2\/types\/page"}],"author":[{"embeddable":true,"href":"https:\/\/prototo.pl\/index.php?rest_route=\/wp\/v2\/users\/24"}],"replies":[{"embeddable":true,"href":"https:\/\/prototo.pl\/index.php?rest_route=%2Fwp%2Fv2%2Fcomments&post=11717"}],"version-history":[{"count":4,"href":"https:\/\/prototo.pl\/index.php?rest_route=\/wp\/v2\/pages\/11717\/revisions"}],"predecessor-version":[{"id":12543,"href":"https:\/\/prototo.pl\/index.php?rest_route=\/wp\/v2\/pages\/11717\/revisions\/12543"}],"wp:attachment":[{"href":"https:\/\/prototo.pl\/index.php?rest_route=%2Fwp%2Fv2%2Fmedia&parent=11717"}],"curies":[{"name":"wp","href":"https:\/\/api.w.org\/{rel}","templated":true}]}}